{"id":40006,"date":"2026-02-14T06:48:46","date_gmt":"2026-02-14T06:48:46","guid":{"rendered":"https:\/\/chilimag.hu\/webshop\/?post_type=product&#038;p=40006"},"modified":"2026-02-14T06:48:46","modified_gmt":"2026-02-14T06:48:46","slug":"paprika-caloro-culinary-pepper-bz-h","status":"publish","type":"product","link":"https:\/\/chilimag.hu\/webshop\/termek\/paprika-caloro-culinary-pepper-bz-h\/","title":{"rendered":"Paprika Caloro Culinary Pepper Bz H"},"content":{"rendered":"","protected":false},"excerpt":{"rendered":"<p><img decoding=\"async\" class=\"attachment-medium \" src=\"https:\/\/purchasingpowerplus.com\/wp-content\/uploads\/2021\/05\/Buzzy-Logo-300x239.jpg\" sizes=\"(max-width: 300px) 100vw, 300px\" srcset=\"https:\/\/purchasingpowerplus.com\/wp-content\/uploads\/2021\/05\/Buzzy-Logo-300x239.jpg 300w, https:\/\/purchasingpowerplus.com\/wp-content\/uploads\/2021\/05\/Buzzy-Logo-768x612.jpg 768w, https:\/\/purchasingpowerplus.com\/wp-content\/uploads\/2021\/05\/Buzzy-Logo-1024x816.jpg 1024w, https:\/\/purchasingpowerplus.com\/wp-content\/uploads\/2021\/05\/Buzzy-Logo.jpg 1500w\" alt=\"\" width=\"151\" height=\"120\" \/><\/p>\n<p>Term\u00e9kle\u00edr\u00e1s<\/p>\n<p>Botanikai n\u00e9v: <span id=\"column_2_uc_product_details_ctl04_lbl_ff_desc2\" class=\"value\">Capsicum annuum<\/span><\/p>\n<p><span id=\"column_2_uc_product_details_ctl04_lbl_ff_desc2\" class=\"value\">Paprika &#8211; Caloro<br \/>\nA Caloro egy kellemes, sz\u00ednes paprika meleg megjelen\u00e9ssel. A vastag, h\u00fasos, jalape\u00f1o-szer\u0171 gy\u00fcm\u00f6lcs\u00f6k z\u00f6ldb\u0151l \u00e9l\u00e9nk s\u00e1rg\u00e1ra, majd narancss\u00e1rg\u00e1ra v\u00e1ltoznak. Az \u00edze enyhe \u00e9s gy\u00fcm\u00f6lcs\u00f6s, enyhe cs\u00edp\u0151ss\u00e9ggel. T\u00f6k\u00e9letes t\u00f6ltel\u00e9knek, grillez\u00e9snek vagy savany\u00edt\u00e1snak \u00e9des \u00e9s pik\u00e1ns nassolnival\u00f3k\u00e9nt. Kompakt, er\u0151s n\u00f6v\u00e9nyek, amelyek kor\u00e1n \u00e9s b\u0151s\u00e9gesen teremnek. Ide\u00e1lisak szabadf\u00f6ldre vagy cserepekbe napos erk\u00e9lyekre \u00e9s teraszokra.<\/span><\/p>\n<p>A csomag 10 szem vet\u0151magot tartalmaz<\/p>\n","protected":false},"featured_media":40007,"comment_status":"closed","ping_status":"closed","template":"","meta":[],"product_brand":[],"product_cat":[439],"product_tag":[],"class_list":{"0":"post-40006","1":"product","2":"type-product","3":"status-publish","4":"has-post-thumbnail","6":"product_cat-buzzy","8":"first","9":"instock","10":"taxable","11":"shipping-taxable","12":"purchasable","13":"product-type-simple"},"_links":{"self":[{"href":"https:\/\/chilimag.hu\/webshop\/wp-json\/wp\/v2\/product\/40006","targetHints":{"allow":["GET"]}}],"collection":[{"href":"https:\/\/chilimag.hu\/webshop\/wp-json\/wp\/v2\/product"}],"about":[{"href":"https:\/\/chilimag.hu\/webshop\/wp-json\/wp\/v2\/types\/product"}],"replies":[{"embeddable":true,"href":"https:\/\/chilimag.hu\/webshop\/wp-json\/wp\/v2\/comments?post=40006"}],"wp:featuredmedia":[{"embeddable":true,"href":"https:\/\/chilimag.hu\/webshop\/wp-json\/wp\/v2\/media\/40007"}],"wp:attachment":[{"href":"https:\/\/chilimag.hu\/webshop\/wp-json\/wp\/v2\/media?parent=40006"}],"wp:term":[{"taxonomy":"product_brand","embeddable":true,"href":"https:\/\/chilimag.hu\/webshop\/wp-json\/wp\/v2\/product_brand?post=40006"},{"taxonomy":"product_cat","embeddable":true,"href":"https:\/\/chilimag.hu\/webshop\/wp-json\/wp\/v2\/product_cat?post=40006"},{"taxonomy":"product_tag","embeddable":true,"href":"https:\/\/chilimag.hu\/webshop\/wp-json\/wp\/v2\/product_tag?post=40006"}],"curies":[{"name":"wp","href":"https:\/\/api.w.org\/{rel}","templated":true}]}}