{"id":40000,"date":"2026-02-14T06:39:31","date_gmt":"2026-02-14T06:39:31","guid":{"rendered":"https:\/\/chilimag.hu\/webshop\/?post_type=product&#038;p=40000"},"modified":"2026-02-14T06:39:31","modified_gmt":"2026-02-14T06:39:31","slug":"paprika-madame-jeanette-culinary-pepper-bz-h","status":"publish","type":"product","link":"https:\/\/chilimag.hu\/webshop\/termek\/paprika-madame-jeanette-culinary-pepper-bz-h\/","title":{"rendered":"Paprika Madame Jeanette Culinary Pepper Bz H"},"content":{"rendered":"","protected":false},"excerpt":{"rendered":"<p><img decoding=\"async\" class=\"attachment-medium \" src=\"https:\/\/purchasingpowerplus.com\/wp-content\/uploads\/2021\/05\/Buzzy-Logo-300x239.jpg\" sizes=\"(max-width: 300px) 100vw, 300px\" srcset=\"https:\/\/purchasingpowerplus.com\/wp-content\/uploads\/2021\/05\/Buzzy-Logo-300x239.jpg 300w, https:\/\/purchasingpowerplus.com\/wp-content\/uploads\/2021\/05\/Buzzy-Logo-768x612.jpg 768w, https:\/\/purchasingpowerplus.com\/wp-content\/uploads\/2021\/05\/Buzzy-Logo-1024x816.jpg 1024w, https:\/\/purchasingpowerplus.com\/wp-content\/uploads\/2021\/05\/Buzzy-Logo.jpg 1500w\" alt=\"\" width=\"149\" height=\"119\" \/><\/p>\n<p><strong>Term\u00e9kle\u00edr\u00e1s<\/strong><\/p>\n<p>Botanikai n\u00e9v: <span id=\"column_2_uc_product_details_ctl04_lbl_ff_desc2\" class=\"value\">Capsicum chinense<\/span><\/p>\n<p><span id=\"column_2_uc_product_details_ctl04_lbl_ff_desc2\" class=\"value\">Paprika &#8211; Madame Jeanette<br \/>\nA Madame Jeanette Suriname egyik legkedveltebb paprik\u00e1ja, amely tr\u00f3pusi arom\u00e1j\u00e1r\u00f3l, gazdag \u00edz\u00e9r\u0151l \u00e9s intenz\u00edv cs\u00edp\u0151ss\u00e9g\u00e9r\u0151l ismert. A sima, s\u00e1rga, k\u00f6rte alak\u00fa gy\u00fcm\u00f6lcs\u00f6k (4\u20136 cm) finom, f\u0171szeres illattal rendelkeznek, egy kis gy\u00fcm\u00f6lcs\u00f6s arom\u00e1val.<br \/>\nA t\u00fczet, az \u00edzt \u00e9s a hagyom\u00e1nyt \u00f6tv\u00f6z\u0151 ez a paprika a suriname-i roti, masala \u00e9s p\u00f6rk\u00f6ltek jellegzetes \u00f6sszetev\u0151je.<br \/>\nTermessze \u00fcvegh\u00e1zban vagy meleg, v\u00e9dett helyen a szabadban.<\/span><\/p>\n<p>A csomag 10 szem vet\u0151magot tartalmaz<\/p>\n<p>&nbsp;<\/p>\n","protected":false},"featured_media":40001,"comment_status":"closed","ping_status":"closed","template":"","meta":[],"product_brand":[],"product_cat":[439],"product_tag":[],"class_list":{"0":"post-40000","1":"product","2":"type-product","3":"status-publish","4":"has-post-thumbnail","6":"product_cat-buzzy","8":"first","9":"instock","10":"taxable","11":"shipping-taxable","12":"purchasable","13":"product-type-simple"},"_links":{"self":[{"href":"https:\/\/chilimag.hu\/webshop\/wp-json\/wp\/v2\/product\/40000","targetHints":{"allow":["GET"]}}],"collection":[{"href":"https:\/\/chilimag.hu\/webshop\/wp-json\/wp\/v2\/product"}],"about":[{"href":"https:\/\/chilimag.hu\/webshop\/wp-json\/wp\/v2\/types\/product"}],"replies":[{"embeddable":true,"href":"https:\/\/chilimag.hu\/webshop\/wp-json\/wp\/v2\/comments?post=40000"}],"wp:featuredmedia":[{"embeddable":true,"href":"https:\/\/chilimag.hu\/webshop\/wp-json\/wp\/v2\/media\/40001"}],"wp:attachment":[{"href":"https:\/\/chilimag.hu\/webshop\/wp-json\/wp\/v2\/media?parent=40000"}],"wp:term":[{"taxonomy":"product_brand","embeddable":true,"href":"https:\/\/chilimag.hu\/webshop\/wp-json\/wp\/v2\/product_brand?post=40000"},{"taxonomy":"product_cat","embeddable":true,"href":"https:\/\/chilimag.hu\/webshop\/wp-json\/wp\/v2\/product_cat?post=40000"},{"taxonomy":"product_tag","embeddable":true,"href":"https:\/\/chilimag.hu\/webshop\/wp-json\/wp\/v2\/product_tag?post=40000"}],"curies":[{"name":"wp","href":"https:\/\/api.w.org\/{rel}","templated":true}]}}