{"id":39997,"date":"2026-02-14T06:31:29","date_gmt":"2026-02-14T06:31:29","guid":{"rendered":"https:\/\/chilimag.hu\/webshop\/?post_type=product&#038;p=39997"},"modified":"2026-03-11T16:34:24","modified_gmt":"2026-03-11T16:34:24","slug":"paprika-hot-lemon-drop-culinary-pepper-bz-h","status":"publish","type":"product","link":"https:\/\/chilimag.hu\/webshop\/termek\/paprika-hot-lemon-drop-culinary-pepper-bz-h\/","title":{"rendered":"Paprika Hot Lemon Drop Culinary Pepper Bz H"},"content":{"rendered":"","protected":false},"excerpt":{"rendered":"<p><img decoding=\"async\" class=\"attachment-medium \" src=\"https:\/\/purchasingpowerplus.com\/wp-content\/uploads\/2021\/05\/Buzzy-Logo-300x239.jpg\" sizes=\"(max-width: 300px) 100vw, 300px\" srcset=\"https:\/\/purchasingpowerplus.com\/wp-content\/uploads\/2021\/05\/Buzzy-Logo-300x239.jpg 300w, https:\/\/purchasingpowerplus.com\/wp-content\/uploads\/2021\/05\/Buzzy-Logo-768x612.jpg 768w, https:\/\/purchasingpowerplus.com\/wp-content\/uploads\/2021\/05\/Buzzy-Logo-1024x816.jpg 1024w, https:\/\/purchasingpowerplus.com\/wp-content\/uploads\/2021\/05\/Buzzy-Logo.jpg 1500w\" alt=\"\" width=\"151\" height=\"120\" \/><\/p>\n<p><strong>Term\u00e9kle\u00edr\u00e1s<\/strong><\/p>\n<p>Botanikai n\u00e9v: <span id=\"column_2_uc_product_details_ctl04_lbl_ff_desc2\" class=\"value\">Capsicum baccatum<\/span><\/p>\n<p><span id=\"column_2_uc_product_details_ctl04_lbl_ff_desc2\" class=\"value\">Bors &#8211; Cs\u00edp\u0151s citromcsepp<br \/>\nA Cs\u00edp\u0151s citromcsepp, m\u00e1s n\u00e9ven Aji Limo, egy \u00e9l\u00e9nk s\u00e1rga perui chili friss citrusos \u00edzzel. Az er\u0151s, el\u00e1gaz\u00f3 n\u00f6v\u00e9nyek nagyon magas term\u00e9shozamot biztos\u00edtanak, \u00e9s feh\u00e9r, s\u00e1rga foltos vir\u00e1gokkal vir\u00e1goznak.<br \/>\nA karcs\u00fa, f\u00e9nyes gy\u00fcm\u00f6lcs\u00f6k (6\u20138 cm) \u00e9l\u00e9nk, f\u0171szeres \u00edzt k\u00f6lcs\u00f6n\u00f6znek. T\u00f6k\u00e9letes sals\u00e1khoz, ceviche-hez, sz\u00f3szokhoz \u00e9s b\u00e1rmilyen \u00e9telhez, amelyhez egy kis naps\u00fct\u00e9ses melegre van sz\u00fcks\u00e9g.<\/span><\/p>\n<p>A csomag 6 szem vet\u0151magot tartalmaz<\/p>\n<p>&nbsp;<\/p>\n","protected":false},"featured_media":39998,"comment_status":"closed","ping_status":"closed","template":"","meta":[],"product_brand":[],"product_cat":[439],"product_tag":[],"class_list":{"0":"post-39997","1":"product","2":"type-product","3":"status-publish","4":"has-post-thumbnail","6":"product_cat-buzzy","8":"first","9":"instock","10":"taxable","11":"shipping-taxable","12":"purchasable","13":"product-type-simple"},"_links":{"self":[{"href":"https:\/\/chilimag.hu\/webshop\/wp-json\/wp\/v2\/product\/39997","targetHints":{"allow":["GET"]}}],"collection":[{"href":"https:\/\/chilimag.hu\/webshop\/wp-json\/wp\/v2\/product"}],"about":[{"href":"https:\/\/chilimag.hu\/webshop\/wp-json\/wp\/v2\/types\/product"}],"replies":[{"embeddable":true,"href":"https:\/\/chilimag.hu\/webshop\/wp-json\/wp\/v2\/comments?post=39997"}],"wp:featuredmedia":[{"embeddable":true,"href":"https:\/\/chilimag.hu\/webshop\/wp-json\/wp\/v2\/media\/39998"}],"wp:attachment":[{"href":"https:\/\/chilimag.hu\/webshop\/wp-json\/wp\/v2\/media?parent=39997"}],"wp:term":[{"taxonomy":"product_brand","embeddable":true,"href":"https:\/\/chilimag.hu\/webshop\/wp-json\/wp\/v2\/product_brand?post=39997"},{"taxonomy":"product_cat","embeddable":true,"href":"https:\/\/chilimag.hu\/webshop\/wp-json\/wp\/v2\/product_cat?post=39997"},{"taxonomy":"product_tag","embeddable":true,"href":"https:\/\/chilimag.hu\/webshop\/wp-json\/wp\/v2\/product_tag?post=39997"}],"curies":[{"name":"wp","href":"https:\/\/api.w.org\/{rel}","templated":true}]}}