{"id":39988,"date":"2026-02-14T06:13:24","date_gmt":"2026-02-14T06:13:24","guid":{"rendered":"https:\/\/chilimag.hu\/webshop\/?post_type=product&#038;p=39988"},"modified":"2026-02-20T20:44:48","modified_gmt":"2026-02-20T20:44:48","slug":"paprika-habanero-pink-culinary-pepper-bz-h","status":"publish","type":"product","link":"https:\/\/chilimag.hu\/webshop\/termek\/paprika-habanero-pink-culinary-pepper-bz-h\/","title":{"rendered":"Paprika Habanero Pink Culinary Pepper Bz H"},"content":{"rendered":"","protected":false},"excerpt":{"rendered":"<p><img decoding=\"async\" class=\"attachment-medium \" src=\"https:\/\/purchasingpowerplus.com\/wp-content\/uploads\/2021\/05\/Buzzy-Logo-300x239.jpg\" sizes=\"(max-width: 300px) 100vw, 300px\" srcset=\"https:\/\/purchasingpowerplus.com\/wp-content\/uploads\/2021\/05\/Buzzy-Logo-300x239.jpg 300w, https:\/\/purchasingpowerplus.com\/wp-content\/uploads\/2021\/05\/Buzzy-Logo-768x612.jpg 768w, https:\/\/purchasingpowerplus.com\/wp-content\/uploads\/2021\/05\/Buzzy-Logo-1024x816.jpg 1024w, https:\/\/purchasingpowerplus.com\/wp-content\/uploads\/2021\/05\/Buzzy-Logo.jpg 1500w\" alt=\"\" width=\"151\" height=\"120\" \/><\/p>\n<p><strong>Term\u00e9kle\u00edr\u00e1s<\/strong><\/p>\n<p>Botanikai n\u00e9v:<span id=\"column_2_uc_product_details_ctl04_lbl_ff_desc2\" class=\"value\">Capsicum chinense<\/span><\/p>\n<p>Paprika &#8211; Habanero Pink<br \/>\nA Habanero Pink egy ritka \u00e9s eleg\u00e1ns fajta a h\u00edres Habanero csal\u00e1dban. Kompakt, term\u00e9keny \u00e9s melegkedvel\u0151 n\u00f6v\u00e9nyek, amelyek gy\u00f6ny\u00f6r\u0171ek b\u00e1rmilyen kertben vagy \u00fcvegh\u00e1zban.<br \/>\nA r\u00e1ncos gy\u00fcm\u00f6lcs\u00f6k (4\u20136 cm) vil\u00e1gosz\u00f6ldt\u0151l lazacr\u00f3zsasz\u00ednig \u00e9rnek. Ne t\u00e9vesszen meg a sz\u00edn \u2013 ez a paprika igaz\u00e1n cs\u00edp\u0151s, a Habanero fajt\u00e1kra jellemz\u0151 arom\u00e1s, gy\u00fcm\u00f6lcs\u00f6s \u00edzzel. T\u00f6k\u00e9letes forr\u00f3 sz\u00f3szokhoz, sals\u00e1khoz, lekv\u00e1rokhoz vagy ferment\u00e1l\u00e1shoz.<\/p>\n<p>A csomag 8 szem vet\u0151magot tartalmaz<\/p>\n<p>&nbsp;<\/p>\n<p>&nbsp;<\/p>\n","protected":false},"featured_media":39989,"comment_status":"closed","ping_status":"closed","template":"","meta":[],"product_brand":[],"product_cat":[439],"product_tag":[],"class_list":{"0":"post-39988","1":"product","2":"type-product","3":"status-publish","4":"has-post-thumbnail","6":"product_cat-buzzy","8":"first","9":"instock","10":"taxable","11":"shipping-taxable","12":"purchasable","13":"product-type-simple"},"_links":{"self":[{"href":"https:\/\/chilimag.hu\/webshop\/wp-json\/wp\/v2\/product\/39988","targetHints":{"allow":["GET"]}}],"collection":[{"href":"https:\/\/chilimag.hu\/webshop\/wp-json\/wp\/v2\/product"}],"about":[{"href":"https:\/\/chilimag.hu\/webshop\/wp-json\/wp\/v2\/types\/product"}],"replies":[{"embeddable":true,"href":"https:\/\/chilimag.hu\/webshop\/wp-json\/wp\/v2\/comments?post=39988"}],"wp:featuredmedia":[{"embeddable":true,"href":"https:\/\/chilimag.hu\/webshop\/wp-json\/wp\/v2\/media\/39989"}],"wp:attachment":[{"href":"https:\/\/chilimag.hu\/webshop\/wp-json\/wp\/v2\/media?parent=39988"}],"wp:term":[{"taxonomy":"product_brand","embeddable":true,"href":"https:\/\/chilimag.hu\/webshop\/wp-json\/wp\/v2\/product_brand?post=39988"},{"taxonomy":"product_cat","embeddable":true,"href":"https:\/\/chilimag.hu\/webshop\/wp-json\/wp\/v2\/product_cat?post=39988"},{"taxonomy":"product_tag","embeddable":true,"href":"https:\/\/chilimag.hu\/webshop\/wp-json\/wp\/v2\/product_tag?post=39988"}],"curies":[{"name":"wp","href":"https:\/\/api.w.org\/{rel}","templated":true}]}}