{"id":39985,"date":"2026-02-14T06:09:00","date_gmt":"2026-02-14T06:09:00","guid":{"rendered":"https:\/\/chilimag.hu\/webshop\/?post_type=product&#038;p=39985"},"modified":"2026-02-14T06:09:00","modified_gmt":"2026-02-14T06:09:00","slug":"paprika-rawit-mix-culinary-pepper-bz-h","status":"publish","type":"product","link":"https:\/\/chilimag.hu\/webshop\/termek\/paprika-rawit-mix-culinary-pepper-bz-h\/","title":{"rendered":"Paprika Rawit Mix Culinary Pepper Bz H"},"content":{"rendered":"","protected":false},"excerpt":{"rendered":"<p><img decoding=\"async\" class=\"attachment-medium \" src=\"https:\/\/purchasingpowerplus.com\/wp-content\/uploads\/2021\/05\/Buzzy-Logo-300x239.jpg\" sizes=\"(max-width: 300px) 100vw, 300px\" srcset=\"https:\/\/purchasingpowerplus.com\/wp-content\/uploads\/2021\/05\/Buzzy-Logo-300x239.jpg 300w, https:\/\/purchasingpowerplus.com\/wp-content\/uploads\/2021\/05\/Buzzy-Logo-768x612.jpg 768w, https:\/\/purchasingpowerplus.com\/wp-content\/uploads\/2021\/05\/Buzzy-Logo-1024x816.jpg 1024w, https:\/\/purchasingpowerplus.com\/wp-content\/uploads\/2021\/05\/Buzzy-Logo.jpg 1500w\" alt=\"\" width=\"151\" height=\"120\" \/><\/p>\n<p><strong>Term\u00e9kle\u00edr\u00e1s<\/strong><\/p>\n<p>Botanikai n\u00e9v:<span id=\"column_2_uc_product_details_ctl04_lbl_ff_desc2\" class=\"value\">Capsicum frutescens<\/span><\/p>\n<p><span id=\"column_2_uc_product_details_ctl04_lbl_ff_desc2\" class=\"value\">Bors &#8211; Rawit kever\u00e9k (Piri piri, thai vagy mad\u00e1rszem chili)<br \/>\nA Rawit kever\u00e9k h\u00e1rom t\u00fczes klasszikust \u00f6tv\u00f6z D\u00e9lkelet-\u00c1zsi\u00e1b\u00f3l: a piros, s\u00e1rga \u00e9s narancss\u00e1rga Rawitot. A piros er\u0151teljes \u00e9s tiszta, a s\u00e1rga friss \u00e9s citrusos, a narancs pedig k\u00f6nnyed, gy\u00fcm\u00f6lcs\u00f6s tr\u00f3pusi jegyekkel rendelkezik.<br \/>\nA kicsi, keskeny, \u00e9l\u00e9nk sz\u00edn\u0171 chilipaprik\u00e1k (2\u20134 cm) \u00e9les \u00e9s k\u00f6zvetlen cs\u00edp\u0151ss\u00e9g\u00fckr\u0151l ismertek. T\u00f6k\u00e9letesek sambalhoz, sz\u00f3szokhoz, currykh\u00f6z, wokban s\u00fclt \u00e9telekhez vagy chiliolajhoz.<br \/>\nNevelj\u00fck \u0151ket meleg, v\u00e9dett helyen vagy \u00fcvegh\u00e1zban.<\/span><\/p>\n<p>A csomag 10 szem vet\u0151magot tartalmaz<\/p>\n<p>&nbsp;<\/p>\n","protected":false},"featured_media":39986,"comment_status":"closed","ping_status":"closed","template":"","meta":[],"product_brand":[],"product_cat":[439],"product_tag":[],"class_list":{"0":"post-39985","1":"product","2":"type-product","3":"status-publish","4":"has-post-thumbnail","6":"product_cat-buzzy","8":"first","9":"instock","10":"taxable","11":"shipping-taxable","12":"purchasable","13":"product-type-simple"},"_links":{"self":[{"href":"https:\/\/chilimag.hu\/webshop\/wp-json\/wp\/v2\/product\/39985","targetHints":{"allow":["GET"]}}],"collection":[{"href":"https:\/\/chilimag.hu\/webshop\/wp-json\/wp\/v2\/product"}],"about":[{"href":"https:\/\/chilimag.hu\/webshop\/wp-json\/wp\/v2\/types\/product"}],"replies":[{"embeddable":true,"href":"https:\/\/chilimag.hu\/webshop\/wp-json\/wp\/v2\/comments?post=39985"}],"wp:featuredmedia":[{"embeddable":true,"href":"https:\/\/chilimag.hu\/webshop\/wp-json\/wp\/v2\/media\/39986"}],"wp:attachment":[{"href":"https:\/\/chilimag.hu\/webshop\/wp-json\/wp\/v2\/media?parent=39985"}],"wp:term":[{"taxonomy":"product_brand","embeddable":true,"href":"https:\/\/chilimag.hu\/webshop\/wp-json\/wp\/v2\/product_brand?post=39985"},{"taxonomy":"product_cat","embeddable":true,"href":"https:\/\/chilimag.hu\/webshop\/wp-json\/wp\/v2\/product_cat?post=39985"},{"taxonomy":"product_tag","embeddable":true,"href":"https:\/\/chilimag.hu\/webshop\/wp-json\/wp\/v2\/product_tag?post=39985"}],"curies":[{"name":"wp","href":"https:\/\/api.w.org\/{rel}","templated":true}]}}