{"id":39979,"date":"2026-02-14T05:59:28","date_gmt":"2026-02-14T05:59:28","guid":{"rendered":"https:\/\/chilimag.hu\/webshop\/?post_type=product&#038;p=39979"},"modified":"2026-02-14T05:59:28","modified_gmt":"2026-02-14T05:59:28","slug":"paprika-fresno-red-culinary-pepper-bz-h","status":"publish","type":"product","link":"https:\/\/chilimag.hu\/webshop\/termek\/paprika-fresno-red-culinary-pepper-bz-h\/","title":{"rendered":"Paprika Fresno Red Culinary Pepper Bz H"},"content":{"rendered":"","protected":false},"excerpt":{"rendered":"<p><img decoding=\"async\" class=\"attachment-medium \" src=\"https:\/\/purchasingpowerplus.com\/wp-content\/uploads\/2021\/05\/Buzzy-Logo-300x239.jpg\" sizes=\"(max-width: 300px) 100vw, 300px\" srcset=\"https:\/\/purchasingpowerplus.com\/wp-content\/uploads\/2021\/05\/Buzzy-Logo-300x239.jpg 300w, https:\/\/purchasingpowerplus.com\/wp-content\/uploads\/2021\/05\/Buzzy-Logo-768x612.jpg 768w, https:\/\/purchasingpowerplus.com\/wp-content\/uploads\/2021\/05\/Buzzy-Logo-1024x816.jpg 1024w, https:\/\/purchasingpowerplus.com\/wp-content\/uploads\/2021\/05\/Buzzy-Logo.jpg 1500w\" alt=\"\" width=\"151\" height=\"120\" \/><\/p>\n<p><strong>Term\u00e9kle\u00edr\u00e1s<\/strong><\/p>\n<p>Botanikai n\u00e9v:<span id=\"column_2_uc_product_details_ctl04_lbl_ff_desc2\" class=\"value\">Capsicum annuum<\/span><\/p>\n<p><span id=\"column_2_uc_product_details_ctl04_lbl_ff_desc2\" class=\"value\">Paprika &#8211; Fresno Red<br \/>\nA Fresno egy k\u00f6zepesen cs\u00edp\u0151s chili friss, gy\u00fcm\u00f6lcs\u00f6s \u00edzzel. Karcs\u00fa, k\u00fapos term\u00e9sei (5\u20137 cm) lil\u00e1r\u00f3l m\u00e9lyv\u00f6r\u00f6sre v\u00e1ltoznak, \u00e9s m\u00e9g h\u0171v\u00f6sebb \u00e9ghajlaton is j\u00f3l \u00e9rzik magukat. A kompakt, term\u00e9keny n\u00f6v\u00e9nyek szeretik a meleget, \u00e9s ellen\u00e1llnak a doh\u00e1nymozaik v\u00edrusnak.<br \/>\n10 000\u201330 000 SHU cs\u00edp\u0151ss\u00e9gi szintj\u00e9vel a Fresno t\u00f6k\u00e9letes szals\u00e1khoz, sal\u00e1t\u00e1khoz, p\u00f6rk\u00f6ltekhez \u00e9s f\u0171szeres sz\u00f3szokhoz.<\/span><\/p>\n<p>A csomag 8 szem vet\u0151magot tartalmaz<\/p>\n<p>&nbsp;<\/p>\n","protected":false},"featured_media":39980,"comment_status":"closed","ping_status":"closed","template":"","meta":[],"product_brand":[],"product_cat":[439],"product_tag":[],"class_list":{"0":"post-39979","1":"product","2":"type-product","3":"status-publish","4":"has-post-thumbnail","6":"product_cat-buzzy","8":"first","9":"instock","10":"taxable","11":"shipping-taxable","12":"purchasable","13":"product-type-simple"},"_links":{"self":[{"href":"https:\/\/chilimag.hu\/webshop\/wp-json\/wp\/v2\/product\/39979","targetHints":{"allow":["GET"]}}],"collection":[{"href":"https:\/\/chilimag.hu\/webshop\/wp-json\/wp\/v2\/product"}],"about":[{"href":"https:\/\/chilimag.hu\/webshop\/wp-json\/wp\/v2\/types\/product"}],"replies":[{"embeddable":true,"href":"https:\/\/chilimag.hu\/webshop\/wp-json\/wp\/v2\/comments?post=39979"}],"wp:featuredmedia":[{"embeddable":true,"href":"https:\/\/chilimag.hu\/webshop\/wp-json\/wp\/v2\/media\/39980"}],"wp:attachment":[{"href":"https:\/\/chilimag.hu\/webshop\/wp-json\/wp\/v2\/media?parent=39979"}],"wp:term":[{"taxonomy":"product_brand","embeddable":true,"href":"https:\/\/chilimag.hu\/webshop\/wp-json\/wp\/v2\/product_brand?post=39979"},{"taxonomy":"product_cat","embeddable":true,"href":"https:\/\/chilimag.hu\/webshop\/wp-json\/wp\/v2\/product_cat?post=39979"},{"taxonomy":"product_tag","embeddable":true,"href":"https:\/\/chilimag.hu\/webshop\/wp-json\/wp\/v2\/product_tag?post=39979"}],"curies":[{"name":"wp","href":"https:\/\/api.w.org\/{rel}","templated":true}]}}