{"id":39976,"date":"2026-02-14T05:54:54","date_gmt":"2026-02-14T05:54:54","guid":{"rendered":"https:\/\/chilimag.hu\/webshop\/?post_type=product&#038;p=39976"},"modified":"2026-02-14T05:54:54","modified_gmt":"2026-02-14T05:54:54","slug":"paprika-papecchia-culinary-pepper-bz-h","status":"publish","type":"product","link":"https:\/\/chilimag.hu\/webshop\/termek\/paprika-papecchia-culinary-pepper-bz-h\/","title":{"rendered":"Paprika Papecchia Culinary Pepper Bz H"},"content":{"rendered":"","protected":false},"excerpt":{"rendered":"<p><img decoding=\"async\" class=\"attachment-medium \" src=\"https:\/\/purchasingpowerplus.com\/wp-content\/uploads\/2021\/05\/Buzzy-Logo-300x239.jpg\" sizes=\"(max-width: 300px) 100vw, 300px\" srcset=\"https:\/\/purchasingpowerplus.com\/wp-content\/uploads\/2021\/05\/Buzzy-Logo-300x239.jpg 300w, https:\/\/purchasingpowerplus.com\/wp-content\/uploads\/2021\/05\/Buzzy-Logo-768x612.jpg 768w, https:\/\/purchasingpowerplus.com\/wp-content\/uploads\/2021\/05\/Buzzy-Logo-1024x816.jpg 1024w, https:\/\/purchasingpowerplus.com\/wp-content\/uploads\/2021\/05\/Buzzy-Logo.jpg 1500w\" alt=\"\" width=\"149\" height=\"119\" \/><\/p>\n<p><strong>Term\u00e9kle\u00edr\u00e1s<\/strong><\/p>\n<p>Botanikai N\u00e9v:<span id=\"column_2_uc_product_details_ctl04_lbl_ff_desc2\" class=\"value\">Capsicum annuum<\/span><\/p>\n<p><span id=\"column_2_uc_product_details_ctl04_lbl_ff_desc2\" class=\"value\">Paprika &#8211; Papecchia<br \/>\nA Papecchia a szezon elej\u00e9n kem\u00e9ny, kerek paprik\u00e1kat terem, k\u00f6r\u00fclbel\u00fcl 4-5 cm m\u00e9ret\u0171ek, amelyek friss z\u00f6ldb\u0151l f\u00e9nyes pirosba v\u00e1ltoznak. A h\u00fas vastag, l\u00e9d\u00fas \u00e9s arom\u00e1s, enyh\u00e9n vagy k\u00f6zepesen cs\u00edp\u0151s, l\u00e1gyan \u00e9des jegyekkel. T\u00f6k\u00e9letes t\u00f6ltel\u00e9khez, s\u00fct\u00e9shez, grillez\u00e9shez vagy savany\u00edt\u00e1shoz.<br \/>\nAlkalmas szabadf\u00f6ldi, \u00fcvegh\u00e1zi vagy nagy cserepekbe. Felt\u0171n\u0151 sz\u00edn\u00fckkel \u00e9s \u00edz\u00fckkel ezek a paprik\u00e1k egyar\u00e1nt a konyha kedvencei \u00e9s a kert f\u00e9nypontjai.<\/span><\/p>\n<p>A csomag 10 szem vet\u0151magot tartalmaz<\/p>\n","protected":false},"featured_media":39977,"comment_status":"closed","ping_status":"closed","template":"","meta":[],"product_brand":[],"product_cat":[439],"product_tag":[],"class_list":{"0":"post-39976","1":"product","2":"type-product","3":"status-publish","4":"has-post-thumbnail","6":"product_cat-buzzy","8":"first","9":"instock","10":"taxable","11":"shipping-taxable","12":"purchasable","13":"product-type-simple"},"_links":{"self":[{"href":"https:\/\/chilimag.hu\/webshop\/wp-json\/wp\/v2\/product\/39976","targetHints":{"allow":["GET"]}}],"collection":[{"href":"https:\/\/chilimag.hu\/webshop\/wp-json\/wp\/v2\/product"}],"about":[{"href":"https:\/\/chilimag.hu\/webshop\/wp-json\/wp\/v2\/types\/product"}],"replies":[{"embeddable":true,"href":"https:\/\/chilimag.hu\/webshop\/wp-json\/wp\/v2\/comments?post=39976"}],"wp:featuredmedia":[{"embeddable":true,"href":"https:\/\/chilimag.hu\/webshop\/wp-json\/wp\/v2\/media\/39977"}],"wp:attachment":[{"href":"https:\/\/chilimag.hu\/webshop\/wp-json\/wp\/v2\/media?parent=39976"}],"wp:term":[{"taxonomy":"product_brand","embeddable":true,"href":"https:\/\/chilimag.hu\/webshop\/wp-json\/wp\/v2\/product_brand?post=39976"},{"taxonomy":"product_cat","embeddable":true,"href":"https:\/\/chilimag.hu\/webshop\/wp-json\/wp\/v2\/product_cat?post=39976"},{"taxonomy":"product_tag","embeddable":true,"href":"https:\/\/chilimag.hu\/webshop\/wp-json\/wp\/v2\/product_tag?post=39976"}],"curies":[{"name":"wp","href":"https:\/\/api.w.org\/{rel}","templated":true}]}}