{"id":39973,"date":"2026-02-14T05:40:40","date_gmt":"2026-02-14T05:40:40","guid":{"rendered":"https:\/\/chilimag.hu\/webshop\/?post_type=product&#038;p=39973"},"modified":"2026-02-14T05:40:40","modified_gmt":"2026-02-14T05:40:40","slug":"borso-microgreens-bz-h","status":"publish","type":"product","link":"https:\/\/chilimag.hu\/webshop\/termek\/borso-microgreens-bz-h\/","title":{"rendered":"Bors\u00f3 MicroGreens Bz H"},"content":{"rendered":"","protected":false},"excerpt":{"rendered":"<p><img decoding=\"async\" class=\"attachment-medium \" src=\"https:\/\/purchasingpowerplus.com\/wp-content\/uploads\/2021\/05\/Buzzy-Logo-300x239.jpg\" sizes=\"(max-width: 300px) 100vw, 300px\" srcset=\"https:\/\/purchasingpowerplus.com\/wp-content\/uploads\/2021\/05\/Buzzy-Logo-300x239.jpg 300w, https:\/\/purchasingpowerplus.com\/wp-content\/uploads\/2021\/05\/Buzzy-Logo-768x612.jpg 768w, https:\/\/purchasingpowerplus.com\/wp-content\/uploads\/2021\/05\/Buzzy-Logo-1024x816.jpg 1024w, https:\/\/purchasingpowerplus.com\/wp-content\/uploads\/2021\/05\/Buzzy-Logo.jpg 1500w\" alt=\"\" width=\"151\" height=\"120\" \/><\/p>\n<p><strong>Term\u00e9kle\u00edr\u00e1s<\/strong><\/p>\n<p>Botanikai n\u00e9v:<span class=\"value\">Pisum sativum<\/span><\/p>\n<p>Egy vid\u00e1m \u00e9s \u00edzletes b\u00e9bilev\u00e9l, amelyet gyakran m\u00e1r h\u00e9t nap ut\u00e1n betakar\u00edthatunk. Az \u00e9des hajt\u00e1sok j\u00f3l illenek szendvicsekhez, sal\u00e1t\u00e1khoz vagy levesekhez.<\/p>\n<p>A mikroz\u00f6ldek olyan z\u00f6lds\u00e9gek \u00e9s f\u0171szern\u00f6v\u00e9nyek, amelyeket kor\u00e1n betakar\u00edtanak \u00e9s nyersen fogyasztanak. K\u00e9t csoportra oszthat\u00f3k.<\/p>\n<p>Mikrolevelek: a maglevelet \u00e9s a hozz\u00e1 kapcsol\u00f3d\u00f3 sz\u00e1rat vagy sz\u00e1rat, a hajt\u00e1st is betakar\u00edtjuk.<\/p>\n<p>B\u00e9bi levelek: a hajt\u00e1sokat szedj\u00fck be, \u00e9s a fiatal levelet fogyasszuk el.<\/p>\n<p>Vet\u00e9shez: sz\u00f3rjuk a magokat a f\u00f6ldre, \u00e9s fedj\u00fck be \u0151ket egy v\u00e9kony r\u00e9teg f\u00f6lddel, tartsuk nedvesen.<\/p>\n<p>A csomag 15 gr magot tartalmaz<\/p>\n","protected":false},"featured_media":39974,"comment_status":"closed","ping_status":"closed","template":"","meta":[],"product_brand":[],"product_cat":[442],"product_tag":[],"class_list":{"0":"post-39973","1":"product","2":"type-product","3":"status-publish","4":"has-post-thumbnail","6":"product_cat-micro-greens-organic-sprounting","8":"first","9":"instock","10":"taxable","11":"shipping-taxable","12":"purchasable","13":"product-type-simple"},"_links":{"self":[{"href":"https:\/\/chilimag.hu\/webshop\/wp-json\/wp\/v2\/product\/39973","targetHints":{"allow":["GET"]}}],"collection":[{"href":"https:\/\/chilimag.hu\/webshop\/wp-json\/wp\/v2\/product"}],"about":[{"href":"https:\/\/chilimag.hu\/webshop\/wp-json\/wp\/v2\/types\/product"}],"replies":[{"embeddable":true,"href":"https:\/\/chilimag.hu\/webshop\/wp-json\/wp\/v2\/comments?post=39973"}],"wp:featuredmedia":[{"embeddable":true,"href":"https:\/\/chilimag.hu\/webshop\/wp-json\/wp\/v2\/media\/39974"}],"wp:attachment":[{"href":"https:\/\/chilimag.hu\/webshop\/wp-json\/wp\/v2\/media?parent=39973"}],"wp:term":[{"taxonomy":"product_brand","embeddable":true,"href":"https:\/\/chilimag.hu\/webshop\/wp-json\/wp\/v2\/product_brand?post=39973"},{"taxonomy":"product_cat","embeddable":true,"href":"https:\/\/chilimag.hu\/webshop\/wp-json\/wp\/v2\/product_cat?post=39973"},{"taxonomy":"product_tag","embeddable":true,"href":"https:\/\/chilimag.hu\/webshop\/wp-json\/wp\/v2\/product_tag?post=39973"}],"curies":[{"name":"wp","href":"https:\/\/api.w.org\/{rel}","templated":true}]}}