{"id":39940,"date":"2026-02-13T11:27:04","date_gmt":"2026-02-13T11:27:04","guid":{"rendered":"https:\/\/chilimag.hu\/webshop\/?post_type=product&#038;p=39940"},"modified":"2026-02-13T11:27:04","modified_gmt":"2026-02-13T11:27:04","slug":"voros-lohere-florian-500-gr-bg","status":"publish","type":"product","link":"https:\/\/chilimag.hu\/webshop\/termek\/voros-lohere-florian-500-gr-bg\/","title":{"rendered":"V\u00f6r\u00f6s l\u00f3here Florian 500 gr Bg"},"content":{"rendered":"","protected":false},"excerpt":{"rendered":"<p><img decoding=\"async\" class=\"\" src=\"https:\/\/c.cdnmp.net\/592978066\/brands\/1000002_logo.png\" alt=\"Florian\" width=\"151\" height=\"79\" \/><\/p>\n<p><strong>Le\u00edr\u00e1s<\/strong><\/p>\n<p>A v\u00f6r\u00f6shere magasabbra ny\u00fajt\u00f3zik, mint a feh\u00e9r here \u00e9s bokros t\u00edpus\u00fa, 2 \u00e9ves n\u00f6v\u00e9ny. 40-50 cm magass\u00e1got \u00e9r el. Hossz\u00fa el\u00e1raszt\u00e1st, tart\u00f3s sz\u00e1razs\u00e1got nem b\u00edrja. K\u00f6zepes v\u00edzig\u00e9ny\u0171, m\u00e9szkedvel\u0151, fagyt\u0171r\u0151 k\u00e9pess\u00e9ge j\u00f3, fagyok ut\u00e1n 2-3 \u00b0C f\u00f6l\u00f6tt indul meg.<\/p>\n<p>Ink\u00e1bb az enyh\u00e9n savany\u00fa vagy semleges talajokat \u00e9s a h\u0171v\u00f6sebb, p\u00e1r\u00e1sabb \u00e9ghajlatot szereti. Lev\u00e9lzete d\u00fas, levelek toj\u00e1sdad vagy hossz\u00fak\u00e1s l\u00e1ndzsa alak\u00faak. Lev\u00e9l:sz\u00e1r ar\u00e1nya k\u00f6zepes. Nagyon j\u00f3l \u00fajrasarjad, bokrosodik. Az olyan helyekre, ahova lucerna nem telep\u00edthet\u0151, mert savany\u00fa a talaj, (nyilv\u00e1n nem sz\u00e9ls\u0151s\u00e9gesen, 5-6 ph-ig), oda hat\u00e1rozottan a v\u00f6r\u00f6sher\u00e9t tudjuk aj\u00e1nlani.<\/p>\n<p>K\u00e9t\u00e9ves n\u00f6v\u00e9ny, de optim\u00e1lis id\u0151j\u00e1r\u00e1s eset\u00e9n ak\u00e1r a harmadik \u00e9vben is adhat term\u00e9st, jellemz\u0151en 3. \u00e9vre kiritkul.<\/p>\n<p>&nbsp;<\/p>\n<p><strong>Vet\u00e9si inform\u00e1ci\u00f3k<\/strong><\/p>\n<p><strong>Javasolt vet\u0151magd\u00f3zis:<\/strong> 18-20 kg\/ha (gabona sork\u00f6zbe), amennyiben sz\u00f3rva vet\u00e9ssel van kijuttatva a vet\u0151mag. 1-2 cm m\u00e9lyen \u00e9rdemes vetni m\u00e1rcius m\u00e1sodik fel\u00e9t\u0151l \u00e1prilis k\u00f6zep\u00e9ig.<\/p>\n<p>Gabona sork\u00f6zbe vet\u00e9sn\u00e9l apr\u00f3magsz\u00f3r\u00f3s vet\u00e9st aj\u00e1nlunk haszn\u00e1lni, ha lehets\u00e9ges, gyomf\u00e9s\u0171vel k\u00f6vetve. Ugyan ez a technol\u00f3gia nem teszi lehet\u0151v\u00e9 a nagyon pontos munkav\u00e9gz\u00e9st, de m\u00e9gis megfelel\u0151 eredm\u00e9nyt biztos\u00edt. A v\u00f6r\u00f6s here a gabona n\u00f6veked\u00e9si f\u00e1zis\u00e1ban &#8222;el\u00fccs\u00f6r\u00f6g&#8221; a gabona t\u00f6vek mellett, majd a gabona \u00e9r\u00e9se folyam\u00e1n,mikor m\u00e1r a napf\u00e9ny \u00e9ri, elkezd n\u00f6vekedni.<\/p>\n<p>Az arat\u00e1s ut\u00e1n a v\u00f6r\u00f6s here hamar er\u0151re kap, szeptember k\u00f6zep\u00e9re norm\u00e1l \u00e9vben m\u00e1r az els\u0151 kasz\u00e1l\u00e1s lehets\u00e9ges.<\/p>\n<p>&nbsp;<\/p>\n<p><strong>Talajjav\u00edt\u00f3 hat\u00e1sa<\/strong><\/p>\n<p>A v\u00f6r\u00f6s here nemcsak lehets\u00e9ges alternat\u00edv takarm\u00e1ny forr\u00e1sk\u00e9nt funkcion\u00e1l, hanem a talajjav\u00edt\u00e1s nagyon hat\u00e9kony eszk\u00f6ze is. Nagyon fontos tulajdons\u00e1ga, hogy vastag, er\u0151s f\u0151gy\u00f6kere van, ami 1,5-2 m\u00e9ter m\u00e9lyre is lehatol a talajba. Emiatt nagyon j\u00f3 talajlaz\u00edt\u00f3 hat\u00e1ssal rendelkezik. Nagyon s\u0171r\u0171 a mell\u00e9kgy\u00f6k\u00e9rzete is. A lez\u00fazott here a talajfelsz\u00ednen komposzt\u00e1l\u00f3dik, a gy\u00f6k\u00e9rzet pedig febru\u00e1rra 60 cm m\u00e9lyen \u00e1tlaz\u00edtja a talajt.<\/p>\n<p>&nbsp;<\/p>\n<ul>\n<li>Talajlaz\u00edt\u00f3 hat\u00e1s, a gy\u00f6kerek laz\u00edtj\u00e1k a talajt, nincs sz\u00fcks\u00e9g g\u00e9pi talajlaz\u00edt\u00e1sra<\/li>\n<li>Nitrog\u00e9nmegk\u00f6t\u00e9s, a k\u00f6vetkez\u0151 tavaszi kult\u00fara (napraforg\u00f3, vagy kukorica) hasznos\u00edt<\/li>\n<li>V\u00edzmegtart\u00f3 hat\u00e1s<\/li>\n<li>Gyomelnyom\u00f3 hat\u00e1s<\/li>\n<\/ul>\n<p>&nbsp;<\/p>\n","protected":false},"featured_media":39941,"comment_status":"closed","ping_status":"closed","template":"","meta":[],"product_brand":[],"product_cat":[471],"product_tag":[],"class_list":{"0":"post-39940","1":"product","2":"type-product","3":"status-publish","4":"has-post-thumbnail","6":"product_cat-fu-es-mezogazdasagi-vetomagok","8":"first","9":"instock","10":"taxable","11":"shipping-taxable","12":"purchasable","13":"product-type-simple"},"_links":{"self":[{"href":"https:\/\/chilimag.hu\/webshop\/wp-json\/wp\/v2\/product\/39940","targetHints":{"allow":["GET"]}}],"collection":[{"href":"https:\/\/chilimag.hu\/webshop\/wp-json\/wp\/v2\/product"}],"about":[{"href":"https:\/\/chilimag.hu\/webshop\/wp-json\/wp\/v2\/types\/product"}],"replies":[{"embeddable":true,"href":"https:\/\/chilimag.hu\/webshop\/wp-json\/wp\/v2\/comments?post=39940"}],"wp:featuredmedia":[{"embeddable":true,"href":"https:\/\/chilimag.hu\/webshop\/wp-json\/wp\/v2\/media\/39941"}],"wp:attachment":[{"href":"https:\/\/chilimag.hu\/webshop\/wp-json\/wp\/v2\/media?parent=39940"}],"wp:term":[{"taxonomy":"product_brand","embeddable":true,"href":"https:\/\/chilimag.hu\/webshop\/wp-json\/wp\/v2\/product_brand?post=39940"},{"taxonomy":"product_cat","embeddable":true,"href":"https:\/\/chilimag.hu\/webshop\/wp-json\/wp\/v2\/product_cat?post=39940"},{"taxonomy":"product_tag","embeddable":true,"href":"https:\/\/chilimag.hu\/webshop\/wp-json\/wp\/v2\/product_tag?post=39940"}],"curies":[{"name":"wp","href":"https:\/\/api.w.org\/{rel}","templated":true}]}}