{"id":39937,"date":"2026-02-13T11:21:03","date_gmt":"2026-02-13T11:21:03","guid":{"rendered":"https:\/\/chilimag.hu\/webshop\/?post_type=product&#038;p=39937"},"modified":"2026-02-13T11:21:54","modified_gmt":"2026-02-13T11:21:54","slug":"feher-lohere-500-gr-florian-bg","status":"publish","type":"product","link":"https:\/\/chilimag.hu\/webshop\/termek\/feher-lohere-500-gr-florian-bg\/","title":{"rendered":"Feh\u00e9r l\u00f3here 500 gr Florian Bg"},"content":{"rendered":"","protected":false},"excerpt":{"rendered":"<p><img decoding=\"async\" class=\"\" src=\"https:\/\/c.cdnmp.net\/592978066\/brands\/1000002_logo.png\" alt=\"Florian\" width=\"151\" height=\"79\" \/><\/p>\n<p><strong>Le\u00edr\u00e1s<\/strong><\/p>\n<p>A feh\u00e9r l\u00f3here gazdag feh\u00e9rj\u00e9ben, kalciumban, foszforban, valamint A- \u00e9s C-vitaminban. Tart\u00f3s, f\u00f6ldi gy\u00f6kerekkel rendelkez\u0151, k\u00fasz\u00f3, dugv\u00e1nyokat n\u00f6v\u0151 faj.<\/p>\n<p>A vegetat\u00edv \u00e9s spont\u00e1n szaporod\u00e1snak k\u00f6sz\u00f6nhet\u0151en t\u00f6bb mint 10 \u00e9vig ugyanazon a ter\u00fcleten marad. Az els\u0151 \u00e9vben lassan fejl\u0151dik, a m\u00e1sodik-harmadik \u00e9vben \u00e9ri el maxim\u00e1lis fejletts\u00e9g\u00e9t. J\u00f3l fejl\u0151dik parkokban \u00e9s stadionokban.<\/p>\n<p>J\u00f3l t\u0171ri a hideget, \u00e9s j\u00f3l b\u00edrja a r\u00f6vid t\u00e1v\u00fa sz\u00e1razs\u00e1got. Nedves ter\u00fcleteken \u00e9s \u00f6nt\u00f6z\u00e9s mellett is j\u00f3l fejl\u0151dik. Savany\u00fa talajon is j\u00f3l fejl\u0151dik.<\/p>\n<p>10-12 kg\/ha mennyis\u00e9gben vetik, 1,0-1,5 cm m\u00e9lys\u00e9gbe.<\/p>\n<p>\u00c1ltal\u00e1ban hossz\u00fa t\u00e1v\u00fa legeltet\u00e9sre sz\u00e1nt f\u0171kever\u00e9kek alkot\u00f3elemek\u00e9nt szerepel, k\u00fcl\u00f6n\u00f6sen hegyl\u00e1bak \u00e9s hegyvid\u00e9kek, gyenge savany\u00fa talajok \u00e9s lejt\u0151k f\u00fcves\u00edt\u00e9s\u00e9re. A feh\u00e9r l\u00f3here sz\u00e1zal\u00e9kos ar\u00e1nya az ilyen kever\u00e9kekben 20-30%, \u00edgy jobb em\u00e9szthet\u0151s\u00e9get biztos\u00edt a kapott takarm\u00e1nynak.<\/p>\n","protected":false},"featured_media":39938,"comment_status":"closed","ping_status":"closed","template":"","meta":[],"product_brand":[],"product_cat":[471],"product_tag":[],"class_list":{"0":"post-39937","1":"product","2":"type-product","3":"status-publish","4":"has-post-thumbnail","6":"product_cat-fu-es-mezogazdasagi-vetomagok","8":"first","9":"instock","10":"taxable","11":"shipping-taxable","12":"purchasable","13":"product-type-simple"},"_links":{"self":[{"href":"https:\/\/chilimag.hu\/webshop\/wp-json\/wp\/v2\/product\/39937","targetHints":{"allow":["GET"]}}],"collection":[{"href":"https:\/\/chilimag.hu\/webshop\/wp-json\/wp\/v2\/product"}],"about":[{"href":"https:\/\/chilimag.hu\/webshop\/wp-json\/wp\/v2\/types\/product"}],"replies":[{"embeddable":true,"href":"https:\/\/chilimag.hu\/webshop\/wp-json\/wp\/v2\/comments?post=39937"}],"wp:featuredmedia":[{"embeddable":true,"href":"https:\/\/chilimag.hu\/webshop\/wp-json\/wp\/v2\/media\/39938"}],"wp:attachment":[{"href":"https:\/\/chilimag.hu\/webshop\/wp-json\/wp\/v2\/media?parent=39937"}],"wp:term":[{"taxonomy":"product_brand","embeddable":true,"href":"https:\/\/chilimag.hu\/webshop\/wp-json\/wp\/v2\/product_brand?post=39937"},{"taxonomy":"product_cat","embeddable":true,"href":"https:\/\/chilimag.hu\/webshop\/wp-json\/wp\/v2\/product_cat?post=39937"},{"taxonomy":"product_tag","embeddable":true,"href":"https:\/\/chilimag.hu\/webshop\/wp-json\/wp\/v2\/product_tag?post=39937"}],"curies":[{"name":"wp","href":"https:\/\/api.w.org\/{rel}","templated":true}]}}