{"id":39930,"date":"2026-02-13T05:46:57","date_gmt":"2026-02-13T05:46:57","guid":{"rendered":"https:\/\/chilimag.hu\/webshop\/?post_type=product&#038;p=39930"},"modified":"2026-02-13T05:46:57","modified_gmt":"2026-02-13T05:46:57","slug":"xatze-chile-pasilla-molido-50-gr","status":"publish","type":"product","link":"https:\/\/chilimag.hu\/webshop\/termek\/xatze-chile-pasilla-molido-50-gr\/","title":{"rendered":"XaTz\u00e9 Chile Pasilla Molido 50 Gr"},"content":{"rendered":"","protected":false},"excerpt":{"rendered":"<p><img decoding=\"async\" class=\"sFlh5c FyHeAf iPVvYb\" src=\"https:\/\/a.allegroimg.com\/s512\/11b028\/fa4669a04df8acc743cbee72de23\/Bazsalikom-Oregano-grego-20g-XATZE-Marka-mas\" alt=\"Bazsalikom - Oreg\u00e1n\u00f3 grego 20g XATZ\u00c9\" width=\"151\" height=\"137\" \/><\/p>\n<h5>Term\u00e9kle\u00edr\u00e1s<\/h5>\n<p>Chile pasilla molido 50g Xatze<\/p>\n<p>A Chile pasilla molido \u0151r\u00f6lt chili pasill\u00e1ra utal, egyfajta sz\u00e1r\u00edtott chilipaprik\u00e1ra, amelyet gyakran haszn\u00e1lnak a mexik\u00f3i konyh\u00e1ban enyhe cs\u00edp\u0151ss\u00e9ge \u00e9s gazdag, f\u00f6ldes \u00edze miatt. K\u00fcl\u00f6nb\u00f6z\u0151 \u00e9telekben, p\u00e9ld\u00e1ul sals\u00e1kban, sz\u00f3szokban, p\u00e1cokban \u00e9s p\u00f6rk\u00f6ltekben haszn\u00e1lhat\u00f3, hogy m\u00e9lys\u00e9get \u00e9s finom cs\u00edp\u0151ss\u00e9get adjon. S\u00f6t\u00e9t sz\u00edne \u00e9s k\u00f6zepesen cs\u00edp\u0151s jellege sokoldal\u00fa \u00f6sszetev\u0151v\u00e9 teszi sz\u00e1mos receptben.<\/p>\n<p>&nbsp;<\/p>\n","protected":false},"featured_media":39931,"comment_status":"closed","ping_status":"closed","template":"","meta":[],"product_brand":[],"product_cat":[475],"product_tag":[],"class_list":{"0":"post-39930","1":"product","2":"type-product","3":"status-publish","4":"has-post-thumbnail","6":"product_cat-chili-orlemeny","8":"first","9":"instock","10":"taxable","11":"shipping-taxable","12":"purchasable","13":"product-type-simple"},"_links":{"self":[{"href":"https:\/\/chilimag.hu\/webshop\/wp-json\/wp\/v2\/product\/39930","targetHints":{"allow":["GET"]}}],"collection":[{"href":"https:\/\/chilimag.hu\/webshop\/wp-json\/wp\/v2\/product"}],"about":[{"href":"https:\/\/chilimag.hu\/webshop\/wp-json\/wp\/v2\/types\/product"}],"replies":[{"embeddable":true,"href":"https:\/\/chilimag.hu\/webshop\/wp-json\/wp\/v2\/comments?post=39930"}],"wp:featuredmedia":[{"embeddable":true,"href":"https:\/\/chilimag.hu\/webshop\/wp-json\/wp\/v2\/media\/39931"}],"wp:attachment":[{"href":"https:\/\/chilimag.hu\/webshop\/wp-json\/wp\/v2\/media?parent=39930"}],"wp:term":[{"taxonomy":"product_brand","embeddable":true,"href":"https:\/\/chilimag.hu\/webshop\/wp-json\/wp\/v2\/product_brand?post=39930"},{"taxonomy":"product_cat","embeddable":true,"href":"https:\/\/chilimag.hu\/webshop\/wp-json\/wp\/v2\/product_cat?post=39930"},{"taxonomy":"product_tag","embeddable":true,"href":"https:\/\/chilimag.hu\/webshop\/wp-json\/wp\/v2\/product_tag?post=39930"}],"curies":[{"name":"wp","href":"https:\/\/api.w.org\/{rel}","templated":true}]}}