{"id":39927,"date":"2026-02-13T05:44:38","date_gmt":"2026-02-13T05:44:38","guid":{"rendered":"https:\/\/chilimag.hu\/webshop\/?post_type=product&#038;p=39927"},"modified":"2026-02-13T05:44:38","modified_gmt":"2026-02-13T05:44:38","slug":"xatze-cajun-60-gr","status":"publish","type":"product","link":"https:\/\/chilimag.hu\/webshop\/termek\/xatze-cajun-60-gr\/","title":{"rendered":"XaTz\u00e9 Cajun 60 Gr"},"content":{"rendered":"","protected":false},"excerpt":{"rendered":"<p><img decoding=\"async\" class=\"sFlh5c FyHeAf iPVvYb\" src=\"https:\/\/a.allegroimg.com\/s512\/11b028\/fa4669a04df8acc743cbee72de23\/Bazsalikom-Oregano-grego-20g-XATZE-Marka-mas\" alt=\"Bazsalikom - Oreg\u00e1n\u00f3 grego 20g XATZ\u00c9\" width=\"151\" height=\"137\" \/><\/p>\n<h4>Term\u00e9kle\u00edr\u00e1s<\/h4>\n<p>A Xatz\u00e9 az autentikus cajun f\u0171szerkever\u00e9k \u00edz\u00e9t hozza el az asztalodra. Ez a f\u0171szer k\u00fcl\u00f6n\u00f6sen n\u00e9pszer\u0171 \u00c9szak-Mexik\u00f3ban \u00e9s az USA d\u00e9li r\u00e9sz\u00e9n. A paprika, a cayenne bors, a fokhagymapor, a chili \u00e9s az oreg\u00e1n\u00f3 rusztikus kever\u00e9ke t\u00f6k\u00e9letesen illik h\u00fashoz, halhoz vagy sz\u00e1rnyashoz, valamint burgony\u00e1hoz\/burgonyahas\u00e1bokhoz.<\/p>\n<p>Hozz\u00e1val\u00f3k<br \/>\n&#8211; Paprika<br \/>\n&#8211; S\u00f3<br \/>\n&#8211; Fokhagyma granul\u00e1tum<br \/>\n&#8211; Hagyma<br \/>\n&#8211; Oreg\u00e1n\u00f3<br \/>\n&#8211; Feh\u00e9r bors<br \/>\n&#8211; Cayenne bors<br \/>\n&#8211; F\u0171szerek<\/p>\n<p>T\u00e1p\u00e9rt\u00e9k<br \/>\nT\u00e1p\u00e9rt\u00e9k 100 g-onk\u00e9nt<br \/>\n&#8211; Energia 200 kcal<br \/>\n&#8211; Zs\u00edr 0 g<br \/>\nebb\u0151l tel\u00edtett zs\u00edrsavak 0 g<br \/>\n&#8211; Sz\u00e9nhidr\u00e1t 0 g<br \/>\nebb\u0151l cukor 0 g<br \/>\n&#8211; Feh\u00e9rje 0 g<br \/>\n&#8211; S\u00f3 14,5 g<\/p>\n<p>&nbsp;<\/p>\n","protected":false},"featured_media":39929,"comment_status":"closed","ping_status":"closed","template":"","meta":[],"product_brand":[],"product_cat":[475],"product_tag":[],"class_list":{"0":"post-39927","1":"product","2":"type-product","3":"status-publish","4":"has-post-thumbnail","6":"product_cat-chili-orlemeny","8":"first","9":"instock","10":"taxable","11":"shipping-taxable","12":"purchasable","13":"product-type-simple"},"_links":{"self":[{"href":"https:\/\/chilimag.hu\/webshop\/wp-json\/wp\/v2\/product\/39927","targetHints":{"allow":["GET"]}}],"collection":[{"href":"https:\/\/chilimag.hu\/webshop\/wp-json\/wp\/v2\/product"}],"about":[{"href":"https:\/\/chilimag.hu\/webshop\/wp-json\/wp\/v2\/types\/product"}],"replies":[{"embeddable":true,"href":"https:\/\/chilimag.hu\/webshop\/wp-json\/wp\/v2\/comments?post=39927"}],"wp:featuredmedia":[{"embeddable":true,"href":"https:\/\/chilimag.hu\/webshop\/wp-json\/wp\/v2\/media\/39929"}],"wp:attachment":[{"href":"https:\/\/chilimag.hu\/webshop\/wp-json\/wp\/v2\/media?parent=39927"}],"wp:term":[{"taxonomy":"product_brand","embeddable":true,"href":"https:\/\/chilimag.hu\/webshop\/wp-json\/wp\/v2\/product_brand?post=39927"},{"taxonomy":"product_cat","embeddable":true,"href":"https:\/\/chilimag.hu\/webshop\/wp-json\/wp\/v2\/product_cat?post=39927"},{"taxonomy":"product_tag","embeddable":true,"href":"https:\/\/chilimag.hu\/webshop\/wp-json\/wp\/v2\/product_tag?post=39927"}],"curies":[{"name":"wp","href":"https:\/\/api.w.org\/{rel}","templated":true}]}}