{"id":39870,"date":"2026-02-12T12:59:07","date_gmt":"2026-02-12T12:59:07","guid":{"rendered":"https:\/\/chilimag.hu\/webshop\/?post_type=product&#038;p=39870"},"modified":"2026-02-12T12:59:08","modified_gmt":"2026-02-12T12:59:08","slug":"renatura-blumen-wiese-viragos-ret-0275-g","status":"publish","type":"product","link":"https:\/\/chilimag.hu\/webshop\/termek\/renatura-blumen-wiese-viragos-ret-0275-g\/","title":{"rendered":"ReNatura Blumen Wiese Vir\u00e1gos r\u00e9t 0,275 g"},"content":{"rendered":"","protected":false},"excerpt":{"rendered":"<p><img decoding=\"async\" class=\"sFlh5c FyHeAf\" src=\"https:\/\/encrypted-tbn0.gstatic.com\/images?q=tbn:ANd9GcTL0acI6mFsin8joO33WSTnmyGbli_Jpu-_Uw&amp;s\" alt=\"ReNatura\u00ae - ReNatura\" width=\"150\" height=\"123\" data-ilt=\"1770726172260\" \/><\/p>\n<p><strong>Le\u00edr\u00e1s<\/strong><\/p>\n<p>A vir\u00e1gos r\u00e9tek fontos \u00e9l\u0151helyet biztos\u00edtanak a rovarok, madarak \u00e9s kis eml\u0151s\u00f6k sz\u00e1m\u00e1ra, l\u00e9tfontoss\u00e1g\u00fa szerepet j\u00e1tszva a term\u00e9szetes biodiverzit\u00e1s meg\u0151rz\u00e9s\u00e9ben. A ReNatura\u00ae vir\u00e1gos r\u00e9ten k\u00fcl\u00f6nf\u00e9le f\u0171f\u00e9l\u00e9k \u00e9s tipikus vadvir\u00e1gok tal\u00e1lhat\u00f3k. A vir\u00e1gok t\u00e1pl\u00e1l\u00e9kforr\u00e1sk\u00e9nt szolg\u00e1lnak a rovarok sz\u00e1m\u00e1ra, amelyeket sz\u00edvesen l\u00e1togatnak. A nekt\u00e1r \u00e9s a vir\u00e1gpor sz\u00e1mos rovart vonz, bele\u00e9rtve a dong\u00f3kat \u00e9s a lepk\u00e9ket is. Az \u00e9nekesmadarak, mint p\u00e9ld\u00e1ul a v\u00f6r\u00f6sbegy, mened\u00e9ket \u00e9s v\u00e1ltozatos t\u00e1pl\u00e1l\u00e9kforr\u00e1st tal\u00e1lnak itt a magvak \u00e9s rovarok b\u0151s\u00e9g\u00e9nek k\u00f6sz\u00f6nhet\u0151en. A kis eml\u0151s\u00f6k, mint p\u00e9ld\u00e1ul a mezei eg\u00e9r, szint\u00e9n megfelel\u0151 \u00e9l\u0151helyet tal\u00e1lnak a vir\u00e1gos r\u00e9ten vonz\u00f3 t\u00e1pl\u00e1l\u00e9kforr\u00e1ssal. A vir\u00e1gos r\u00e9t vizu\u00e1lisan nagyon vonz\u00f3, \u00e9s mindig van valami \u00faj felfedez\u00e9sre v\u00e1r\u00f3 hely, k\u00fcl\u00f6n\u00f6sen a vir\u00e1gz\u00e1si h\u00f3napokban.<\/p>\n<p>A ReNatura\u00ae vir\u00e1gos r\u00e9ten t\u00f6bb mint 35 vir\u00e1g- \u00e9s f\u0171faj \u00e9l, amelyek sokf\u00e9le \u00e1llatnak biztos\u00edtanak \u00e9l\u0151helyet. T\u00f6bbek k\u00f6z\u00f6tt a k\u00f6vetkez\u0151 fajok tartoznak ide:<\/p>\n<p>\u2022 Vadpetrezselyem (Anthriscus sylvestris)<br \/>\n\u2022 Viperavir\u00e1g (Echium vulgare)<br \/>\n\u2022 Kaliforniai m\u00e1k (Eschscholzia californica)<br \/>\n\u2022 Vad\u00e1rv\u00e1cska (Viola tricolor)<br \/>\n\u2022 Sz\u0151l\u0151kakukkf\u0171 (Silene vulgaris)<br \/>\n\u2022 V\u00f6r\u00f6s len (Linum grandiflorum)<br \/>\n\u2022 Bor\u00e1g\u00f3 (Borago officinalis)<br \/>\n\u2022 T\u00e1tika (Antirrhinum majus)<br \/>\n\u2022 Juhcsenkesz (Festuca ovina)<br \/>\n\u2022 Tim\u00f3tejf\u0171 (Phleum pratensis)<\/p>\n<p>A ReNatura\u00ae vadvir\u00e1gos r\u00e9t nem tartalmaz vet\u00e9sseg\u00e9danyagot, \u00e9s 100%-ban magb\u00f3l \u00e1ll. A vet\u00e9si mennyis\u00e9g k\u00f6r\u00fclbel\u00fcl 7 g\/m\u00b2.<\/p>\n<p>Tipp: Annak \u00e9rdek\u00e9ben, hogy megtudja, mennyi kever\u00e9ket kell n\u00e9gyzetm\u00e9terenk\u00e9nt elvetni, m\u00e9rje ki a megfelel\u0151 mennyis\u00e9get. A ReNatura\u00ae vadvir\u00e1gos r\u00e9t eset\u00e9ben ez az mennyis\u00e9g k\u00f6r\u00fclbel\u00fcl 7 g\/m\u00b2. Miut\u00e1n kim\u00e9rte ezt a 7 g-ot, gyorsan r\u00e1 fog \u00e9rezni a megfelel\u0151 mennyis\u00e9gre, \u00e9s semmi sem \u00e1llhat a sikeres vet\u00e9s \u00fatj\u00e1ba.<\/p>\n<p>&nbsp;<\/p>\n<p>&nbsp;<\/p>\n","protected":false},"featured_media":39871,"comment_status":"closed","ping_status":"closed","template":"","meta":[],"product_brand":[],"product_cat":[471,328],"product_tag":[],"class_list":{"0":"post-39870","1":"product","2":"type-product","3":"status-publish","4":"has-post-thumbnail","6":"product_cat-fu-es-mezogazdasagi-vetomagok","7":"product_cat-virag-es-disznoveny-vetomagok","9":"first","10":"instock","11":"taxable","12":"shipping-taxable","13":"purchasable","14":"product-type-simple"},"_links":{"self":[{"href":"https:\/\/chilimag.hu\/webshop\/wp-json\/wp\/v2\/product\/39870","targetHints":{"allow":["GET"]}}],"collection":[{"href":"https:\/\/chilimag.hu\/webshop\/wp-json\/wp\/v2\/product"}],"about":[{"href":"https:\/\/chilimag.hu\/webshop\/wp-json\/wp\/v2\/types\/product"}],"replies":[{"embeddable":true,"href":"https:\/\/chilimag.hu\/webshop\/wp-json\/wp\/v2\/comments?post=39870"}],"wp:featuredmedia":[{"embeddable":true,"href":"https:\/\/chilimag.hu\/webshop\/wp-json\/wp\/v2\/media\/39871"}],"wp:attachment":[{"href":"https:\/\/chilimag.hu\/webshop\/wp-json\/wp\/v2\/media?parent=39870"}],"wp:term":[{"taxonomy":"product_brand","embeddable":true,"href":"https:\/\/chilimag.hu\/webshop\/wp-json\/wp\/v2\/product_brand?post=39870"},{"taxonomy":"product_cat","embeddable":true,"href":"https:\/\/chilimag.hu\/webshop\/wp-json\/wp\/v2\/product_cat?post=39870"},{"taxonomy":"product_tag","embeddable":true,"href":"https:\/\/chilimag.hu\/webshop\/wp-json\/wp\/v2\/product_tag?post=39870"}],"curies":[{"name":"wp","href":"https:\/\/api.w.org\/{rel}","templated":true}]}}