{"id":39868,"date":"2026-02-12T12:47:58","date_gmt":"2026-02-12T12:47:58","guid":{"rendered":"https:\/\/chilimag.hu\/webshop\/?post_type=product&#038;p=39868"},"modified":"2026-02-12T12:47:58","modified_gmt":"2026-02-12T12:47:58","slug":"renatura-bienen-weide-mehlegelo-mezei-viragmag-keverek-0275-g","status":"publish","type":"product","link":"https:\/\/chilimag.hu\/webshop\/termek\/renatura-bienen-weide-mehlegelo-mezei-viragmag-keverek-0275-g\/","title":{"rendered":"ReNatura Bienen Weide M\u00e9hlegel\u0151 Mezei vir\u00e1gmag kever\u00e9k  0,275 g"},"content":{"rendered":"","protected":false},"excerpt":{"rendered":"<p><img decoding=\"async\" class=\"sFlh5c FyHeAf\" src=\"https:\/\/encrypted-tbn0.gstatic.com\/images?q=tbn:ANd9GcTL0acI6mFsin8joO33WSTnmyGbli_Jpu-_Uw&amp;s\" alt=\"ReNatura\u00ae - ReNatura\" width=\"150\" height=\"123\" data-ilt=\"1770726172260\" \/><\/p>\n<p><strong>Le\u00edr\u00e1s<\/strong><\/p>\n<p>A ReNatura M\u00e9hr\u00e9t ide\u00e1lis gy\u00fclekez\u0151hely a h\u00e1zim\u00e9hek \u00e9s a k\u00fcl\u00f6nf\u00e9le dong\u00f3k sz\u00e1m\u00e1ra. Legyen sz\u00f3 kerti dong\u00f3kr\u00f3l vagy l\u00f3darazsakr\u00f3l, a m\u00e9hlegel\u0151 minden faj sz\u00e1m\u00e1ra megfelel\u0151 vir\u00e1gokat \u00e9s t\u00e1pl\u00e1l\u00e9kot k\u00edn\u00e1l. A j\u00f3l ismert pollengy\u0171jt\u0151k mellett a vir\u00e1gok j\u00f3 gazdak\u00e9nt szolg\u00e1lnak m\u00e1s, vir\u00e1gnekt\u00e1rral t\u00e1pl\u00e1lkoz\u00f3 rovarok sz\u00e1m\u00e1ra is. Sz\u00e1mos \u00e1llat, p\u00e9ld\u00e1ul madarak \u00e9s kiseml\u0151s\u00f6k sz\u00e1m\u00e1ra t\u00e1pl\u00e1l\u00e9k- \u00e9s mened\u00e9kforr\u00e1s. A v\u00e1ltozatos \u00e9s sz\u00ednes vir\u00e1gkever\u00e9k vonz\u00f3 l\u00e1tv\u00e1nyt ny\u00fajt, amely a veget\u00e1ci\u00f3s id\u0151szakban folyamatosan v\u00e1ltozik. A kever\u00e9k k\u00fcl\u00f6nb\u00f6z\u0151 vir\u00e1gfajokb\u00f3l \u00e1ll, a nagyon korait\u00f3l a k\u00e9s\u0151iig, \u00edgy a vir\u00e1gz\u00e1si id\u0151szak \u00e9s a rovarok nekt\u00e1r-\/t\u00e1pl\u00e1l\u00e9kell\u00e1t\u00e1sa a lehet\u0151 leghosszabb.<\/p>\n<p>A ReNatura M\u00e9h- \u00e9s Dong\u00f3klegel\u0151 kever\u00e9ke t\u00f6bb mint 20 k\u00fcl\u00f6nb\u00f6z\u0151 nekt\u00e1rban gazdag vir\u00e1gos n\u00f6v\u00e9nyfajt tartalmaz. T\u00f6bbek k\u00f6z\u00f6tt a k\u00f6vetkez\u0151 fajokat tartalmazza:<\/p>\n<p>&#8211; K\u00f3kusz granul\u00e1tum 85%<\/p>\n<p>&#8211; Facelia tanacetofolia 0,70%<\/p>\n<p>&#8211; Trifolium resupinatum 0,6%<\/p>\n<p>&#8211; Medicago sativa 0,6%<\/p>\n<p>&#8211; R\u00e9ti vir\u00e1gok \u00e9s gy\u00f3gyn\u00f6v\u00e9nyek kever\u00e9ke 13,5%<\/p>\n<p>Vet\u00e9si id\u0151: \u00e1prilis &#8211; j\u00fanius<\/p>\n<p>Cs\u00edr\u00e1z\u00e1si id\u0151: 2-3 h\u00e9t<\/p>\n<p>Vir\u00e1gz\u00e1s: j\u00fanius &#8211; okt\u00f3ber<\/p>\n<p>F\u0171magass\u00e1g: ak\u00e1r 80 cm<\/p>\n<p>Veget\u00e1ci\u00f3 hossza: egyny\u00e1ri-\u00e9vel\u0151<\/p>\n<p>&nbsp;<\/p>\n","protected":false},"featured_media":39869,"comment_status":"closed","ping_status":"closed","template":"","meta":[],"product_brand":[],"product_cat":[471,328],"product_tag":[],"class_list":{"0":"post-39868","1":"product","2":"type-product","3":"status-publish","4":"has-post-thumbnail","6":"product_cat-fu-es-mezogazdasagi-vetomagok","7":"product_cat-virag-es-disznoveny-vetomagok","9":"first","10":"instock","11":"taxable","12":"shipping-taxable","13":"purchasable","14":"product-type-simple"},"_links":{"self":[{"href":"https:\/\/chilimag.hu\/webshop\/wp-json\/wp\/v2\/product\/39868","targetHints":{"allow":["GET"]}}],"collection":[{"href":"https:\/\/chilimag.hu\/webshop\/wp-json\/wp\/v2\/product"}],"about":[{"href":"https:\/\/chilimag.hu\/webshop\/wp-json\/wp\/v2\/types\/product"}],"replies":[{"embeddable":true,"href":"https:\/\/chilimag.hu\/webshop\/wp-json\/wp\/v2\/comments?post=39868"}],"wp:featuredmedia":[{"embeddable":true,"href":"https:\/\/chilimag.hu\/webshop\/wp-json\/wp\/v2\/media\/39869"}],"wp:attachment":[{"href":"https:\/\/chilimag.hu\/webshop\/wp-json\/wp\/v2\/media?parent=39868"}],"wp:term":[{"taxonomy":"product_brand","embeddable":true,"href":"https:\/\/chilimag.hu\/webshop\/wp-json\/wp\/v2\/product_brand?post=39868"},{"taxonomy":"product_cat","embeddable":true,"href":"https:\/\/chilimag.hu\/webshop\/wp-json\/wp\/v2\/product_cat?post=39868"},{"taxonomy":"product_tag","embeddable":true,"href":"https:\/\/chilimag.hu\/webshop\/wp-json\/wp\/v2\/product_tag?post=39868"}],"curies":[{"name":"wp","href":"https:\/\/api.w.org\/{rel}","templated":true}]}}