{"id":39809,"date":"2026-02-10T12:27:55","date_gmt":"2026-02-10T12:27:55","guid":{"rendered":"https:\/\/chilimag.hu\/webshop\/?post_type=product&#038;p=39809"},"modified":"2026-02-12T12:49:08","modified_gmt":"2026-02-12T12:49:08","slug":"renatura-mezei-viragmag-keverek-meheknek","status":"publish","type":"product","link":"https:\/\/chilimag.hu\/webshop\/termek\/renatura-mezei-viragmag-keverek-meheknek\/","title":{"rendered":"ReNatura Wild Blumen Vad vir\u00e1gmag kever\u00e9k m\u00e9heknek 0,275 g"},"content":{"rendered":"","protected":false},"excerpt":{"rendered":"<p><img decoding=\"async\" class=\"sFlh5c FyHeAf\" src=\"https:\/\/encrypted-tbn0.gstatic.com\/images?q=tbn:ANd9GcTL0acI6mFsin8joO33WSTnmyGbli_Jpu-_Uw&amp;s\" alt=\"ReNatura\u00ae - ReNatura\" width=\"150\" height=\"123\" data-ilt=\"1770726172260\" \/><\/p>\n<p><strong>Le\u00edr\u00e1s<\/strong><\/p>\n<p>A ReNatura\u00ae vadvir\u00e1gkever\u00e9k egy darabka sz\u00ednes vadont hoz a kertbe. Ez a sokoldal\u00fa kever\u00e9k minden helysz\u00ednre alkalmas, \u00e9s k\u00fcl\u00f6n\u00f6sen j\u00f3l fejl\u0151dik napos, nem t\u00fal nedves talajon. A sz\u00ednes vir\u00e1gok b\u0151s\u00e9ge vonzza a hasznos rovarokat, \u00e9l\u0151helyet \u00e9s v\u00e1ltozatos t\u00e1pl\u00e1l\u00e9kforr\u00e1st biztos\u00edt sz\u00e1mukra. A fajok sokf\u00e9les\u00e9g\u00e9nek k\u00f6sz\u00f6nhet\u0151en a vadvir\u00e1gok kora ny\u00e1rt\u00f3l k\u00e9s\u0151 \u0151szig vir\u00e1goznak. A vadvir\u00e1gkever\u00e9k egyny\u00e1ri \u00e9s \u00e9vel\u0151 fajokat is tartalmaz, \u00edgy egyes fajok a vet\u00e9s ut\u00e1ni \u00e9vben is vir\u00e1goznak. N\u00e9h\u00e1ny egyny\u00e1ri faj \u00e1ltal\u00e1ban \u00fajra magot vet, \u00edgy a k\u00f6vetkez\u0151 n\u00e9h\u00e1ny \u00e9vben \u00fajra n\u0151 az adott ter\u00fcleten. Ha a fajok sokf\u00e9les\u00e9ge ennek ellen\u00e9re cs\u00f6kkenne, a ReNatura\u00ae Blumennachsaat (fel\u00fclvetett vir\u00e1gkever\u00e9k) \u00fajravet\u00e9s\u00e9vel ism\u00e9t n\u00f6velhet\u0151.<\/p>\n<p>A ReNatura\u00ae vadvir\u00e1gkever\u00e9k t\u00f6bb mint 20 k\u00fcl\u00f6nb\u00f6z\u0151 vadvir\u00e1gfajt tartalmaz, amelyek vir\u00e1gz\u00e1si ideje kora ny\u00e1rt\u00f3l \u0151szig tart.<\/p>\n<p>A kever\u00e9kben tal\u00e1lhat\u00f3 fajok a k\u00f6vetkez\u0151k:<\/p>\n<p>B\u00fazavir\u00e1g (Centaurea cyanus)<br \/>\nLevendula (Lavandula angustifolia)<br \/>\nMezei \u00f6rd\u00f6gvir\u00e1g (Knautia arvensis)<br \/>\nKagyl\u00f3vir\u00e1g (Agrostemma githago)<br \/>\nMezei pacsirtavir\u00e1g (Consolida regalis)<br \/>\nVad petrezselyem (Anthriscus sylvestris)<br \/>\nS\u00e1rgafaliget (Cheiranthus cheiri)<br \/>\nKoriander (Coriandrum sativum)<br \/>\nCickfarkf\u0171 (Achillea millefolium)<br \/>\nVad s\u00e1rgar\u00e9pa (Daucus carota)<br \/>\nK\u00f3kuszrost b\u00e9lgranul\u00e1tumot tartalmaz, amely seg\u00edti a mag egyenletes eloszl\u00e1s\u00e1t k\u00e9zi sz\u00f3r\u00e1s eset\u00e9n.<\/p>\n<p>K\u00f6teg: 0,275 kg-os tasak<\/p>\n<p>&nbsp;<\/p>\n","protected":false},"featured_media":39810,"comment_status":"closed","ping_status":"closed","template":"","meta":[],"product_brand":[],"product_cat":[471,328],"product_tag":[],"class_list":{"0":"post-39809","1":"product","2":"type-product","3":"status-publish","4":"has-post-thumbnail","6":"product_cat-fu-es-mezogazdasagi-vetomagok","7":"product_cat-virag-es-disznoveny-vetomagok","9":"first","10":"instock","11":"taxable","12":"shipping-taxable","13":"purchasable","14":"product-type-simple"},"_links":{"self":[{"href":"https:\/\/chilimag.hu\/webshop\/wp-json\/wp\/v2\/product\/39809","targetHints":{"allow":["GET"]}}],"collection":[{"href":"https:\/\/chilimag.hu\/webshop\/wp-json\/wp\/v2\/product"}],"about":[{"href":"https:\/\/chilimag.hu\/webshop\/wp-json\/wp\/v2\/types\/product"}],"replies":[{"embeddable":true,"href":"https:\/\/chilimag.hu\/webshop\/wp-json\/wp\/v2\/comments?post=39809"}],"wp:featuredmedia":[{"embeddable":true,"href":"https:\/\/chilimag.hu\/webshop\/wp-json\/wp\/v2\/media\/39810"}],"wp:attachment":[{"href":"https:\/\/chilimag.hu\/webshop\/wp-json\/wp\/v2\/media?parent=39809"}],"wp:term":[{"taxonomy":"product_brand","embeddable":true,"href":"https:\/\/chilimag.hu\/webshop\/wp-json\/wp\/v2\/product_brand?post=39809"},{"taxonomy":"product_cat","embeddable":true,"href":"https:\/\/chilimag.hu\/webshop\/wp-json\/wp\/v2\/product_cat?post=39809"},{"taxonomy":"product_tag","embeddable":true,"href":"https:\/\/chilimag.hu\/webshop\/wp-json\/wp\/v2\/product_tag?post=39809"}],"curies":[{"name":"wp","href":"https:\/\/api.w.org\/{rel}","templated":true}]}}