{"id":39756,"date":"2026-02-08T19:22:10","date_gmt":"2026-02-08T19:22:10","guid":{"rendered":"https:\/\/chilimag.hu\/webshop\/?post_type=product&#038;p=39756"},"modified":"2026-03-11T19:45:29","modified_gmt":"2026-03-11T19:45:29","slug":"paprika-feri-f1-capsico","status":"publish","type":"product","link":"https:\/\/chilimag.hu\/webshop\/termek\/paprika-feri-f1-capsico\/","title":{"rendered":"Paprika Feri F1 Capsico"},"content":{"rendered":"","protected":false},"excerpt":{"rendered":"<p><img decoding=\"async\" class=\"sFlh5c FyHeAf iPVvYb\" src=\"https:\/\/c.cdnmp.net\/592978066\/brands\/1000108_logo.png\" alt=\"Capsico - Seminte1\" width=\"148\" height=\"83\" \/><\/p>\n<p><strong>Le\u00edr\u00e1s<\/strong><\/p>\n<p class=\"p1\">\u00dajdons\u00e1gunk v\u00edrus-ellen\u00e1ll\u00f3s\u00e1g\u00e1val biztos alap minden technol\u00f3gi\u00e1ban. Term\u00e9smennyis\u00e9ge \u00e9s term\u00e9sm\u00e9rete minden k\u00f6r\u00fclm\u00e9nyek k\u00f6z\u00f6tt kiemelked\u0151. F\u00e9nyhi\u00e1nyt\u0171r\u00e9se \u00e9s hidegt\u0171r\u00e9se kiv\u00e1l\u00f3, ami lehet\u0151v\u00e9 teszi, hogy korai kult\u00far\u00e1ba is j\u00f3l illeszthet\u0151 legyen. Brut\u00e1lisan nagy bogy\u00f3i eg\u00e9sz \u00e9vben megtartj\u00e1k h\u00f3feh\u00e9r sz\u00edn\u00fcket. Aj\u00e1nljuk \u0151szi \u00e9s korai termeszt\u00e9sbe, hossz\u00fakult\u00far\u00e1ba, talajon vagy talaj n\u00e9lk\u00fcli technol\u00f3gi\u00e1ban egyar\u00e1nt.<\/p>\n<p>A csomag 100 szem magot tartalmaz<\/p>\n<p>&nbsp;<\/p>\n<p>&nbsp;<\/p>\n<p>&nbsp;<\/p>\n","protected":false},"featured_media":39757,"comment_status":"closed","ping_status":"closed","template":"","meta":[],"product_brand":[],"product_cat":[319],"product_tag":[],"class_list":{"0":"post-39756","1":"product","2":"type-product","3":"status-publish","4":"has-post-thumbnail","6":"product_cat-capsico-vetomagok","8":"first","9":"outofstock","10":"taxable","11":"shipping-taxable","12":"purchasable","13":"product-type-simple"},"_links":{"self":[{"href":"https:\/\/chilimag.hu\/webshop\/wp-json\/wp\/v2\/product\/39756","targetHints":{"allow":["GET"]}}],"collection":[{"href":"https:\/\/chilimag.hu\/webshop\/wp-json\/wp\/v2\/product"}],"about":[{"href":"https:\/\/chilimag.hu\/webshop\/wp-json\/wp\/v2\/types\/product"}],"replies":[{"embeddable":true,"href":"https:\/\/chilimag.hu\/webshop\/wp-json\/wp\/v2\/comments?post=39756"}],"wp:featuredmedia":[{"embeddable":true,"href":"https:\/\/chilimag.hu\/webshop\/wp-json\/wp\/v2\/media\/39757"}],"wp:attachment":[{"href":"https:\/\/chilimag.hu\/webshop\/wp-json\/wp\/v2\/media?parent=39756"}],"wp:term":[{"taxonomy":"product_brand","embeddable":true,"href":"https:\/\/chilimag.hu\/webshop\/wp-json\/wp\/v2\/product_brand?post=39756"},{"taxonomy":"product_cat","embeddable":true,"href":"https:\/\/chilimag.hu\/webshop\/wp-json\/wp\/v2\/product_cat?post=39756"},{"taxonomy":"product_tag","embeddable":true,"href":"https:\/\/chilimag.hu\/webshop\/wp-json\/wp\/v2\/product_tag?post=39756"}],"curies":[{"name":"wp","href":"https:\/\/api.w.org\/{rel}","templated":true}]}}