{"id":39734,"date":"2026-02-08T18:17:31","date_gmt":"2026-02-08T18:17:31","guid":{"rendered":"https:\/\/chilimag.hu\/webshop\/?post_type=product&#038;p=39734"},"modified":"2026-02-24T17:20:40","modified_gmt":"2026-02-24T17:20:40","slug":"paprika-polaris-f1-capsico","status":"publish","type":"product","link":"https:\/\/chilimag.hu\/webshop\/termek\/paprika-polaris-f1-capsico\/","title":{"rendered":"Paprika Polaris F1 Capsico"},"content":{"rendered":"","protected":false},"excerpt":{"rendered":"<p><img decoding=\"async\" class=\"sFlh5c FyHeAf iPVvYb\" src=\"https:\/\/c.cdnmp.net\/592978066\/brands\/1000108_logo.png\" alt=\"Capsico - Seminte1\" width=\"148\" height=\"83\" \/><\/p>\n<p><strong>Le\u00edr\u00e1s<\/strong><\/p>\n<p>Botanikai n\u00e9v: Capsicum annuum<\/p>\n<p class=\"p1\">Univerz\u00e1lis feh\u00e9r TV \u00fajdons\u00e1gunk, mely \u00e1lland\u00f3 teljes\u00edtm\u00e9ny\u00e9vel a piac egyik legb\u0151term\u0151bb fajt\u00e1ja. Janu\u00e1rt\u00f3l decemberig, talajra \u00e9s hidrokult\u00far\u00e1ba, a legk\u00fcl\u00f6nb\u00f6z\u0151bb termeszt\u00e9si k\u00f6r\u00fclm\u00e9nyek k\u00f6z\u00e9 is aj\u00e1nljuk. F\u00e9nyszeg\u00e9ny id\u0151szakban is j\u00f3l k\u00f6t, term\u00e9ssz\u00edne eg\u00e9sz \u00e9vben vil\u00e1gos. Extra term\u00e9sm\u00e9ret\u00e9t az els\u0151 szed\u00e9st\u0151l az utols\u00f3ig tartja, horpad\u00e1sra nem hajlamos, lecs\u00f3h\u00e1nyada eleny\u00e9sz\u0151. Er\u0151s sz\u00e1r\u00fa n\u00f6v\u00e9nyt fejleszt, z\u00f6ldmunka-ig\u00e9nye alacsony, kisz\u00e1m\u00edthat\u00f3an, r\u00f6vid id\u0151k\u00f6z\u00f6nk\u00e9nt szedhet\u0151. V\u00edrus- \u00e9s lisztharmat-ellen\u00e1ll\u00f3, \u00faj gener\u00e1ci\u00f3s, rendk\u00edv\u00fcl stabilan teljes\u00edt\u0151 fajta.<\/p>\n<p>A csomag 100 szem magot tartalmaz<\/p>\n","protected":false},"featured_media":39735,"comment_status":"closed","ping_status":"closed","template":"","meta":[],"product_brand":[],"product_cat":[319],"product_tag":[],"class_list":{"0":"post-39734","1":"product","2":"type-product","3":"status-publish","4":"has-post-thumbnail","6":"product_cat-capsico-vetomagok","8":"first","9":"outofstock","10":"taxable","11":"shipping-taxable","12":"purchasable","13":"product-type-simple"},"_links":{"self":[{"href":"https:\/\/chilimag.hu\/webshop\/wp-json\/wp\/v2\/product\/39734","targetHints":{"allow":["GET"]}}],"collection":[{"href":"https:\/\/chilimag.hu\/webshop\/wp-json\/wp\/v2\/product"}],"about":[{"href":"https:\/\/chilimag.hu\/webshop\/wp-json\/wp\/v2\/types\/product"}],"replies":[{"embeddable":true,"href":"https:\/\/chilimag.hu\/webshop\/wp-json\/wp\/v2\/comments?post=39734"}],"wp:featuredmedia":[{"embeddable":true,"href":"https:\/\/chilimag.hu\/webshop\/wp-json\/wp\/v2\/media\/39735"}],"wp:attachment":[{"href":"https:\/\/chilimag.hu\/webshop\/wp-json\/wp\/v2\/media?parent=39734"}],"wp:term":[{"taxonomy":"product_brand","embeddable":true,"href":"https:\/\/chilimag.hu\/webshop\/wp-json\/wp\/v2\/product_brand?post=39734"},{"taxonomy":"product_cat","embeddable":true,"href":"https:\/\/chilimag.hu\/webshop\/wp-json\/wp\/v2\/product_cat?post=39734"},{"taxonomy":"product_tag","embeddable":true,"href":"https:\/\/chilimag.hu\/webshop\/wp-json\/wp\/v2\/product_tag?post=39734"}],"curies":[{"name":"wp","href":"https:\/\/api.w.org\/{rel}","templated":true}]}}