{"id":39696,"date":"2026-02-07T18:20:42","date_gmt":"2026-02-07T18:20:42","guid":{"rendered":"https:\/\/chilimag.hu\/webshop\/?post_type=product&#038;p=39696"},"modified":"2026-04-03T15:55:55","modified_gmt":"2026-04-03T15:55:55","slug":"kukorica-dekor-mix-florian-bg","status":"publish","type":"product","link":"https:\/\/chilimag.hu\/webshop\/termek\/kukorica-dekor-mix-florian-bg\/","title":{"rendered":"Kukorica dekor mix Florian Bg"},"content":{"rendered":"","protected":false},"excerpt":{"rendered":"<p><img decoding=\"async\" class=\"\" src=\"https:\/\/c.cdnmp.net\/592978066\/brands\/1000002_logo.png\" alt=\"Florian\" width=\"151\" height=\"79\" \/><\/p>\n<p><strong>Le\u00edr\u00e1s<\/strong><\/p>\n<p>Az egyny\u00e1ri n\u00f6v\u00e9ny, amelyet a kicsi \u00e9s vonz\u00f3 h\u00fcvelyeknek k\u00f6sz\u00f6nhet\u0151en termesztenek, k\u00fcl\u00f6nb\u00f6z\u0151 sz\u00edn\u0171 szemekkel.<\/p>\n<p>Napos \u00e9s j\u00f3 v\u00edzelvezet\u00e9s\u0171 helyen n\u0151, rendszeres \u00f6nt\u00f6z\u00e9st ig\u00e9nyel. K\u00f6zvetlen\u00fcl vetik, a magoknak legal\u00e1bb 10 Celsius fokra van sz\u00fcks\u00e9g\u00fck a cs\u00edr\u00e1z\u00e1shoz.<\/p>\n<p>A gubacsokat azut\u00e1n szedik le, hogy a szem\u00fck m\u00e1r megkem\u00e9nyedett \u00e9s teljesen kifejl\u0151d\u00f6tt.<\/p>\n<p>Tartsa rajtuk a levelek egy r\u00e9sz\u00e9t, \u00e9s h\u0171v\u00f6s \u00e9s szell\u0151s helyis\u00e9gbe akassza le \u0151ket megsz\u00e1radni. Dekorat\u00edv c\u00e9lokra haszn\u00e1lj\u00e1k &#8211; d\u00edszk\u00e9nt friss vagy sz\u00e1r\u00edtott vir\u00e1gcsokrok rendez\u00e9sekor.<\/p>\n<p>M\u00e1jusban vetik.<\/p>\n<p>A magok mennyis\u00e9ge zs\u00e1konk\u00e9nt: 6 gramm (24 db).<\/p>\n<p>&nbsp;<\/p>\n","protected":false},"featured_media":39713,"comment_status":"closed","ping_status":"closed","template":"","meta":[],"product_brand":[],"product_cat":[384,379],"product_tag":[],"class_list":{"0":"post-39696","1":"product","2":"type-product","3":"status-publish","4":"has-post-thumbnail","6":"product_cat-virag-vetomagok-bolgar-florian-vetomagok","7":"product_cat-kukorica-vetomagok","9":"first","10":"instock","11":"taxable","12":"shipping-taxable","13":"purchasable","14":"product-type-simple"},"_links":{"self":[{"href":"https:\/\/chilimag.hu\/webshop\/wp-json\/wp\/v2\/product\/39696","targetHints":{"allow":["GET"]}}],"collection":[{"href":"https:\/\/chilimag.hu\/webshop\/wp-json\/wp\/v2\/product"}],"about":[{"href":"https:\/\/chilimag.hu\/webshop\/wp-json\/wp\/v2\/types\/product"}],"replies":[{"embeddable":true,"href":"https:\/\/chilimag.hu\/webshop\/wp-json\/wp\/v2\/comments?post=39696"}],"wp:featuredmedia":[{"embeddable":true,"href":"https:\/\/chilimag.hu\/webshop\/wp-json\/wp\/v2\/media\/39713"}],"wp:attachment":[{"href":"https:\/\/chilimag.hu\/webshop\/wp-json\/wp\/v2\/media?parent=39696"}],"wp:term":[{"taxonomy":"product_brand","embeddable":true,"href":"https:\/\/chilimag.hu\/webshop\/wp-json\/wp\/v2\/product_brand?post=39696"},{"taxonomy":"product_cat","embeddable":true,"href":"https:\/\/chilimag.hu\/webshop\/wp-json\/wp\/v2\/product_cat?post=39696"},{"taxonomy":"product_tag","embeddable":true,"href":"https:\/\/chilimag.hu\/webshop\/wp-json\/wp\/v2\/product_tag?post=39696"}],"curies":[{"name":"wp","href":"https:\/\/api.w.org\/{rel}","templated":true}]}}