{"id":39693,"date":"2026-02-07T18:13:46","date_gmt":"2026-02-07T18:13:46","guid":{"rendered":"https:\/\/chilimag.hu\/webshop\/?post_type=product&#038;p=39693"},"modified":"2026-04-02T04:39:17","modified_gmt":"2026-04-02T04:39:17","slug":"mangold-mix-florian-bg","status":"publish","type":"product","link":"https:\/\/chilimag.hu\/webshop\/termek\/mangold-mix-florian-bg\/","title":{"rendered":"Mangold Mix Florian Bg"},"content":{"rendered":"","protected":false},"excerpt":{"rendered":"<p><img decoding=\"async\" class=\"\" src=\"https:\/\/c.cdnmp.net\/592978066\/brands\/1000002_logo.png\" alt=\"Florian\" width=\"151\" height=\"79\" \/><\/p>\n<p><strong>Le\u00edr\u00e1s<\/strong><\/p>\n<p>A m\u00e1ngold egy k\u00e9t\u00e9ves n\u00f6v\u00e9ny, amelyet lev\u00e9lc\u00e9kla vagy spen\u00f3tc\u00e9kla n\u00e9ven ismernek. A leveleit a spen\u00f3thoz hasonl\u00f3an haszn\u00e1lj\u00e1k, amelyek magas vitamin- \u00e9s \u00e1sv\u00e1nyianyag-tartalommal rendelkeznek. Akkor takar\u00edtj\u00e1k be, amikor a levelek el\u00e9rik az \u00e9retts\u00e9get, aj\u00e1nlott a levelek t\u00f6bb mint egynegyed\u00e9t elt\u00e1vol\u00edtani, hogy ne mer\u00edts\u00fck ki a n\u00f6v\u00e9nyt. Sikeresen \u00e1ttelelhet, ha a hideg id\u0151 be\u00e1llta el\u0151tt elt\u00e1vol\u00edtj\u00e1k \u00e9s s\u0171r\u0171n \u00fcltetik a pince homokj\u00e1ba, f\u00e9ny fel\u00e9, vagy ha \u00fcvegh\u00e1zba \u00fcltetik.<\/p>\n<p>Vet\u00e9si m\u00e9lys\u00e9g 2-3 cm<br \/>\nVet\u00e9s m\u00e1rciusban kezd\u0151dik<br \/>\nVet\u00e9si mennyis\u00e9g 1,5 kg\/hekt\u00e1r<br \/>\nVet\u0151magtermeszt\u00e9si t\u00edpusok<br \/>\n\u00c1LTAL\u00c1NOS<br \/>\nTartalom 60 mag\/gramm<br \/>\nS\u00faly 3 gramm<br \/>\nHobbi \/ Professzion\u00e1lis hobbi term\u00e9kek<br \/>\n\u00dcltet\u00e9s m\u00e1rcius-\u00e1prilis<br \/>\nBetakar\u00edt\u00e1s m\u00e1jus-augusztus<br \/>\nVeget\u00e1ci\u00f3 65-80 nap<\/p>\n<p>&nbsp;<\/p>\n","protected":false},"featured_media":39694,"comment_status":"closed","ping_status":"closed","template":"","meta":[],"product_brand":[],"product_cat":[386],"product_tag":[],"class_list":{"0":"post-39693","1":"product","2":"type-product","3":"status-publish","4":"has-post-thumbnail","6":"product_cat-zoldseg-vetomagok-bolgar-florian-vetomagok","8":"first","9":"outofstock","10":"taxable","11":"shipping-taxable","12":"purchasable","13":"product-type-simple"},"_links":{"self":[{"href":"https:\/\/chilimag.hu\/webshop\/wp-json\/wp\/v2\/product\/39693","targetHints":{"allow":["GET"]}}],"collection":[{"href":"https:\/\/chilimag.hu\/webshop\/wp-json\/wp\/v2\/product"}],"about":[{"href":"https:\/\/chilimag.hu\/webshop\/wp-json\/wp\/v2\/types\/product"}],"replies":[{"embeddable":true,"href":"https:\/\/chilimag.hu\/webshop\/wp-json\/wp\/v2\/comments?post=39693"}],"wp:featuredmedia":[{"embeddable":true,"href":"https:\/\/chilimag.hu\/webshop\/wp-json\/wp\/v2\/media\/39694"}],"wp:attachment":[{"href":"https:\/\/chilimag.hu\/webshop\/wp-json\/wp\/v2\/media?parent=39693"}],"wp:term":[{"taxonomy":"product_brand","embeddable":true,"href":"https:\/\/chilimag.hu\/webshop\/wp-json\/wp\/v2\/product_brand?post=39693"},{"taxonomy":"product_cat","embeddable":true,"href":"https:\/\/chilimag.hu\/webshop\/wp-json\/wp\/v2\/product_cat?post=39693"},{"taxonomy":"product_tag","embeddable":true,"href":"https:\/\/chilimag.hu\/webshop\/wp-json\/wp\/v2\/product_tag?post=39693"}],"curies":[{"name":"wp","href":"https:\/\/api.w.org\/{rel}","templated":true}]}}