{"id":39689,"date":"2026-02-07T17:09:03","date_gmt":"2026-02-07T17:09:03","guid":{"rendered":"https:\/\/chilimag.hu\/webshop\/?post_type=product&#038;p=39689"},"modified":"2026-02-07T17:09:27","modified_gmt":"2026-02-07T17:09:27","slug":"zeller-goliath-f1-florian-bg","status":"publish","type":"product","link":"https:\/\/chilimag.hu\/webshop\/termek\/zeller-goliath-f1-florian-bg\/","title":{"rendered":"Zeller Goliath F1 Profy Line Florian Bg"},"content":{"rendered":"","protected":false},"excerpt":{"rendered":"<p><img decoding=\"async\" class=\"\" src=\"https:\/\/c.cdnmp.net\/592978066\/brands\/1000002_logo.png\" alt=\"Florian\" width=\"151\" height=\"79\" \/><\/p>\n<p><strong>Le\u00edr\u00e1s<\/strong><\/p>\n<p>Goliath F1 zeller (50 mag) feh\u00e9r sz\u00e1r\u00fa gy\u00f6k\u00e9rzeller, Florian<\/p>\n<p>Kiszerel\u00e9s: 50 mag<\/p>\n<p>Nagyon term\u00e9keny hibrid feh\u00e9r sz\u00e1r\u00fa gy\u00f6k\u00e9rrel, amely nem v\u00e1ltoztatja a sz\u00edn\u00e9t. Kerek \u00e9s vil\u00e1gos gy\u00f6kerekkel, valamint f\u00e9lig fel\u00e1ll\u00f3 s\u00f6t\u00e9tz\u00f6ld levelekkel rendelkezik.<\/p>\n<p>Kiv\u00e1l\u00f3an ellen\u00e1ll a fitoft\u00e1lynak \u00e9s a vir\u00e1gz\u00e1snak.<\/p>\n<p>Friss fogyaszt\u00e1sra \u00e9s t\u00e1rol\u00e1sra alkalmas.<\/p>\n<p>Vet\u00e9si id\u0151:<\/p>\n<p>&#8211; termeszt\u0151helyeken: janu\u00e1r 25-febru\u00e1r 25.<\/p>\n<p>&#8211; szabadf\u00f6ld\u00f6n: m\u00e1rcius 15-20.<\/p>\n<p>Vet\u00e9si mennyis\u00e9g: 10-20 g\/nap.<\/p>\n<p>M\u00e9lys\u00e9g: 0,5-1 cm.<\/p>\n<p>\u00dcltet\u00e9si minta: 30-40 cm x 25-30 cm-es sorokban.<\/p>\n<p>M\u0171szaki adatok:<\/p>\n<p>M\u00e9lys\u00e9g 0,5-1 cm<br \/>\nVet\u00e9s janu\u00e1r 25-febru\u00e1r 25.; m\u00e1rcius 15-20.<br \/>\nTermel\u00e9si t\u00edpusok magr\u00f3l, pal\u00e1nt\u00e1r\u00f3l<br \/>\n\u00c1ltal\u00e1nos:<\/p>\n<p>Sz\u00fcret szeptember-okt\u00f3ber<\/p>\n","protected":false},"featured_media":39690,"comment_status":"closed","ping_status":"closed","template":"","meta":[],"product_brand":[],"product_cat":[385],"product_tag":[],"class_list":{"0":"post-39689","1":"product","2":"type-product","3":"status-publish","4":"has-post-thumbnail","6":"product_cat-zeller-karalabe-cekla-vetomagok-bolgar-florian-vetomagok","8":"first","9":"instock","10":"taxable","11":"shipping-taxable","12":"purchasable","13":"product-type-simple"},"_links":{"self":[{"href":"https:\/\/chilimag.hu\/webshop\/wp-json\/wp\/v2\/product\/39689","targetHints":{"allow":["GET"]}}],"collection":[{"href":"https:\/\/chilimag.hu\/webshop\/wp-json\/wp\/v2\/product"}],"about":[{"href":"https:\/\/chilimag.hu\/webshop\/wp-json\/wp\/v2\/types\/product"}],"replies":[{"embeddable":true,"href":"https:\/\/chilimag.hu\/webshop\/wp-json\/wp\/v2\/comments?post=39689"}],"wp:featuredmedia":[{"embeddable":true,"href":"https:\/\/chilimag.hu\/webshop\/wp-json\/wp\/v2\/media\/39690"}],"wp:attachment":[{"href":"https:\/\/chilimag.hu\/webshop\/wp-json\/wp\/v2\/media?parent=39689"}],"wp:term":[{"taxonomy":"product_brand","embeddable":true,"href":"https:\/\/chilimag.hu\/webshop\/wp-json\/wp\/v2\/product_brand?post=39689"},{"taxonomy":"product_cat","embeddable":true,"href":"https:\/\/chilimag.hu\/webshop\/wp-json\/wp\/v2\/product_cat?post=39689"},{"taxonomy":"product_tag","embeddable":true,"href":"https:\/\/chilimag.hu\/webshop\/wp-json\/wp\/v2\/product_tag?post=39689"}],"curies":[{"name":"wp","href":"https:\/\/api.w.org\/{rel}","templated":true}]}}