{"id":39687,"date":"2026-02-07T17:03:40","date_gmt":"2026-02-07T17:03:40","guid":{"rendered":"https:\/\/chilimag.hu\/webshop\/?post_type=product&#038;p=39687"},"modified":"2026-03-29T09:32:07","modified_gmt":"2026-03-29T09:32:07","slug":"kapor-super-ducat-florian-bg","status":"publish","type":"product","link":"https:\/\/chilimag.hu\/webshop\/termek\/kapor-super-ducat-florian-bg\/","title":{"rendered":"Kapor Super Ducat Florian Bg"},"content":{"rendered":"","protected":false},"excerpt":{"rendered":"<p><img decoding=\"async\" class=\"\" src=\"https:\/\/c.cdnmp.net\/592978066\/brands\/1000002_logo.png\" alt=\"Florian\" width=\"151\" height=\"79\" \/><\/p>\n<p><strong>Le\u00edr\u00e1s<\/strong><\/p>\n<p>Dill Super Ducat (2500 mag) illatos kapor, Florian<\/p>\n<p>Kiszerel\u00e9s: 2500 mag (5 g)<\/p>\n<p>A kapor egy egyny\u00e1ri l\u00e1gysz\u00e1r\u00fa n\u00f6v\u00e9ny, amelynek veget\u00e1ci\u00f3s ideje k\u00f6r\u00fclbel\u00fcl 120 nap.<\/p>\n<p>A magokat m\u00e1rcius 5-15. k\u00f6z\u00f6tt vetik.<\/p>\n<p>Technikai adatok:<\/p>\n<p>Vet\u00e9si m\u00e9lys\u00e9g 1,5-2 cm<br \/>\nVet\u00e9si mennyis\u00e9g 1,5-2 kg\/1000 m\u00e9ter<br \/>\nVet\u0151magtermeszt\u00e9si t\u00edpusok<br \/>\n\u00c1ltal\u00e1nos:<\/p>\n<p>Tartalom 500-550 mag\/gramm<br \/>\n\u00dcltet\u00e9s m\u00e1rcius 5-15.<br \/>\nBetakar\u00edt\u00e1s j\u00faniusban kezd\u0151dik<br \/>\nVeget\u00e1ci\u00f3 120 nap<\/p>\n<p>&nbsp;<\/p>\n","protected":false},"featured_media":39688,"comment_status":"closed","ping_status":"closed","template":"","meta":[],"product_brand":[],"product_cat":[374],"product_tag":[],"class_list":{"0":"post-39687","1":"product","2":"type-product","3":"status-publish","4":"has-post-thumbnail","6":"product_cat-fuszer-es-gyogynoveny-vetomagok-bolgar-florian-vetomagok","8":"first","9":"instock","10":"taxable","11":"shipping-taxable","12":"purchasable","13":"product-type-simple"},"_links":{"self":[{"href":"https:\/\/chilimag.hu\/webshop\/wp-json\/wp\/v2\/product\/39687","targetHints":{"allow":["GET"]}}],"collection":[{"href":"https:\/\/chilimag.hu\/webshop\/wp-json\/wp\/v2\/product"}],"about":[{"href":"https:\/\/chilimag.hu\/webshop\/wp-json\/wp\/v2\/types\/product"}],"replies":[{"embeddable":true,"href":"https:\/\/chilimag.hu\/webshop\/wp-json\/wp\/v2\/comments?post=39687"}],"wp:featuredmedia":[{"embeddable":true,"href":"https:\/\/chilimag.hu\/webshop\/wp-json\/wp\/v2\/media\/39688"}],"wp:attachment":[{"href":"https:\/\/chilimag.hu\/webshop\/wp-json\/wp\/v2\/media?parent=39687"}],"wp:term":[{"taxonomy":"product_brand","embeddable":true,"href":"https:\/\/chilimag.hu\/webshop\/wp-json\/wp\/v2\/product_brand?post=39687"},{"taxonomy":"product_cat","embeddable":true,"href":"https:\/\/chilimag.hu\/webshop\/wp-json\/wp\/v2\/product_cat?post=39687"},{"taxonomy":"product_tag","embeddable":true,"href":"https:\/\/chilimag.hu\/webshop\/wp-json\/wp\/v2\/product_tag?post=39687"}],"curies":[{"name":"wp","href":"https:\/\/api.w.org\/{rel}","templated":true}]}}