{"id":39685,"date":"2026-02-07T16:46:55","date_gmt":"2026-02-07T16:46:55","guid":{"rendered":"https:\/\/chilimag.hu\/webshop\/?post_type=product&#038;p=39685"},"modified":"2026-03-15T15:45:16","modified_gmt":"2026-03-15T15:45:16","slug":"cukkini-brilyant-f1-fito-sakata","status":"publish","type":"product","link":"https:\/\/chilimag.hu\/webshop\/termek\/cukkini-brilyant-f1-fito-sakata\/","title":{"rendered":"Cukkini Brilyant F1 Fito Sakata"},"content":{"rendered":"","protected":false},"excerpt":{"rendered":"<p><strong>Le\u00edr\u00e1s<\/strong><\/p>\n<p>A ZUCCHINI BRILLIANT F1 egy korai z\u00f6ld cukkini hibrid, magas term\u0151k\u00e9pess\u00e9ggel \u00e9s kiv\u00e1l\u00f3 \u00edzzel.<\/p>\n<p>A n\u00f6v\u00e9nyek kompakt, egysz\u00e1l\u00fa bokrot alkotnak r\u00f6vid\u00fclt intern\u00f3diumokkal, gyors n\u00f6veked\u00e9si \u00fctemmel \u00e9s 53 napos veget\u00e1ci\u00f3s id\u0151szakkal. A gy\u00fcm\u00f6lcs\u00f6k hengeresek, s\u00f6t\u00e9tz\u00f6ldek, vil\u00e1gosabb foltokkal, feh\u00e9r, s\u0171r\u0171 szerkezettel \u00e9s kiv\u00e1l\u00f3 \u00edzzel. Alkalmas hibrid \u00fcvegh\u00e1zi \u00e9s szabadf\u00f6ldi termeszt\u00e9sre.<\/p>\n<p>Vet\u00e9s 4-5 cm m\u00e9lys\u00e9gben \u00e1prilis k\u00f6zep\u00e9t\u0151l m\u00e1jus elej\u00e9ig, 100&#215;50 cm-es t\u0151t\u00e1vols\u00e1ggal. Korai k\u00f6zvetlen vet\u00e9ssel a fiatal n\u00f6v\u00e9nyeket meg lehet t\u00e1masztani. A tov\u00e1bbi vet\u00e9sek elker\u00fcl\u00e9se \u00e9rdek\u00e9ben t\u00f6bb maggal is vethet\u00fcnk f\u00e9szekben, k\u00fcl\u00f6nb\u00f6z\u0151 m\u00e9lys\u00e9gekben. A fagyvesz\u00e9ly elm\u00falt\u00e1val a kev\u00e9sb\u00e9 fejlett n\u00f6v\u00e9nyeket elt\u00e1vol\u00edtjuk. Pal\u00e1ntanevel\u00e9s eset\u00e9n a vet\u00e9si id\u0151pontokat \u00fagy hat\u00e1rozzuk meg, hogy az \u00e1t\u00fcltet\u00e9skor a n\u00f6v\u00e9nyek 30-35 naposak legyenek \u00e9s 2-3 val\u00f3di level\u00fck legyen. A vet\u00e9st f\u0171t\u00f6tt helyis\u00e9gben v\u00e9gezz\u00fck. A cs\u00edr\u00e1z\u00e1shoz sz\u00fcks\u00e9ges minim\u00e1lis talajh\u0151m\u00e9rs\u00e9klet &#8211; 12-15\u00b0C 7-10 napig.<\/p>\n<p>A csomag 10 szem magot tartalmaz<\/p>\n<p>&nbsp;<\/p>\n","protected":false},"featured_media":39714,"comment_status":"closed","ping_status":"closed","template":"","meta":[],"product_brand":[],"product_cat":[392],"product_tag":[],"class_list":{"0":"post-39685","1":"product","2":"type-product","3":"status-publish","4":"has-post-thumbnail","6":"product_cat-japan-sakata-vetomagok","8":"first","9":"instock","10":"taxable","11":"shipping-taxable","12":"purchasable","13":"product-type-simple"},"_links":{"self":[{"href":"https:\/\/chilimag.hu\/webshop\/wp-json\/wp\/v2\/product\/39685","targetHints":{"allow":["GET"]}}],"collection":[{"href":"https:\/\/chilimag.hu\/webshop\/wp-json\/wp\/v2\/product"}],"about":[{"href":"https:\/\/chilimag.hu\/webshop\/wp-json\/wp\/v2\/types\/product"}],"replies":[{"embeddable":true,"href":"https:\/\/chilimag.hu\/webshop\/wp-json\/wp\/v2\/comments?post=39685"}],"wp:featuredmedia":[{"embeddable":true,"href":"https:\/\/chilimag.hu\/webshop\/wp-json\/wp\/v2\/media\/39714"}],"wp:attachment":[{"href":"https:\/\/chilimag.hu\/webshop\/wp-json\/wp\/v2\/media?parent=39685"}],"wp:term":[{"taxonomy":"product_brand","embeddable":true,"href":"https:\/\/chilimag.hu\/webshop\/wp-json\/wp\/v2\/product_brand?post=39685"},{"taxonomy":"product_cat","embeddable":true,"href":"https:\/\/chilimag.hu\/webshop\/wp-json\/wp\/v2\/product_cat?post=39685"},{"taxonomy":"product_tag","embeddable":true,"href":"https:\/\/chilimag.hu\/webshop\/wp-json\/wp\/v2\/product_tag?post=39685"}],"curies":[{"name":"wp","href":"https:\/\/api.w.org\/{rel}","templated":true}]}}