{"id":39682,"date":"2026-02-07T16:39:36","date_gmt":"2026-02-07T16:39:36","guid":{"rendered":"https:\/\/chilimag.hu\/webshop\/?post_type=product&#038;p=39682"},"modified":"2026-03-13T06:30:25","modified_gmt":"2026-03-13T06:30:25","slug":"patisszon-yellow-florian-bg","status":"publish","type":"product","link":"https:\/\/chilimag.hu\/webshop\/termek\/patisszon-yellow-florian-bg\/","title":{"rendered":"Patiszon Yellow Florian Bg"},"content":{"rendered":"","protected":false},"excerpt":{"rendered":"<p><img decoding=\"async\" class=\"\" src=\"https:\/\/c.cdnmp.net\/592978066\/brands\/1000002_logo.png\" alt=\"Florian\" width=\"151\" height=\"79\" \/><\/p>\n<p><strong>Le\u00edr\u00e1s<\/strong><\/p>\n<p>M\u00e1rcius elej\u00e9t\u0151l j\u00fanius elej\u00e9ig vetik, a talaj h\u0151m\u00e9rs\u00e9klet\u00e9t 15 fok k\u00f6r\u00fcl kell tartani.<\/p>\n<p>M\u0171szaki adatok:<\/p>\n<p>Vet\u00e9si m\u00e9lys\u00e9g 2-3 cm<\/p>\n<p>M\u00e1rciusban kezd\u0151d\u0151 vet\u00e9s<\/p>\n<p>Vet\u00e9si mennyis\u00e9g 200-400 gramm\/hekt\u00e1r<\/p>\n<p>Vet\u0151magtermeszt\u00e9s t\u00edpusai<\/p>\n<p>\u00c1ltal\u00e1nos:<\/p>\n<p>Tartalom 10-14 mag\/gramm<\/p>\n<p>T\u00f6meg 2 gramm<\/p>\n<p>Vet\u00e9s m\u00e1rcius<br \/>\nBetakar\u00edt\u00e1s j\u00fanius<br \/>\nVeget\u00e1ci\u00f3 65-70 nap<\/p>\n<p>&nbsp;<\/p>\n","protected":false},"featured_media":39683,"comment_status":"closed","ping_status":"closed","template":"","meta":[],"product_brand":[],"product_cat":[373],"product_tag":[],"class_list":{"0":"post-39682","1":"product","2":"type-product","3":"status-publish","4":"has-post-thumbnail","6":"product_cat-dinnye-es-tok-vetomagok-bolgar-florian-vetomagok","8":"first","9":"outofstock","10":"taxable","11":"shipping-taxable","12":"purchasable","13":"product-type-simple"},"_links":{"self":[{"href":"https:\/\/chilimag.hu\/webshop\/wp-json\/wp\/v2\/product\/39682","targetHints":{"allow":["GET"]}}],"collection":[{"href":"https:\/\/chilimag.hu\/webshop\/wp-json\/wp\/v2\/product"}],"about":[{"href":"https:\/\/chilimag.hu\/webshop\/wp-json\/wp\/v2\/types\/product"}],"replies":[{"embeddable":true,"href":"https:\/\/chilimag.hu\/webshop\/wp-json\/wp\/v2\/comments?post=39682"}],"wp:featuredmedia":[{"embeddable":true,"href":"https:\/\/chilimag.hu\/webshop\/wp-json\/wp\/v2\/media\/39683"}],"wp:attachment":[{"href":"https:\/\/chilimag.hu\/webshop\/wp-json\/wp\/v2\/media?parent=39682"}],"wp:term":[{"taxonomy":"product_brand","embeddable":true,"href":"https:\/\/chilimag.hu\/webshop\/wp-json\/wp\/v2\/product_brand?post=39682"},{"taxonomy":"product_cat","embeddable":true,"href":"https:\/\/chilimag.hu\/webshop\/wp-json\/wp\/v2\/product_cat?post=39682"},{"taxonomy":"product_tag","embeddable":true,"href":"https:\/\/chilimag.hu\/webshop\/wp-json\/wp\/v2\/product_tag?post=39682"}],"curies":[{"name":"wp","href":"https:\/\/api.w.org\/{rel}","templated":true}]}}