{"id":39665,"date":"2026-02-06T19:01:01","date_gmt":"2026-02-06T19:01:01","guid":{"rendered":"https:\/\/chilimag.hu\/webshop\/?post_type=product&#038;p=39665"},"modified":"2026-03-03T10:29:25","modified_gmt":"2026-03-03T10:29:25","slug":"padlizsan-violette-de-florence-florian-bg","status":"publish","type":"product","link":"https:\/\/chilimag.hu\/webshop\/termek\/padlizsan-violette-de-florence-florian-bg\/","title":{"rendered":"Padlizs\u00e1n Violette de Florence Florian Bg"},"content":{"rendered":"","protected":false},"excerpt":{"rendered":"<p><img decoding=\"async\" class=\"\" src=\"https:\/\/c.cdnmp.net\/592978066\/brands\/1000002_logo.png\" alt=\"Florian\" width=\"151\" height=\"79\" \/><\/p>\n<p><strong>Le\u00edr\u00e1s<\/strong><\/p>\n<p>Nagyon term\u00e9keny, k\u00f6z\u00e9pkorai fajta, amely vonz\u00f3, kiv\u00e1l\u00f3 megjelen\u00e9s\u0171 \u00e9s \u00edz\u0171 gy\u00fcm\u00f6lcs\u00f6ket terem. Jellemz\u0151je a kiss\u00e9 megny\u00falt vagy kerek, enyh\u00e9n \u00e9rdes, \u00e9l\u00e9nk lila sz\u00edn\u0171, levendula \u00e1rnyalat\u00fa, t\u00f6v\u00e9n\u00e9l feh\u00e9r gy\u00fcm\u00f6lcs. A mag feh\u00e9r sz\u00edn\u0171, kellemes \u00edz\u0171, keserny\u00e9sed\u00e9s n\u00e9lk\u00fcl. A veget\u00e1ci\u00f3s id\u0151szak 85-97 nap.<\/p>\n<p>Korai termeszt\u00e9shez a vet\u00e9si id\u0151szak janu\u00e1r 25. \u00e9s febru\u00e1r 5. k\u00f6z\u00f6tt van, k\u00f6zepes termeszt\u00e9shez pedig \u00e1prilis 25. \u00e9s 30. k\u00f6z\u00f6tt.<\/p>\n<p>Magmennyis\u00e9g tasakonk\u00e9nt: 1 gramm &#8211; 180-220 mag<\/p>\n<p>M\u0171szaki adatok:<\/p>\n<p>Vet\u00e9si m\u00e9lys\u00e9g 1-1,5 cm<\/p>\n<p>Vet\u00e9s janu\u00e1r 25. \u00e9s febru\u00e1r 5. k\u00f6z\u00f6tt, \u00e1prilis 25-30. k\u00f6z\u00f6tt<\/p>\n<p>Vet\u00e9si mennyis\u00e9g 50 gramm\/hekt\u00e1r<\/p>\n<p>Vet\u0151magtermeszt\u00e9si t\u00edpusok<\/p>\n<p>\u00c1ltal\u00e1nos:<\/p>\n<p>Tartalom 180-220 mag\/gramm<\/p>\n<p>T\u00f6meg 1,5 gramm<\/p>\n<p>Vet\u00e9s janu\u00e1r-m\u00e1jus<br \/>\nSz\u00fcret j\u00fanius-szeptember<br \/>\nVeget\u00e1ci\u00f3 85-97 nap<\/p>\n<p>&nbsp;<\/p>\n","protected":false},"featured_media":39666,"comment_status":"closed","ping_status":"closed","template":"","meta":[],"product_brand":[],"product_cat":[383],"product_tag":[],"class_list":{"0":"post-39665","1":"product","2":"type-product","3":"status-publish","4":"has-post-thumbnail","6":"product_cat-uborka-es-padlizsan-vetomagok","8":"first","9":"instock","10":"taxable","11":"shipping-taxable","12":"purchasable","13":"product-type-simple"},"_links":{"self":[{"href":"https:\/\/chilimag.hu\/webshop\/wp-json\/wp\/v2\/product\/39665","targetHints":{"allow":["GET"]}}],"collection":[{"href":"https:\/\/chilimag.hu\/webshop\/wp-json\/wp\/v2\/product"}],"about":[{"href":"https:\/\/chilimag.hu\/webshop\/wp-json\/wp\/v2\/types\/product"}],"replies":[{"embeddable":true,"href":"https:\/\/chilimag.hu\/webshop\/wp-json\/wp\/v2\/comments?post=39665"}],"wp:featuredmedia":[{"embeddable":true,"href":"https:\/\/chilimag.hu\/webshop\/wp-json\/wp\/v2\/media\/39666"}],"wp:attachment":[{"href":"https:\/\/chilimag.hu\/webshop\/wp-json\/wp\/v2\/media?parent=39665"}],"wp:term":[{"taxonomy":"product_brand","embeddable":true,"href":"https:\/\/chilimag.hu\/webshop\/wp-json\/wp\/v2\/product_brand?post=39665"},{"taxonomy":"product_cat","embeddable":true,"href":"https:\/\/chilimag.hu\/webshop\/wp-json\/wp\/v2\/product_cat?post=39665"},{"taxonomy":"product_tag","embeddable":true,"href":"https:\/\/chilimag.hu\/webshop\/wp-json\/wp\/v2\/product_tag?post=39665"}],"curies":[{"name":"wp","href":"https:\/\/api.w.org\/{rel}","templated":true}]}}