{"id":39644,"date":"2026-02-06T14:28:48","date_gmt":"2026-02-06T14:28:48","guid":{"rendered":"https:\/\/chilimag.hu\/webshop\/?post_type=product&#038;p=39644"},"modified":"2026-03-28T22:42:15","modified_gmt":"2026-03-28T22:42:15","slug":"uborka-testy-gold","status":"publish","type":"product","link":"https:\/\/chilimag.hu\/webshop\/termek\/uborka-testy-gold\/","title":{"rendered":"Uborka Testy Gold Profy Line Florian Bg"},"content":{"rendered":"","protected":false},"excerpt":{"rendered":"<p><img decoding=\"async\" class=\"\" src=\"https:\/\/c.cdnmp.net\/592978066\/brands\/1000002_logo.png\" alt=\"Florian\" width=\"151\" height=\"79\" \/><\/p>\n<p>&nbsp;<\/p>\n<p><strong>Le\u00edr\u00e1s<\/strong><\/p>\n<p>&nbsp;<\/p>\n<p>Tasty Gold F1 (20 mag) extra korai hossz\u00fa uborka, magas hozam\u00fa, TOKITA<\/p>\n<p>Csomag: 20 mag<\/p>\n<p>A Tasty Gold az extra korai uborka hibridje, magas hozam\u00fa, t\u00f6r\u00e9keny, ropog\u00f3s, hossz\u00fa uborka, gazdag n\u0151ivar\u00fa vir\u00e1gokkal. A fajta lisztharmatt\u0171r\u0151. Alkalmas \u00fcvegh\u00e1zi \u00e9s szabadf\u00f6ldi termeszt\u00e9sre, ellen\u00e1ll az alacsony \u00e9s magas h\u0151m\u00e9rs\u00e9kletnek. A gy\u00fcm\u00f6lcs\u00f6k 29-33 cm hossz\u00faak, s\u00f6t\u00e9tz\u00f6ld sz\u00edn\u0171ek, apr\u00f3 feh\u00e9r t\u00f6visekkel.<br \/>\n\u00dcvegh\u00e1zi \u00e9s szabadf\u00f6ldi termeszt\u00e9sre.<\/p>\n<p>A csomag 20 szem magot tartalmaz<\/p>\n<p>&nbsp;<\/p>\n<p>&nbsp;<\/p>\n<p>&nbsp;<\/p>\n","protected":false},"featured_media":39646,"comment_status":"closed","ping_status":"closed","template":"","meta":[],"product_brand":[],"product_cat":[383],"product_tag":[],"class_list":{"0":"post-39644","1":"product","2":"type-product","3":"status-publish","4":"has-post-thumbnail","6":"product_cat-uborka-es-padlizsan-vetomagok","8":"first","9":"instock","10":"taxable","11":"shipping-taxable","12":"purchasable","13":"product-type-simple"},"_links":{"self":[{"href":"https:\/\/chilimag.hu\/webshop\/wp-json\/wp\/v2\/product\/39644","targetHints":{"allow":["GET"]}}],"collection":[{"href":"https:\/\/chilimag.hu\/webshop\/wp-json\/wp\/v2\/product"}],"about":[{"href":"https:\/\/chilimag.hu\/webshop\/wp-json\/wp\/v2\/types\/product"}],"replies":[{"embeddable":true,"href":"https:\/\/chilimag.hu\/webshop\/wp-json\/wp\/v2\/comments?post=39644"}],"wp:featuredmedia":[{"embeddable":true,"href":"https:\/\/chilimag.hu\/webshop\/wp-json\/wp\/v2\/media\/39646"}],"wp:attachment":[{"href":"https:\/\/chilimag.hu\/webshop\/wp-json\/wp\/v2\/media?parent=39644"}],"wp:term":[{"taxonomy":"product_brand","embeddable":true,"href":"https:\/\/chilimag.hu\/webshop\/wp-json\/wp\/v2\/product_brand?post=39644"},{"taxonomy":"product_cat","embeddable":true,"href":"https:\/\/chilimag.hu\/webshop\/wp-json\/wp\/v2\/product_cat?post=39644"},{"taxonomy":"product_tag","embeddable":true,"href":"https:\/\/chilimag.hu\/webshop\/wp-json\/wp\/v2\/product_tag?post=39644"}],"curies":[{"name":"wp","href":"https:\/\/api.w.org\/{rel}","templated":true}]}}