{"id":39628,"date":"2026-02-05T20:08:02","date_gmt":"2026-02-05T20:08:02","guid":{"rendered":"https:\/\/chilimag.hu\/webshop\/?post_type=product&#038;p=39628"},"modified":"2026-05-05T08:54:43","modified_gmt":"2026-05-05T08:54:43","slug":"uborka-ronda-f1-sakata","status":"publish","type":"product","link":"https:\/\/chilimag.hu\/webshop\/termek\/uborka-ronda-f1-sakata\/","title":{"rendered":"Uborka Ronda F1 Sakata"},"content":{"rendered":"","protected":false},"excerpt":{"rendered":"<p><img decoding=\"async\" class=\"general_border\" src=\"https:\/\/seminteplante.ro\/img\/m\/37-brand_default.jpg\" alt=\"Sakata\" width=\"154\" height=\"70\" \/><\/p>\n<p>&nbsp;<\/p>\n<p>A RONDA F1 uborka egy rendk\u00edv\u00fcl term\u00e9keny, rendk\u00edv\u00fcl er\u0151teljes hibrid k\u00fclt\u00e9ri termeszt\u00e9sre. Friss fogyaszt\u00e1sra \u00e9s feldolgoz\u00e1sra alkalmas.<\/p>\n<p>Nagy term\u00e9s\u0171, rendk\u00edv\u00fcl er\u0151teljes hibrid k\u00fclt\u00e9ri termeszt\u00e9sre. Friss fogyaszt\u00e1sra \u00e9s feldolgoz\u00e1sra alkalmas.<br \/>\nA n\u00f6v\u00e9nyek r\u00f6vid intern\u00f3diumokkal, t\u00f6bb\u00e1g\u00fa \u00e1gakkal rendelkeznek, csak n\u0151ivar\u00fa vir\u00e1gokkal. A gy\u00fcm\u00f6lcs\u00f6k s\u00f6t\u00e9tz\u00f6ldek, apr\u00f3 feh\u00e9r t\u00fcsk\u00e9kkel, s\u0171r\u0171ek, t\u00f6r\u00e9kenyek, ropog\u00f3sak \u00e9s kiv\u00e1l\u00f3 \u00edz\u0171ek, a technol\u00f3giai \u00e9retts\u00e9gben a gy\u00fcm\u00f6lcs m\u00e9rete 5-9 cm hossz\u00fa \u00e9s 2-4 cm \u00e1tm\u00e9r\u0151j\u0171. Nagyon j\u00f3 ellen\u00e1ll\u00f3k\u00e9pess\u00e9g\u0171 a lisztharmattal (k\u00f6z\u00f6ns\u00e9ges \u00e9s lisztharmat) \u00e9s az antrakn\u00f3zissal szemben. Viszonylag j\u00f3 ellen\u00e1ll\u00f3k\u00e9pess\u00e9g\u0171 a v\u00edrusos betegs\u00e9gekkel szemben, bele\u00e9rtve az uborka mozaikv\u00edrus\u00e1t is.<br \/>\nK\u00f6zvetlen vet\u00e9s 2-3 cm m\u00e9lys\u00e9gben \u00e1prilis v\u00e9g\u00e9t\u0151l m\u00e1jus elej\u00e9ig, vagy j\u00fanius k\u00f6zep\u00e9t\u0151l j\u00falius k\u00f6zep\u00e9ig a m\u00e1sodik betakar\u00edt\u00e1shoz.<br \/>\nVet\u00e9si terv szerkezeti termeszt\u00e9s eset\u00e9n &#8211; 90\/20-25 cm. Optim\u00e1lis talajh\u0151m\u00e9rs\u00e9klet a cs\u00edr\u00e1z\u00e1shoz &#8211; 20-25\u00b0C 5-7 napig.<\/p>\n<p>A csomag 30 szem magot tartalmaz<\/p>\n","protected":false},"featured_media":39629,"comment_status":"closed","ping_status":"closed","template":"","meta":[],"product_brand":[],"product_cat":[392],"product_tag":[],"class_list":{"0":"post-39628","1":"product","2":"type-product","3":"status-publish","4":"has-post-thumbnail","6":"product_cat-japan-sakata-vetomagok","8":"first","9":"outofstock","10":"taxable","11":"shipping-taxable","12":"purchasable","13":"product-type-simple"},"_links":{"self":[{"href":"https:\/\/chilimag.hu\/webshop\/wp-json\/wp\/v2\/product\/39628","targetHints":{"allow":["GET"]}}],"collection":[{"href":"https:\/\/chilimag.hu\/webshop\/wp-json\/wp\/v2\/product"}],"about":[{"href":"https:\/\/chilimag.hu\/webshop\/wp-json\/wp\/v2\/types\/product"}],"replies":[{"embeddable":true,"href":"https:\/\/chilimag.hu\/webshop\/wp-json\/wp\/v2\/comments?post=39628"}],"wp:featuredmedia":[{"embeddable":true,"href":"https:\/\/chilimag.hu\/webshop\/wp-json\/wp\/v2\/media\/39629"}],"wp:attachment":[{"href":"https:\/\/chilimag.hu\/webshop\/wp-json\/wp\/v2\/media?parent=39628"}],"wp:term":[{"taxonomy":"product_brand","embeddable":true,"href":"https:\/\/chilimag.hu\/webshop\/wp-json\/wp\/v2\/product_brand?post=39628"},{"taxonomy":"product_cat","embeddable":true,"href":"https:\/\/chilimag.hu\/webshop\/wp-json\/wp\/v2\/product_cat?post=39628"},{"taxonomy":"product_tag","embeddable":true,"href":"https:\/\/chilimag.hu\/webshop\/wp-json\/wp\/v2\/product_tag?post=39628"}],"curies":[{"name":"wp","href":"https:\/\/api.w.org\/{rel}","templated":true}]}}