{"id":39616,"date":"2026-02-05T19:22:03","date_gmt":"2026-02-05T19:22:03","guid":{"rendered":"https:\/\/chilimag.hu\/webshop\/?post_type=product&#038;p=39616"},"modified":"2026-03-31T22:31:41","modified_gmt":"2026-03-31T22:31:41","slug":"paradicsom-prista-f1-50-szem-geosem-bg","status":"publish","type":"product","link":"https:\/\/chilimag.hu\/webshop\/termek\/paradicsom-prista-f1-50-szem-geosem-bg\/","title":{"rendered":"Paradicsom Prista F1 50 szem Geosem Bg"},"content":{"rendered":"","protected":false},"excerpt":{"rendered":"<p><img decoding=\"async\" class=\"sFlh5c pT0Scc iPVvYb\" src=\"https:\/\/www.semplus.ro\/image\/cache\/catalog\/producatori\/logo-producator-geosem-select-500x262h.jpg\" alt=\"Geosem Select\" width=\"153\" height=\"80\" aria-hidden=\"false\" \/><\/p>\n<p><strong>Le\u00edr\u00e1s<\/strong><\/p>\n<p>A Prista F1 egy Bulg\u00e1ri\u00e1b\u00f3l sz\u00e1rmaz\u00f3 hibrid, amelyet a Geosem Select c\u00e9g termeszt. A hibrid hat\u00e1rozatlan n\u00f6veked\u00e9s\u0171, kiv\u00e1l\u00f3 \u00edz\u0171, \u00e9s k\u00f6z\u00e9pkorai \u00e9r\u00e9s\u0171. A gy\u00fcm\u00f6lcs\u00f6k egyform\u00e1k, kem\u00e9nyek, sz\u00e1ll\u00edt\u00e1s\u00e1ll\u00f3ak, sz\u00edn\u00fck intenz\u00edv piros, alakjuk kerek-lapos.<\/p>\n<p>A Prista F1 hibrid s\u00falya el\u00e9rheti a 200-220 g k\u00f6z\u00f6tti \u00e9rt\u00e9ket.<\/p>\n<p>A Prista F1 paradicsom kiv\u00e1l\u00f3 betegs\u00e9g-ellen\u00e1ll\u00f3 k\u00e9pess\u00e9ggel rendelkezik.<\/p>\n<p>Betegs\u00e9g-ellen\u00e1ll\u00f3s\u00e1g:<\/p>\n<p>ToMV &#8211; Paradicsom mozaikv\u00edrus;<br \/>\nVd &#8211; Verticillium hervad\u00e1s &#8211; Verticilium dahliae;<br \/>\nTSWV &#8211; Paradicsom \u00fcsz\u00f6gv\u00edrus;<br \/>\nFol &#8211; \u00c9rrendszeri hervad\u00e1s;<br \/>\nFor &#8211; \u00c9rrendszeri gy\u00f6k\u00e9rhervad\u00e1s.<\/p>\n<p>&nbsp;<\/p>\n","protected":false},"featured_media":39617,"comment_status":"closed","ping_status":"closed","template":"","meta":[],"product_brand":[],"product_cat":[318],"product_tag":[],"class_list":{"0":"post-39616","1":"product","2":"type-product","3":"status-publish","4":"has-post-thumbnail","6":"product_cat-bolgar-geosem-es-egyeb-vetomagok","8":"first","9":"instock","10":"taxable","11":"shipping-taxable","12":"purchasable","13":"product-type-simple"},"_links":{"self":[{"href":"https:\/\/chilimag.hu\/webshop\/wp-json\/wp\/v2\/product\/39616","targetHints":{"allow":["GET"]}}],"collection":[{"href":"https:\/\/chilimag.hu\/webshop\/wp-json\/wp\/v2\/product"}],"about":[{"href":"https:\/\/chilimag.hu\/webshop\/wp-json\/wp\/v2\/types\/product"}],"replies":[{"embeddable":true,"href":"https:\/\/chilimag.hu\/webshop\/wp-json\/wp\/v2\/comments?post=39616"}],"wp:featuredmedia":[{"embeddable":true,"href":"https:\/\/chilimag.hu\/webshop\/wp-json\/wp\/v2\/media\/39617"}],"wp:attachment":[{"href":"https:\/\/chilimag.hu\/webshop\/wp-json\/wp\/v2\/media?parent=39616"}],"wp:term":[{"taxonomy":"product_brand","embeddable":true,"href":"https:\/\/chilimag.hu\/webshop\/wp-json\/wp\/v2\/product_brand?post=39616"},{"taxonomy":"product_cat","embeddable":true,"href":"https:\/\/chilimag.hu\/webshop\/wp-json\/wp\/v2\/product_cat?post=39616"},{"taxonomy":"product_tag","embeddable":true,"href":"https:\/\/chilimag.hu\/webshop\/wp-json\/wp\/v2\/product_tag?post=39616"}],"curies":[{"name":"wp","href":"https:\/\/api.w.org\/{rel}","templated":true}]}}