{"id":39614,"date":"2026-02-05T18:50:39","date_gmt":"2026-02-05T18:50:39","guid":{"rendered":"https:\/\/chilimag.hu\/webshop\/?post_type=product&#038;p=39614"},"modified":"2026-02-16T21:29:22","modified_gmt":"2026-02-16T21:29:22","slug":"paradicsom-costoluto-fiorentino-florian-bg","status":"publish","type":"product","link":"https:\/\/chilimag.hu\/webshop\/termek\/paradicsom-costoluto-fiorentino-florian-bg\/","title":{"rendered":"Paradicsom Kostoluto Fiorentino Florian Bg"},"content":{"rendered":"","protected":false},"excerpt":{"rendered":"<p><img decoding=\"async\" class=\"\" src=\"https:\/\/c.cdnmp.net\/592978066\/brands\/1000002_logo.png\" alt=\"Florian\" width=\"151\" height=\"79\" \/><\/p>\n<p><strong>Le\u00edr\u00e1s<\/strong><\/p>\n<p>Rendk\u00edv\u00fcl term\u00e9keny fajta, szabadf\u00f6ldi termeszt\u00e9sre alkalmas. A gy\u00fcm\u00f6lcs\u00f6k nagyok, g\u00f6nd\u00f6rek, kem\u00e9nyek, m\u00e9lyv\u00f6r\u00f6s sz\u00edn\u0171ek, \u00e1tlagos t\u00f6meg\u00fck 300-400 g. Friss fogyaszt\u00e1sra \u00e9s feldolgoz\u00e1sra alkalmas. Veget\u00e1ci\u00f3s id\u0151szak 80 nap.<\/p>\n<p>Vet\u00e9si id\u0151:<\/p>\n<p>korai term\u00e9shez janu\u00e1r 20. &#8211; febru\u00e1r 25.<br \/>\nk\u00f6z\u00e9pkorai term\u00e9shez m\u00e1rcius 1-30.<br \/>\nk\u00e9s\u0151i term\u00e9shez \u00e1prilis 25. &#8211; m\u00e1jus 10.<br \/>\nVet\u00e9si m\u00e9lys\u00e9g 1-3 cm.<br \/>\nMagmennyis\u00e9g zacsk\u00f3nk\u00e9nt: 0,2 gramm (6 db).<br \/>\nM\u0171szaki adatok:<\/p>\n<p>Vet\u00e9si m\u00e9lys\u00e9g 1-3 cm<br \/>\nVet\u00e9s janu\u00e1r 20. &#8211; febru\u00e1r 25., m\u00e1rcius 1-30., \u00e1prilis 25. &#8211; m\u00e1jus 10. k\u00f6z\u00f6tt<br \/>\nVet\u00e9si mennyis\u00e9g<br \/>\nMagb\u00f3l, pal\u00e1nt\u00e1b\u00f3l t\u00f6rt\u00e9n\u0151 termeszt\u00e9s t\u00edpusai<br \/>\n\u00c1ltal\u00e1nos:<\/p>\n<p>Tartalom 250-350 mag\/gramm<br \/>\nT\u00f6meg 0,2 gramm<br \/>\n\u00dcltet\u00e9s m\u00e1rcius-j\u00fanius<br \/>\nSz\u00fcret j\u00fanius-szeptember<br \/>\nVeget\u00e1ci\u00f3s id\u0151 80 nap<\/p>\n<p>A csomag 0,2 gr magot tartalmaz<\/p>\n<p>&nbsp;<\/p>\n","protected":false},"featured_media":39615,"comment_status":"closed","ping_status":"closed","template":"","meta":[],"product_brand":[],"product_cat":[381],"product_tag":[],"class_list":{"0":"post-39614","1":"product","2":"type-product","3":"status-publish","4":"has-post-thumbnail","6":"product_cat-paradicsom-vetomagok-bolgar-florian-vetomagok","8":"first","9":"instock","10":"taxable","11":"shipping-taxable","12":"purchasable","13":"product-type-simple"},"_links":{"self":[{"href":"https:\/\/chilimag.hu\/webshop\/wp-json\/wp\/v2\/product\/39614","targetHints":{"allow":["GET"]}}],"collection":[{"href":"https:\/\/chilimag.hu\/webshop\/wp-json\/wp\/v2\/product"}],"about":[{"href":"https:\/\/chilimag.hu\/webshop\/wp-json\/wp\/v2\/types\/product"}],"replies":[{"embeddable":true,"href":"https:\/\/chilimag.hu\/webshop\/wp-json\/wp\/v2\/comments?post=39614"}],"wp:featuredmedia":[{"embeddable":true,"href":"https:\/\/chilimag.hu\/webshop\/wp-json\/wp\/v2\/media\/39615"}],"wp:attachment":[{"href":"https:\/\/chilimag.hu\/webshop\/wp-json\/wp\/v2\/media?parent=39614"}],"wp:term":[{"taxonomy":"product_brand","embeddable":true,"href":"https:\/\/chilimag.hu\/webshop\/wp-json\/wp\/v2\/product_brand?post=39614"},{"taxonomy":"product_cat","embeddable":true,"href":"https:\/\/chilimag.hu\/webshop\/wp-json\/wp\/v2\/product_cat?post=39614"},{"taxonomy":"product_tag","embeddable":true,"href":"https:\/\/chilimag.hu\/webshop\/wp-json\/wp\/v2\/product_tag?post=39614"}],"curies":[{"name":"wp","href":"https:\/\/api.w.org\/{rel}","templated":true}]}}