{"id":39611,"date":"2026-02-05T18:37:09","date_gmt":"2026-02-05T18:37:09","guid":{"rendered":"https:\/\/chilimag.hu\/webshop\/?post_type=product&#038;p=39611"},"modified":"2026-03-31T22:31:41","modified_gmt":"2026-03-31T22:31:41","slug":"paradicsom-ogneno-cheri-florian-bg","status":"publish","type":"product","link":"https:\/\/chilimag.hu\/webshop\/termek\/paradicsom-ogneno-cheri-florian-bg\/","title":{"rendered":"Paradicsom Ogneno Cheri Florian Bg"},"content":{"rendered":"","protected":false},"excerpt":{"rendered":"<p><img decoding=\"async\" class=\"\" src=\"https:\/\/c.cdnmp.net\/592978066\/brands\/1000002_logo.png\" alt=\"Florian\" width=\"149\" height=\"78\" \/><\/p>\n<p><strong>Le\u00edr\u00e1s<\/strong><\/p>\n<p>A Cherry de Foc paradicsomfajta, az &#8222;Ogneno Cherry&#8221; egy \u00faj kokt\u00e9lparadicsomfajta. A n\u00f6v\u00e9nyek hat\u00e1rozatlan alak\u00faak, s\u00f6t\u00e9tz\u00f6ld levelekkel.<\/p>\n<p>A gy\u00fcm\u00f6lcs\u00f6k kerekek vagy ov\u00e1lisak, \u00e9retlen\u00fcl z\u00f6ldek, lil\u00e1s \u00e1rnyalattal, \u00e9r\u00e9s ut\u00e1n pedig pirosak \u00e9s barn\u00e1s \u00e1rnyalat\u00faak.<\/p>\n<p>Mindegyik f\u00fcrt k\u00f6r\u00fclbel\u00fcl 20-25 gy\u00fcm\u00f6lcs\u00f6t alkot. A paradicsomok \u00e1tlagos s\u00falya 18-20 g, simaak, kem\u00e9nyek, f\u00e9nyesek, reped\u00e9smentesek.<\/p>\n<p>A h\u00fasuk l\u00e9d\u00fas, \u00edzletes, arom\u00e1s \u00e9s rendk\u00edv\u00fcl \u00e9des.<\/p>\n<p>A fajta korai \u00e9s k\u00f6z\u00e9pkorai termeszt\u00e9sre alkalmas, szabadf\u00f6ld\u00f6n \u00e9s \u00fcvegh\u00e1zakban.<\/p>\n<p>A gy\u00fcm\u00f6lcs\u00f6k frissen fogyaszthat\u00f3k.<\/p>\n<p>\u00dcvegh\u00e1zban vet\u00e9s: janu\u00e1r-febru\u00e1r<\/p>\n<p>Szabadban vet\u00e9s: febru\u00e1r-m\u00e1rcius<\/p>\n<p>\u00dcvegh\u00e1zban \u00fcltet\u00e9s: m\u00e1rcius-\u00e1prilis<\/p>\n<p>Szabadban \u00fcltet\u00e9s: \u00e1prilis 15-m\u00e1jus 15.<\/p>\n<p>\u00dcltet\u00e9si minta egy sorban: 80&#215;40 cm<\/p>\n<p>A csomag 50 szem magot tartalmaz<\/p>\n","protected":false},"featured_media":39612,"comment_status":"closed","ping_status":"closed","template":"","meta":[],"product_brand":[],"product_cat":[381],"product_tag":[],"class_list":{"0":"post-39611","1":"product","2":"type-product","3":"status-publish","4":"has-post-thumbnail","6":"product_cat-paradicsom-vetomagok-bolgar-florian-vetomagok","8":"first","9":"instock","10":"taxable","11":"shipping-taxable","12":"purchasable","13":"product-type-simple"},"_links":{"self":[{"href":"https:\/\/chilimag.hu\/webshop\/wp-json\/wp\/v2\/product\/39611","targetHints":{"allow":["GET"]}}],"collection":[{"href":"https:\/\/chilimag.hu\/webshop\/wp-json\/wp\/v2\/product"}],"about":[{"href":"https:\/\/chilimag.hu\/webshop\/wp-json\/wp\/v2\/types\/product"}],"replies":[{"embeddable":true,"href":"https:\/\/chilimag.hu\/webshop\/wp-json\/wp\/v2\/comments?post=39611"}],"wp:featuredmedia":[{"embeddable":true,"href":"https:\/\/chilimag.hu\/webshop\/wp-json\/wp\/v2\/media\/39612"}],"wp:attachment":[{"href":"https:\/\/chilimag.hu\/webshop\/wp-json\/wp\/v2\/media?parent=39611"}],"wp:term":[{"taxonomy":"product_brand","embeddable":true,"href":"https:\/\/chilimag.hu\/webshop\/wp-json\/wp\/v2\/product_brand?post=39611"},{"taxonomy":"product_cat","embeddable":true,"href":"https:\/\/chilimag.hu\/webshop\/wp-json\/wp\/v2\/product_cat?post=39611"},{"taxonomy":"product_tag","embeddable":true,"href":"https:\/\/chilimag.hu\/webshop\/wp-json\/wp\/v2\/product_tag?post=39611"}],"curies":[{"name":"wp","href":"https:\/\/api.w.org\/{rel}","templated":true}]}}