{"id":39607,"date":"2026-02-05T18:25:31","date_gmt":"2026-02-05T18:25:31","guid":{"rendered":"https:\/\/chilimag.hu\/webshop\/?post_type=product&#038;p=39607"},"modified":"2026-03-31T22:31:41","modified_gmt":"2026-03-31T22:31:41","slug":"paradicsom-oranzevi-chudo-profy-line-florian-bg","status":"publish","type":"product","link":"https:\/\/chilimag.hu\/webshop\/termek\/paradicsom-oranzevi-chudo-profy-line-florian-bg\/","title":{"rendered":"Paradicsom OranzhevoChudo  Profy line Florian Bg"},"content":{"rendered":"","protected":false},"excerpt":{"rendered":"<p><img decoding=\"async\" class=\"\" src=\"https:\/\/c.cdnmp.net\/592978066\/brands\/1000002_logo.png\" alt=\"Florian\" width=\"151\" height=\"79\" \/><\/p>\n<p>Le\u00edr\u00e1s<\/p>\n<p>\u00daj bolg\u00e1r paradicsomfajta, \u00d3ri\u00e1s t\u00edpus\u00fa.<\/p>\n<p>A n\u00f6v\u00e9nyek hat\u00e1rozatlanok, er\u0151s gy\u00f6k\u00e9rzettel, vastag sz\u00e1rral \u00e9s s\u00f6t\u00e9tz\u00f6ld levelekkel, k\u00f6ztes vir\u00e1gzattal.<\/p>\n<p>A gy\u00fcm\u00f6lcs\u00f6k nagyon nagyok, \u00d3ri\u00e1s t\u00edpus\u00faak, \u00e1tlagos t\u00f6meg\u00fck 500-800 g, n\u00e9melyik meghaladja az 1 kg-ot. Narancss\u00e1rga, kerek-lapos alak\u00faak, k\u00f6zepesen kem\u00e9nyek, reped\u00e9smentesek, egyenletes sz\u00edn\u0171ek, z\u00f6ld gy\u0171r\u0171vel, amely \u00e9r\u00e9skor elt\u0171nik.<\/p>\n<p>A h\u00fasuk kem\u00e9ny, puha, s\u0171r\u0171, l\u00e9d\u00fas, cellul\u00f3zmentes, rendk\u00edv\u00fcl \u00edzletes, kellemes paradicsomarom\u00e1val.<\/p>\n<p>A fajta nagyon magas term\u0151k\u00e9pess\u00e9ggel \u00e9s kiv\u00e1l\u00f3 term\u00e9shozammal rendelkezik.<\/p>\n<p>Szabadt\u00e9ri \u00e9s \u00fcvegh\u00e1zi termeszt\u00e9sre is alkalmas, egy- vagy k\u00e9tsz\u00e1r\u00fa, t\u00e1mrendszerrel.<\/p>\n<p>Friss fogyaszt\u00e1sra alkalmas paradicsomok.<\/p>\n<p>\u00dcvegh\u00e1zban vet\u00e9s: janu\u00e1r-febru\u00e1r<\/p>\n<p>Szabadban vet\u00e9s: febru\u00e1r-m\u00e1rcius<\/p>\n<p>\u00dcvegh\u00e1zban \u00fcltet\u00e9s: m\u00e1rcius-\u00e1prilis<\/p>\n<p>Szabadban \u00fcltet\u00e9s: \u00e1prilis 15. &#8211; m\u00e1jus 15.<\/p>\n<p>\u00dcltet\u00e9si minta egy sorban: 80&#215;40 cm<\/p>\n<p>\u00dcltet\u00e9si minta k\u00e9t sorban: 80x55x40 cm<\/p>\n<p>A csomag 0,2 g magot tartalmaz<\/p>\n<p>&nbsp;<\/p>\n","protected":false},"featured_media":39608,"comment_status":"closed","ping_status":"closed","template":"","meta":[],"product_brand":[],"product_cat":[381],"product_tag":[],"class_list":{"0":"post-39607","1":"product","2":"type-product","3":"status-publish","4":"has-post-thumbnail","6":"product_cat-paradicsom-vetomagok-bolgar-florian-vetomagok","8":"first","9":"instock","10":"taxable","11":"shipping-taxable","12":"purchasable","13":"product-type-simple"},"_links":{"self":[{"href":"https:\/\/chilimag.hu\/webshop\/wp-json\/wp\/v2\/product\/39607","targetHints":{"allow":["GET"]}}],"collection":[{"href":"https:\/\/chilimag.hu\/webshop\/wp-json\/wp\/v2\/product"}],"about":[{"href":"https:\/\/chilimag.hu\/webshop\/wp-json\/wp\/v2\/types\/product"}],"replies":[{"embeddable":true,"href":"https:\/\/chilimag.hu\/webshop\/wp-json\/wp\/v2\/comments?post=39607"}],"wp:featuredmedia":[{"embeddable":true,"href":"https:\/\/chilimag.hu\/webshop\/wp-json\/wp\/v2\/media\/39608"}],"wp:attachment":[{"href":"https:\/\/chilimag.hu\/webshop\/wp-json\/wp\/v2\/media?parent=39607"}],"wp:term":[{"taxonomy":"product_brand","embeddable":true,"href":"https:\/\/chilimag.hu\/webshop\/wp-json\/wp\/v2\/product_brand?post=39607"},{"taxonomy":"product_cat","embeddable":true,"href":"https:\/\/chilimag.hu\/webshop\/wp-json\/wp\/v2\/product_cat?post=39607"},{"taxonomy":"product_tag","embeddable":true,"href":"https:\/\/chilimag.hu\/webshop\/wp-json\/wp\/v2\/product_tag?post=39607"}],"curies":[{"name":"wp","href":"https:\/\/api.w.org\/{rel}","templated":true}]}}