{"id":39604,"date":"2026-02-05T18:10:22","date_gmt":"2026-02-05T18:10:22","guid":{"rendered":"https:\/\/chilimag.hu\/webshop\/?post_type=product&#038;p=39604"},"modified":"2026-04-01T07:48:40","modified_gmt":"2026-04-01T07:48:40","slug":"paradicsom-momino-serte-florian-bg","status":"publish","type":"product","link":"https:\/\/chilimag.hu\/webshop\/termek\/paradicsom-momino-serte-florian-bg\/","title":{"rendered":"Paradicsom Momino Sartse Florian Bg"},"content":{"rendered":"","protected":false},"excerpt":{"rendered":"<p><img decoding=\"async\" class=\"sFlh5c FyHeAf iPVvYb\" src=\"https:\/\/www.semplus.ro\/image\/catalog\/blog\/logo-florian-bulgaria.png\" alt=\"Florian, Bulgaria - producator de seminte de legume,flori, plante aromatice\" width=\"151\" height=\"78\" \/><\/p>\n<p><strong>Le\u00edr\u00e1s<\/strong><\/p>\n<p>&nbsp;<\/p>\n<p>&nbsp;<\/p>\n<div data-subtree=\"aimfl\" data-complete=\"true\" data-processed=\"true\">A keresett paradicsomfajta pontos neve<\/div>\n<p><strong class=\"Yjhzub\" data-complete=\"true\" data-processed=\"true\">Momino Sartse<\/strong> (bolg\u00e1rul: \u041c\u043e\u043c\u0438\u043d\u043e \u0441\u044a\u0440\u0446\u0435, jelent\u00e9se: &#8222;Le\u00e1nysz\u00edv&#8221;), melyet a bolg\u00e1r <strong class=\"Yjhzub\" data-complete=\"true\" data-processed=\"true\">Florian<\/strong> vet\u0151magc\u00e9g forgalmaz.<\/p>\n<p>A n\u00f6v\u00e9nyek hat\u00e1rozatlanok, er\u0151s gy\u00f6k\u00e9rzettel, k\u00f6zepesen vastag sz\u00e1rral \u00e9s sz\u00e9tsz\u00f3rt levelekkel rendelkeznek.<\/p>\n<p>A gy\u00fcm\u00f6lcs\u00f6k vil\u00e1gospirosak, sz\u00edv alak\u00faak, nagyon nagyok (a &#8222;Kerti \u00d3ri\u00e1s&#8221; kateg\u00f3ri\u00e1ba tartoznak). Az \u00e1tlagos t\u00f6meg 500-800 g, de ak\u00e1r 1,5 kg-ot is el\u00e9rhet. A gy\u00fcm\u00f6lcs\u00f6k ellen\u00e1ll\u00f3 k\u00e9pess\u00e9ge \u00e1tlagos, reped\u00e9smentesek. Rendk\u00edv\u00fcl \u00edzletesek, er\u0151s paradicsomarom\u00e1val. A h\u00fasuk s\u0171r\u0171, cellul\u00f3zmentes, puha, l\u00e9d\u00fas.<\/p>\n<p>A fajta alkalmas szabadf\u00f6ldi \u00e9s polietil\u00e9n \u00fcvegh\u00e1zakban val\u00f3 termeszt\u00e9sre.<\/p>\n<div role=\"heading\" aria-level=\"3\" data-animation-nesting=\"\" data-sfc-cp=\"\" data-complete=\"true\" data-processed=\"true\" data-sae=\"\">F\u0151bb jellemz\u0151k.<\/div>\n<div class=\"otQkpb\" role=\"heading\" aria-level=\"3\" data-animation-nesting=\"\" data-sfc-cp=\"\" data-complete=\"true\" data-processed=\"true\" data-sae=\"\"><span class=\"T286Pc\" data-sfc-cp=\"\" data-complete=\"true\">Hagyom\u00e1nyos bolg\u00e1r fajta, \u00fan. &#8222;\u00f6k\u00f6rsz\u00edv&#8221; t\u00edpus\u00fa paradicsom.<\/span><\/div>\n<ul class=\"KsbFXc U6u95\" data-complete=\"true\" data-processed=\"true\">\n<li data-hveid=\"CAQQAQ\" data-complete=\"true\" data-sae=\"\"><span class=\"T286Pc\" data-sfc-cp=\"\" data-complete=\"true\"><strong class=\"Yjhzub\" data-complete=\"true\">Term\u00e9s:<\/strong> Hatalmasra n\u00f6v\u0151 (ak\u00e1r 400-600 gramm), sz\u00edv alak\u00fa, intenz\u00edv piros sz\u00edn\u0171 gy\u00fcm\u00f6lcs\u00f6k jellemzik.<\/span><\/li>\n<li data-hveid=\"CAQQAg\" data-complete=\"true\" data-sae=\"\"><span class=\"T286Pc\" data-sfc-cp=\"\" data-complete=\"true\"><strong class=\"Yjhzub\" data-complete=\"true\">\u00cdz:<\/strong> H\u00fasos, l\u00e9d\u00fas, v\u00e9kony h\u00e9j\u00fa \u00e9s rendk\u00edv\u00fcl \u00e9des \u2013 kifejezetten friss fogyaszt\u00e1sra, sal\u00e1t\u00e1khoz aj\u00e1nlott.<\/span><\/li>\n<li data-hveid=\"CAQQAw\" data-complete=\"true\" data-sae=\"\"><span class=\"T286Pc\" data-sfc-cp=\"\" data-complete=\"true\" aria-owns=\"action-menu-parent-container\"><strong class=\"Yjhzub\" data-complete=\"true\">N\u00f6veked\u00e9s:<\/strong> Folytonn\u00f6v\u0151 (indetermin\u00e1lt), \u00edgy t\u00e1maszt\u00e9kot (kar\u00f3t) ig\u00e9nyel<\/span><\/li>\n<\/ul>\n<p>A csomag 0,2 gr magot tartalmaz<\/p>\n<p>&nbsp;<\/p>\n","protected":false},"featured_media":39610,"comment_status":"closed","ping_status":"closed","template":"","meta":[],"product_brand":[],"product_cat":[381],"product_tag":[],"class_list":{"0":"post-39604","1":"product","2":"type-product","3":"status-publish","4":"has-post-thumbnail","6":"product_cat-paradicsom-vetomagok-bolgar-florian-vetomagok","8":"first","9":"instock","10":"taxable","11":"shipping-taxable","12":"purchasable","13":"product-type-simple"},"_links":{"self":[{"href":"https:\/\/chilimag.hu\/webshop\/wp-json\/wp\/v2\/product\/39604","targetHints":{"allow":["GET"]}}],"collection":[{"href":"https:\/\/chilimag.hu\/webshop\/wp-json\/wp\/v2\/product"}],"about":[{"href":"https:\/\/chilimag.hu\/webshop\/wp-json\/wp\/v2\/types\/product"}],"replies":[{"embeddable":true,"href":"https:\/\/chilimag.hu\/webshop\/wp-json\/wp\/v2\/comments?post=39604"}],"wp:featuredmedia":[{"embeddable":true,"href":"https:\/\/chilimag.hu\/webshop\/wp-json\/wp\/v2\/media\/39610"}],"wp:attachment":[{"href":"https:\/\/chilimag.hu\/webshop\/wp-json\/wp\/v2\/media?parent=39604"}],"wp:term":[{"taxonomy":"product_brand","embeddable":true,"href":"https:\/\/chilimag.hu\/webshop\/wp-json\/wp\/v2\/product_brand?post=39604"},{"taxonomy":"product_cat","embeddable":true,"href":"https:\/\/chilimag.hu\/webshop\/wp-json\/wp\/v2\/product_cat?post=39604"},{"taxonomy":"product_tag","embeddable":true,"href":"https:\/\/chilimag.hu\/webshop\/wp-json\/wp\/v2\/product_tag?post=39604"}],"curies":[{"name":"wp","href":"https:\/\/api.w.org\/{rel}","templated":true}]}}