{"id":39579,"date":"2026-02-04T15:18:36","date_gmt":"2026-02-04T15:18:36","guid":{"rendered":"https:\/\/chilimag.hu\/webshop\/?post_type=product&#038;p=39579"},"modified":"2026-03-31T22:31:41","modified_gmt":"2026-03-31T22:31:41","slug":"pink-lord-f1-paradicsom-non-s-p","status":"publish","type":"product","link":"https:\/\/chilimag.hu\/webshop\/termek\/pink-lord-f1-paradicsom-non-s-p\/","title":{"rendered":"Pink Lord F1 Paradicsom Non S-P"},"content":{"rendered":"","protected":false},"excerpt":{"rendered":"<p><img decoding=\"async\" class=\"general_border\" src=\"https:\/\/seminteplante.ro\/img\/m\/282-brand_default.jpg\" alt=\"NongWoo Bio\" width=\"154\" height=\"70\" \/><\/p>\n<p>N\u00f6v\u00e9ny<br \/>\nK\u00f6zepesen er\u0151teljes n\u00f6v\u00e9ny, k\u00f6z\u00e9pk\u00e9s\u0151i \u00e9r\u00e9s\u0171.<br \/>\nGy\u00fcm\u00f6lcs<br \/>\n250~300 g, lapos, kerek forma, kem\u00e9ny gy\u00fcm\u00f6lcs\u00f6k,<br \/>\nNagy t\u00e1vols\u00e1gra sz\u00e1ll\u00edthat\u00f3.<br \/>\nEllen\u00e1ll\u00f3s\u00e1g<br \/>\nHR : ToMV, Ff:A-E, Fol:1,2, Vd<br \/>\nIR : TYLCV, Ma, Mi, Mj<\/p>\n<p>&nbsp;<\/p>\n","protected":false},"featured_media":39580,"comment_status":"closed","ping_status":"closed","template":"","meta":[],"product_brand":[],"product_cat":[10],"product_tag":[],"class_list":{"0":"post-39579","1":"product","2":"type-product","3":"status-publish","4":"has-post-thumbnail","6":"product_cat-paradicsom","8":"first","9":"instock","10":"taxable","11":"shipping-taxable","12":"purchasable","13":"product-type-simple"},"_links":{"self":[{"href":"https:\/\/chilimag.hu\/webshop\/wp-json\/wp\/v2\/product\/39579","targetHints":{"allow":["GET"]}}],"collection":[{"href":"https:\/\/chilimag.hu\/webshop\/wp-json\/wp\/v2\/product"}],"about":[{"href":"https:\/\/chilimag.hu\/webshop\/wp-json\/wp\/v2\/types\/product"}],"replies":[{"embeddable":true,"href":"https:\/\/chilimag.hu\/webshop\/wp-json\/wp\/v2\/comments?post=39579"}],"wp:featuredmedia":[{"embeddable":true,"href":"https:\/\/chilimag.hu\/webshop\/wp-json\/wp\/v2\/media\/39580"}],"wp:attachment":[{"href":"https:\/\/chilimag.hu\/webshop\/wp-json\/wp\/v2\/media?parent=39579"}],"wp:term":[{"taxonomy":"product_brand","embeddable":true,"href":"https:\/\/chilimag.hu\/webshop\/wp-json\/wp\/v2\/product_brand?post=39579"},{"taxonomy":"product_cat","embeddable":true,"href":"https:\/\/chilimag.hu\/webshop\/wp-json\/wp\/v2\/product_cat?post=39579"},{"taxonomy":"product_tag","embeddable":true,"href":"https:\/\/chilimag.hu\/webshop\/wp-json\/wp\/v2\/product_tag?post=39579"}],"curies":[{"name":"wp","href":"https:\/\/api.w.org\/{rel}","templated":true}]}}