{"id":39577,"date":"2026-02-04T15:13:13","date_gmt":"2026-02-04T15:13:13","guid":{"rendered":"https:\/\/chilimag.hu\/webshop\/?post_type=product&#038;p=39577"},"modified":"2026-03-17T08:36:08","modified_gmt":"2026-03-17T08:36:08","slug":"laki-star-f1-paprika-non-s-p","status":"publish","type":"product","link":"https:\/\/chilimag.hu\/webshop\/termek\/laki-star-f1-paprika-non-s-p\/","title":{"rendered":"Laki Star F1 Paprika Non S-P"},"content":{"rendered":"","protected":false},"excerpt":{"rendered":"<p><img decoding=\"async\" class=\"general_border\" src=\"https:\/\/seminteplante.ro\/img\/m\/282-brand_default.jpg\" alt=\"NongWoo Bio\" width=\"154\" height=\"70\" \/><\/p>\n<p>N\u00f6v\u00e9ny<br \/>\nEnergetikus n\u00f6v\u00e9ny, k\u00f6z\u00e9pkorai \u00e9r\u00e9s\u0171,<br \/>\nF\u00f3liasod\u00f3s termeszt\u00e9sre alkalmas,<br \/>\nJ\u00f3 n\u00f6veked\u00e9s \u00e9s term\u00e9sk\u00f6t\u00e9s.<br \/>\nGy\u00fcm\u00f6lcs<br \/>\n100 g, hossza 23~25 cm, \u00e1tm\u00e9r\u0151je 4~5 cm, vil\u00e1gosz\u00f6ld, egyforma term\u00e9s.<br \/>\nEllen\u00e1ll\u00f3k\u00e9pess\u00e9g<br \/>\nIR: PMMoV P0.1.2<\/p>\n<p>A csomag 10 szem magot tartalmaz<\/p>\n<p>&nbsp;<\/p>\n","protected":false},"featured_media":39578,"comment_status":"closed","ping_status":"closed","template":"","meta":[],"product_brand":[],"product_cat":[8],"product_tag":[],"class_list":{"0":"post-39577","1":"product","2":"type-product","3":"status-publish","4":"has-post-thumbnail","6":"product_cat-paprika","8":"first","9":"instock","10":"taxable","11":"shipping-taxable","12":"purchasable","13":"product-type-simple"},"_links":{"self":[{"href":"https:\/\/chilimag.hu\/webshop\/wp-json\/wp\/v2\/product\/39577","targetHints":{"allow":["GET"]}}],"collection":[{"href":"https:\/\/chilimag.hu\/webshop\/wp-json\/wp\/v2\/product"}],"about":[{"href":"https:\/\/chilimag.hu\/webshop\/wp-json\/wp\/v2\/types\/product"}],"replies":[{"embeddable":true,"href":"https:\/\/chilimag.hu\/webshop\/wp-json\/wp\/v2\/comments?post=39577"}],"wp:featuredmedia":[{"embeddable":true,"href":"https:\/\/chilimag.hu\/webshop\/wp-json\/wp\/v2\/media\/39578"}],"wp:attachment":[{"href":"https:\/\/chilimag.hu\/webshop\/wp-json\/wp\/v2\/media?parent=39577"}],"wp:term":[{"taxonomy":"product_brand","embeddable":true,"href":"https:\/\/chilimag.hu\/webshop\/wp-json\/wp\/v2\/product_brand?post=39577"},{"taxonomy":"product_cat","embeddable":true,"href":"https:\/\/chilimag.hu\/webshop\/wp-json\/wp\/v2\/product_cat?post=39577"},{"taxonomy":"product_tag","embeddable":true,"href":"https:\/\/chilimag.hu\/webshop\/wp-json\/wp\/v2\/product_tag?post=39577"}],"curies":[{"name":"wp","href":"https:\/\/api.w.org\/{rel}","templated":true}]}}