{"id":39572,"date":"2026-02-04T13:21:02","date_gmt":"2026-02-04T13:21:02","guid":{"rendered":"https:\/\/chilimag.hu\/webshop\/?post_type=product&#038;p=39572"},"modified":"2026-03-09T06:40:15","modified_gmt":"2026-03-09T06:40:15","slug":"redpia-f1-kapia-paprika","status":"publish","type":"product","link":"https:\/\/chilimag.hu\/webshop\/termek\/redpia-f1-kapia-paprika\/","title":{"rendered":"Redpia F1 K\u00e1pia Paprika Non S-P"},"content":{"rendered":"","protected":false},"excerpt":{"rendered":"<p><img decoding=\"async\" class=\"general_border\" src=\"https:\/\/seminteplante.ro\/img\/m\/282-brand_default.jpg\" alt=\"NongWoo Bio\" width=\"154\" height=\"70\" \/><\/p>\n<p>Le\u00edr\u00e1s<\/p>\n<p>K\u00f6zepesen er\u0151s n\u00f6veked\u00e9si er\u00e9ly, k\u00f6zepes \u00e9retts\u00e9g, kompakt n\u00f6v\u00e9ny.<br \/>\nGy\u00fcm\u00f6lcs<br \/>\n150~160 g, hossz\u00fas\u00e1g 18~20 cm, \u00e1tm\u00e9r\u0151 6~7 cm, nagyon magas a k\u00e9tkar\u00e9j\u00fa gy\u00fcm\u00f6lcs ar\u00e1nya, m\u00e9lyv\u00f6r\u00f6s, kiv\u00e1l\u00f3an alkalmas grillez\u00e9sre.<\/p>\n<p>A csomag 10 szem magot tartalmaz<\/p>\n","protected":false},"featured_media":39573,"comment_status":"closed","ping_status":"closed","template":"","meta":[],"product_brand":[],"product_cat":[8],"product_tag":[],"class_list":{"0":"post-39572","1":"product","2":"type-product","3":"status-publish","4":"has-post-thumbnail","6":"product_cat-paprika","8":"first","9":"outofstock","10":"taxable","11":"shipping-taxable","12":"purchasable","13":"product-type-simple"},"_links":{"self":[{"href":"https:\/\/chilimag.hu\/webshop\/wp-json\/wp\/v2\/product\/39572","targetHints":{"allow":["GET"]}}],"collection":[{"href":"https:\/\/chilimag.hu\/webshop\/wp-json\/wp\/v2\/product"}],"about":[{"href":"https:\/\/chilimag.hu\/webshop\/wp-json\/wp\/v2\/types\/product"}],"replies":[{"embeddable":true,"href":"https:\/\/chilimag.hu\/webshop\/wp-json\/wp\/v2\/comments?post=39572"}],"wp:featuredmedia":[{"embeddable":true,"href":"https:\/\/chilimag.hu\/webshop\/wp-json\/wp\/v2\/media\/39573"}],"wp:attachment":[{"href":"https:\/\/chilimag.hu\/webshop\/wp-json\/wp\/v2\/media?parent=39572"}],"wp:term":[{"taxonomy":"product_brand","embeddable":true,"href":"https:\/\/chilimag.hu\/webshop\/wp-json\/wp\/v2\/product_brand?post=39572"},{"taxonomy":"product_cat","embeddable":true,"href":"https:\/\/chilimag.hu\/webshop\/wp-json\/wp\/v2\/product_cat?post=39572"},{"taxonomy":"product_tag","embeddable":true,"href":"https:\/\/chilimag.hu\/webshop\/wp-json\/wp\/v2\/product_tag?post=39572"}],"curies":[{"name":"wp","href":"https:\/\/api.w.org\/{rel}","templated":true}]}}