{"id":39561,"date":"2026-02-04T12:03:47","date_gmt":"2026-02-04T12:03:47","guid":{"rendered":"https:\/\/chilimag.hu\/webshop\/?post_type=product&#038;p=39561"},"modified":"2026-03-23T09:33:40","modified_gmt":"2026-03-23T09:33:40","slug":"bab-karosbab-un-metro-nagymama-kertje-rk","status":"publish","type":"product","link":"https:\/\/chilimag.hu\/webshop\/termek\/bab-karosbab-un-metro-nagymama-kertje-rk\/","title":{"rendered":"Bab Kar\u00f3sbab Un metro Nagymama Kertje RK"},"content":{"rendered":"","protected":false},"excerpt":{"rendered":"<p><strong>Le\u00edr\u00e1s<\/strong><\/p>\n<p>Er\u0151teljes n\u00f6veked\u00e9s\u0171, ez\u00e9rt csak t\u00e1mrendszer mellett termeszthet\u0151. Kiv\u00e1l\u00f3 min\u0151s\u00e9g\u0171, sz\u00e1lkamentes, nagyon hossz\u00fa (100 cm), v\u00e9kony, z\u00f6ld h\u00fcvelyei kr\u00e9msz\u00edn\u0171, fekete szemeket tartalmaznak.<\/p>\n<p>&nbsp;<\/p>\n","protected":false},"featured_media":39562,"comment_status":"closed","ping_status":"closed","template":"","meta":[],"product_brand":[],"product_cat":[427],"product_tag":[],"class_list":{"0":"post-39561","1":"product","2":"type-product","3":"status-publish","4":"has-post-thumbnail","6":"product_cat-huvelyesek-vetomagok-redei-kertimag","8":"first","9":"instock","10":"taxable","11":"shipping-taxable","12":"purchasable","13":"product-type-simple"},"_links":{"self":[{"href":"https:\/\/chilimag.hu\/webshop\/wp-json\/wp\/v2\/product\/39561","targetHints":{"allow":["GET"]}}],"collection":[{"href":"https:\/\/chilimag.hu\/webshop\/wp-json\/wp\/v2\/product"}],"about":[{"href":"https:\/\/chilimag.hu\/webshop\/wp-json\/wp\/v2\/types\/product"}],"replies":[{"embeddable":true,"href":"https:\/\/chilimag.hu\/webshop\/wp-json\/wp\/v2\/comments?post=39561"}],"wp:featuredmedia":[{"embeddable":true,"href":"https:\/\/chilimag.hu\/webshop\/wp-json\/wp\/v2\/media\/39562"}],"wp:attachment":[{"href":"https:\/\/chilimag.hu\/webshop\/wp-json\/wp\/v2\/media?parent=39561"}],"wp:term":[{"taxonomy":"product_brand","embeddable":true,"href":"https:\/\/chilimag.hu\/webshop\/wp-json\/wp\/v2\/product_brand?post=39561"},{"taxonomy":"product_cat","embeddable":true,"href":"https:\/\/chilimag.hu\/webshop\/wp-json\/wp\/v2\/product_cat?post=39561"},{"taxonomy":"product_tag","embeddable":true,"href":"https:\/\/chilimag.hu\/webshop\/wp-json\/wp\/v2\/product_tag?post=39561"}],"curies":[{"name":"wp","href":"https:\/\/api.w.org\/{rel}","templated":true}]}}