{"id":39558,"date":"2026-02-04T11:58:04","date_gmt":"2026-02-04T11:58:04","guid":{"rendered":"https:\/\/chilimag.hu\/webshop\/?post_type=product&#038;p=39558"},"modified":"2026-03-24T08:42:01","modified_gmt":"2026-03-24T08:42:01","slug":"sutotok-nectar-orange-nagymama-kertje-rk","status":"publish","type":"product","link":"https:\/\/chilimag.hu\/webshop\/termek\/sutotok-nectar-orange-nagymama-kertje-rk\/","title":{"rendered":"S\u00fct\u0151t\u00f6k Nectar Orange Nagymama kertje RK"},"content":{"rendered":"","protected":false},"excerpt":{"rendered":"<p><strong>Le\u00edr\u00e1s<\/strong><\/p>\n<p>Er\u0151teljes n\u00f6veked\u00e9s\u0171, b\u0151term\u0151 fajta. Teny\u00e9szideje 110 nap. Term\u00e9se sonka alak\u00fa, \u00e1tlagt\u00f6mege 2-2,5 kg. K\u00fcls\u0151 h\u00e9ja s\u00f6t\u00e9tz\u00f6ldb\u0151l narancss\u00e1rg\u00e1ra \u00e9r\u0151. H\u00fasa narancss\u00e1rga, intenz\u00edv \u00e9des \u00edz\u0171, magas karotin tartalm\u00fa (magasabb, mint a s\u00e1rgar\u00e9p\u00e1\u00e9).<\/p>\n<p>&nbsp;<\/p>\n","protected":false},"featured_media":39559,"comment_status":"closed","ping_status":"closed","template":"","meta":[],"product_brand":[],"product_cat":[423],"product_tag":[],"class_list":{"0":"post-39558","1":"product","2":"type-product","3":"status-publish","4":"has-post-thumbnail","6":"product_cat-dinnye-es-tok-vetomagok-redei-kertimag","8":"first","9":"instock","10":"taxable","11":"shipping-taxable","12":"purchasable","13":"product-type-simple"},"_links":{"self":[{"href":"https:\/\/chilimag.hu\/webshop\/wp-json\/wp\/v2\/product\/39558","targetHints":{"allow":["GET"]}}],"collection":[{"href":"https:\/\/chilimag.hu\/webshop\/wp-json\/wp\/v2\/product"}],"about":[{"href":"https:\/\/chilimag.hu\/webshop\/wp-json\/wp\/v2\/types\/product"}],"replies":[{"embeddable":true,"href":"https:\/\/chilimag.hu\/webshop\/wp-json\/wp\/v2\/comments?post=39558"}],"wp:featuredmedia":[{"embeddable":true,"href":"https:\/\/chilimag.hu\/webshop\/wp-json\/wp\/v2\/media\/39559"}],"wp:attachment":[{"href":"https:\/\/chilimag.hu\/webshop\/wp-json\/wp\/v2\/media?parent=39558"}],"wp:term":[{"taxonomy":"product_brand","embeddable":true,"href":"https:\/\/chilimag.hu\/webshop\/wp-json\/wp\/v2\/product_brand?post=39558"},{"taxonomy":"product_cat","embeddable":true,"href":"https:\/\/chilimag.hu\/webshop\/wp-json\/wp\/v2\/product_cat?post=39558"},{"taxonomy":"product_tag","embeddable":true,"href":"https:\/\/chilimag.hu\/webshop\/wp-json\/wp\/v2\/product_tag?post=39558"}],"curies":[{"name":"wp","href":"https:\/\/api.w.org\/{rel}","templated":true}]}}