{"id":39555,"date":"2026-02-04T11:52:00","date_gmt":"2026-02-04T11:52:00","guid":{"rendered":"https:\/\/chilimag.hu\/webshop\/?post_type=product&#038;p=39555"},"modified":"2026-02-04T11:52:00","modified_gmt":"2026-02-04T11:52:00","slug":"diszlen-pannon-rk","status":"publish","type":"product","link":"https:\/\/chilimag.hu\/webshop\/termek\/diszlen-pannon-rk\/","title":{"rendered":"D\u00edszlen Pannon RK"},"content":{"rendered":"","protected":false},"excerpt":{"rendered":"<p><strong>Le\u00edr\u00e1s<\/strong><\/p>\n<p>Finom lev\u00e9lszerkezet\u0171, d\u00edszes \u00e9vel\u0151 vir\u00e1g, kiv\u00e1l\u00f3an alkalmas vir\u00e1g\u00e1gyak, sziklakertek, napos helyek be\u00fcltet\u00e9s\u00e9re. Laza, meszes talajt ig\u00e9nyel.<\/p>\n<p>&nbsp;<\/p>\n","protected":false},"featured_media":39556,"comment_status":"closed","ping_status":"closed","template":"","meta":[],"product_brand":[],"product_cat":[433],"product_tag":[],"class_list":{"0":"post-39555","1":"product","2":"type-product","3":"status-publish","4":"has-post-thumbnail","6":"product_cat-virag-vetomagok","8":"first","9":"instock","10":"taxable","11":"shipping-taxable","12":"purchasable","13":"product-type-simple"},"_links":{"self":[{"href":"https:\/\/chilimag.hu\/webshop\/wp-json\/wp\/v2\/product\/39555","targetHints":{"allow":["GET"]}}],"collection":[{"href":"https:\/\/chilimag.hu\/webshop\/wp-json\/wp\/v2\/product"}],"about":[{"href":"https:\/\/chilimag.hu\/webshop\/wp-json\/wp\/v2\/types\/product"}],"replies":[{"embeddable":true,"href":"https:\/\/chilimag.hu\/webshop\/wp-json\/wp\/v2\/comments?post=39555"}],"wp:featuredmedia":[{"embeddable":true,"href":"https:\/\/chilimag.hu\/webshop\/wp-json\/wp\/v2\/media\/39556"}],"wp:attachment":[{"href":"https:\/\/chilimag.hu\/webshop\/wp-json\/wp\/v2\/media?parent=39555"}],"wp:term":[{"taxonomy":"product_brand","embeddable":true,"href":"https:\/\/chilimag.hu\/webshop\/wp-json\/wp\/v2\/product_brand?post=39555"},{"taxonomy":"product_cat","embeddable":true,"href":"https:\/\/chilimag.hu\/webshop\/wp-json\/wp\/v2\/product_cat?post=39555"},{"taxonomy":"product_tag","embeddable":true,"href":"https:\/\/chilimag.hu\/webshop\/wp-json\/wp\/v2\/product_tag?post=39555"}],"curies":[{"name":"wp","href":"https:\/\/api.w.org\/{rel}","templated":true}]}}