{"id":39549,"date":"2026-02-04T11:44:54","date_gmt":"2026-02-04T11:44:54","guid":{"rendered":"https:\/\/chilimag.hu\/webshop\/?post_type=product&#038;p=39549"},"modified":"2026-03-20T14:29:50","modified_gmt":"2026-03-20T14:29:50","slug":"paprika-hamik-rk","status":"publish","type":"product","link":"https:\/\/chilimag.hu\/webshop\/termek\/paprika-hamik-rk\/","title":{"rendered":"Paprika Hamik RK"},"content":{"rendered":"","protected":false},"excerpt":{"rendered":"<p><strong>Le\u00edr\u00e1s<\/strong><\/p>\n<p>A gyerekek \u00e1ltal nagyon kedvelt fajta. Ropog\u00f3s, apr\u00f3(5-7cm hossz\u00fa), narancss\u00e1rga term\u00e9s\u00e9ben kev\u00e9s mag van, \u00edze finom \u00e9des. Apr\u00f3, csemege m\u00e9rete miatt rendk\u00edv\u0171l sok bogy\u00f3t k\u00e9pes megk\u00f6tni, ez\u00e9rt fontos a j\u00f3 v\u00edz \u00e9s t\u00e1panyag ell\u00e1totts\u00e1g azok kinevel\u00e9s\u00e9hez. egy d\u00e9zs\u00e1ban 2-3 n\u00f6v\u00e9nyt nevelj\u00fcnk<\/p>\n<p>&nbsp;<\/p>\n","protected":false},"featured_media":39550,"comment_status":"closed","ping_status":"closed","template":"","meta":[],"product_brand":[],"product_cat":[429],"product_tag":[],"class_list":{"0":"post-39549","1":"product","2":"type-product","3":"status-publish","4":"has-post-thumbnail","6":"product_cat-paprika-vetomagok-redei-kertimag","8":"first","9":"instock","10":"taxable","11":"shipping-taxable","12":"purchasable","13":"product-type-simple"},"_links":{"self":[{"href":"https:\/\/chilimag.hu\/webshop\/wp-json\/wp\/v2\/product\/39549","targetHints":{"allow":["GET"]}}],"collection":[{"href":"https:\/\/chilimag.hu\/webshop\/wp-json\/wp\/v2\/product"}],"about":[{"href":"https:\/\/chilimag.hu\/webshop\/wp-json\/wp\/v2\/types\/product"}],"replies":[{"embeddable":true,"href":"https:\/\/chilimag.hu\/webshop\/wp-json\/wp\/v2\/comments?post=39549"}],"wp:featuredmedia":[{"embeddable":true,"href":"https:\/\/chilimag.hu\/webshop\/wp-json\/wp\/v2\/media\/39550"}],"wp:attachment":[{"href":"https:\/\/chilimag.hu\/webshop\/wp-json\/wp\/v2\/media?parent=39549"}],"wp:term":[{"taxonomy":"product_brand","embeddable":true,"href":"https:\/\/chilimag.hu\/webshop\/wp-json\/wp\/v2\/product_brand?post=39549"},{"taxonomy":"product_cat","embeddable":true,"href":"https:\/\/chilimag.hu\/webshop\/wp-json\/wp\/v2\/product_cat?post=39549"},{"taxonomy":"product_tag","embeddable":true,"href":"https:\/\/chilimag.hu\/webshop\/wp-json\/wp\/v2\/product_tag?post=39549"}],"curies":[{"name":"wp","href":"https:\/\/api.w.org\/{rel}","templated":true}]}}