{"id":39546,"date":"2026-02-04T11:42:11","date_gmt":"2026-02-04T11:42:11","guid":{"rendered":"https:\/\/chilimag.hu\/webshop\/?post_type=product&#038;p=39546"},"modified":"2026-02-04T11:42:11","modified_gmt":"2026-02-04T11:42:11","slug":"rukola-borsmustar-rk","status":"publish","type":"product","link":"https:\/\/chilimag.hu\/webshop\/termek\/rukola-borsmustar-rk\/","title":{"rendered":"Rukola Borsmust\u00e1r RK"},"content":{"rendered":"","protected":false},"excerpt":{"rendered":"<p><strong>Le\u00edr\u00e1s<\/strong><\/p>\n<p>A rukola nemcsak eg\u00e9szs\u00e9ges \u00e9s finom, hanem n\u00f6v\u00e9nyk\u00e9nt is sz\u00e9p. Egyszer\u0171 termeszteni, gyorsan n\u0151, \u00e9s kis helyen is b\u0151ven terem. A fiatal, zsenge levelek \u00edze borsos, enyh\u00e9n cs\u00edp\u0151s, id\u0151sebb kor\u00e1ra azonban megkeseredhet. M\u00e9rs\u00e9kelt \u00f6nt\u00f6z\u00e9st \u00e9s napos, meleg helyet ig\u00e9nyel. Tipp: \u00c9rdemes szakaszosan vetni, mivel ny\u00e1ron hamar magsz\u00e1rba megy.<\/p>\n<p>&nbsp;<\/p>\n","protected":false},"featured_media":39547,"comment_status":"closed","ping_status":"closed","template":"","meta":[],"product_brand":[],"product_cat":[431],"product_tag":[],"class_list":{"0":"post-39546","1":"product","2":"type-product","3":"status-publish","4":"has-post-thumbnail","6":"product_cat-salata-retek-es-leveles-zoldsegek","8":"first","9":"instock","10":"taxable","11":"shipping-taxable","12":"purchasable","13":"product-type-simple"},"_links":{"self":[{"href":"https:\/\/chilimag.hu\/webshop\/wp-json\/wp\/v2\/product\/39546","targetHints":{"allow":["GET"]}}],"collection":[{"href":"https:\/\/chilimag.hu\/webshop\/wp-json\/wp\/v2\/product"}],"about":[{"href":"https:\/\/chilimag.hu\/webshop\/wp-json\/wp\/v2\/types\/product"}],"replies":[{"embeddable":true,"href":"https:\/\/chilimag.hu\/webshop\/wp-json\/wp\/v2\/comments?post=39546"}],"wp:featuredmedia":[{"embeddable":true,"href":"https:\/\/chilimag.hu\/webshop\/wp-json\/wp\/v2\/media\/39547"}],"wp:attachment":[{"href":"https:\/\/chilimag.hu\/webshop\/wp-json\/wp\/v2\/media?parent=39546"}],"wp:term":[{"taxonomy":"product_brand","embeddable":true,"href":"https:\/\/chilimag.hu\/webshop\/wp-json\/wp\/v2\/product_brand?post=39546"},{"taxonomy":"product_cat","embeddable":true,"href":"https:\/\/chilimag.hu\/webshop\/wp-json\/wp\/v2\/product_cat?post=39546"},{"taxonomy":"product_tag","embeddable":true,"href":"https:\/\/chilimag.hu\/webshop\/wp-json\/wp\/v2\/product_tag?post=39546"}],"curies":[{"name":"wp","href":"https:\/\/api.w.org\/{rel}","templated":true}]}}