{"id":39543,"date":"2026-02-04T11:39:07","date_gmt":"2026-02-04T11:39:07","guid":{"rendered":"https:\/\/chilimag.hu\/webshop\/?post_type=product&#038;p=39543"},"modified":"2026-03-02T11:11:26","modified_gmt":"2026-03-02T11:11:26","slug":"kapor-compact-cserepezheto-rk","status":"publish","type":"product","link":"https:\/\/chilimag.hu\/webshop\/termek\/kapor-compact-cserepezheto-rk\/","title":{"rendered":"Kapor Compact cserepezhet\u0151 RK"},"content":{"rendered":"","protected":false},"excerpt":{"rendered":"<p><strong>Le\u00edr\u00e1s<\/strong><\/p>\n<div data-v-b0b96ca5=\"\">Alacsony, t\u00f6m\u00f6r n\u00f6v\u00e9s\u0171. Cserepes termeszt\u00e9sre alkalmas<\/div>\n<div data-v-b0b96ca5=\"\">fajta. S\u00f6t\u00e9tz\u00f6ld sz\u00edn\u0171, magas hozam\u00fa kapor. Alkalmas<\/div>\n<div data-v-b0b96ca5=\"\">szabadf\u00f6ldi vet\u00e9sre is, ahol valamivel alacsonyabb lesz a<\/div>\n<div data-v-b0b96ca5=\"\">hagyom\u00e1nyos fajt\u00e1n\u00e1l. A veget\u00e1ci\u00f3s id\u0151szak k\u00f6r\u00fclbel\u00fcl 70 nap a<\/div>\n<div data-v-b0b96ca5=\"\">vet\u00e9st\u0151l sz\u00e1m\u00edtva. Napos helyet ig\u00e9nyel, hogy magasabb ill\u00f3olajtartalma<\/div>\n<div data-v-b0b96ca5=\"\">\u00e9s jobb a zamata legyen.<\/div>\n<p>&nbsp;<\/p>\n","protected":false},"featured_media":39544,"comment_status":"closed","ping_status":"closed","template":"","meta":[],"product_brand":[],"product_cat":[424],"product_tag":[],"class_list":{"0":"post-39543","1":"product","2":"type-product","3":"status-publish","4":"has-post-thumbnail","6":"product_cat-fuszer-es-gyogynoveny-vetomagok-redei-kertimag","8":"first","9":"instock","10":"taxable","11":"shipping-taxable","12":"purchasable","13":"product-type-simple"},"_links":{"self":[{"href":"https:\/\/chilimag.hu\/webshop\/wp-json\/wp\/v2\/product\/39543","targetHints":{"allow":["GET"]}}],"collection":[{"href":"https:\/\/chilimag.hu\/webshop\/wp-json\/wp\/v2\/product"}],"about":[{"href":"https:\/\/chilimag.hu\/webshop\/wp-json\/wp\/v2\/types\/product"}],"replies":[{"embeddable":true,"href":"https:\/\/chilimag.hu\/webshop\/wp-json\/wp\/v2\/comments?post=39543"}],"wp:featuredmedia":[{"embeddable":true,"href":"https:\/\/chilimag.hu\/webshop\/wp-json\/wp\/v2\/media\/39544"}],"wp:attachment":[{"href":"https:\/\/chilimag.hu\/webshop\/wp-json\/wp\/v2\/media?parent=39543"}],"wp:term":[{"taxonomy":"product_brand","embeddable":true,"href":"https:\/\/chilimag.hu\/webshop\/wp-json\/wp\/v2\/product_brand?post=39543"},{"taxonomy":"product_cat","embeddable":true,"href":"https:\/\/chilimag.hu\/webshop\/wp-json\/wp\/v2\/product_cat?post=39543"},{"taxonomy":"product_tag","embeddable":true,"href":"https:\/\/chilimag.hu\/webshop\/wp-json\/wp\/v2\/product_tag?post=39543"}],"curies":[{"name":"wp","href":"https:\/\/api.w.org\/{rel}","templated":true}]}}