{"id":39327,"date":"2026-01-26T19:05:13","date_gmt":"2026-01-26T19:05:13","guid":{"rendered":"https:\/\/chilimag.hu\/webshop\/?post_type=product&#038;p=39327"},"modified":"2026-01-26T19:05:13","modified_gmt":"2026-01-26T19:05:13","slug":"sargadinnye-petit-gris-de-rennes-b-s","status":"publish","type":"product","link":"https:\/\/chilimag.hu\/webshop\/termek\/sargadinnye-petit-gris-de-rennes-b-s\/","title":{"rendered":"S\u00e1rgadinnye Petit Gris de Rennes B-S"},"content":{"rendered":"","protected":false},"excerpt":{"rendered":"<p><img decoding=\"async\" src=\"https:\/\/chilimag.hu\/webshop\/wp-content\/uploads\/2022\/10\/bobby-seeds-test-logo-150x150.png\" \/><\/p>\n<p>Le\u00edr\u00e1s<\/p>\n<p>Botanikai n\u00e9v: Cucumis melo<\/p>\n<p>Kisebb fajta, k\u00f6r\u00fclbel\u00fcl 500 gramm<\/p>\n<p>A Petit Gris de Rennes egy kisebb, \u00e9des fajta, amely megb\u00edzhat\u00f3an \u00e9rik a mi \u00e9ghajlatunkon. A legjobb eredm\u00e9ny el\u00e9r\u00e9se \u00e9rdek\u00e9ben \u00e1prilis elej\u00e9t\u0151l belt\u00e9rben, \u00fcvegh\u00e1zban vess\u00fck el a magokat, majd \u00fcltess\u00fck ki. Szabadf\u00f6ld\u00f6n a dinny\u00e9knek el\u0151ny\u00f6s a talajtakar\u00f3 f\u00f3lia.<\/p>\n<p>Cucumis melo<br \/>\n\u00c9rkez\u00e9si id\u0151: kb. 85 nap<br \/>\nA dinnye k\u00f6zepesen er\u0151teljes k\u00fasz\u00f3n\u00f6v\u00e9ny, \u00e9s n\u00f6v\u00e9nyenk\u00e9nt k\u00f6r\u00fclbel\u00fcl 1-2 n\u00e9gyzetm\u00e9tert ig\u00e9nyel.<\/p>\n<p>1 adag = kb. 15 n\u00f6v\u00e9ny<br \/>\nVess\u00fck belt\u00e9ren \u00e1prilis elej\u00e9t\u0151l 24-28\u00b0C-on k\u00f6zvetlen\u00fcl kis cserepekbe, a cserepeket j\u00f3l nedvesen tartva. Alternat\u00edv megold\u00e1sk\u00e9nt vess\u00fck szabadban, meleg helyen m\u00e1jus k\u00f6zep\u00e9t\u0151l.<\/p>\n<p>Lehets\u00e9ges k\u00e1rtev\u0151k: lev\u00e9ltetvek, egerek, lisztharmat<\/p>\n<p>&nbsp;<\/p>\n","protected":false},"featured_media":39328,"comment_status":"closed","ping_status":"closed","template":"","meta":[],"product_brand":[],"product_cat":[331],"product_tag":[],"class_list":{"0":"post-39327","1":"product","2":"type-product","3":"status-publish","4":"has-post-thumbnail","6":"product_cat-gyumolcs-vetomagok-egyeb-es-kulonleges-vetomagok","8":"first","9":"instock","10":"taxable","11":"shipping-taxable","12":"purchasable","13":"product-type-simple"},"_links":{"self":[{"href":"https:\/\/chilimag.hu\/webshop\/wp-json\/wp\/v2\/product\/39327","targetHints":{"allow":["GET"]}}],"collection":[{"href":"https:\/\/chilimag.hu\/webshop\/wp-json\/wp\/v2\/product"}],"about":[{"href":"https:\/\/chilimag.hu\/webshop\/wp-json\/wp\/v2\/types\/product"}],"replies":[{"embeddable":true,"href":"https:\/\/chilimag.hu\/webshop\/wp-json\/wp\/v2\/comments?post=39327"}],"wp:featuredmedia":[{"embeddable":true,"href":"https:\/\/chilimag.hu\/webshop\/wp-json\/wp\/v2\/media\/39328"}],"wp:attachment":[{"href":"https:\/\/chilimag.hu\/webshop\/wp-json\/wp\/v2\/media?parent=39327"}],"wp:term":[{"taxonomy":"product_brand","embeddable":true,"href":"https:\/\/chilimag.hu\/webshop\/wp-json\/wp\/v2\/product_brand?post=39327"},{"taxonomy":"product_cat","embeddable":true,"href":"https:\/\/chilimag.hu\/webshop\/wp-json\/wp\/v2\/product_cat?post=39327"},{"taxonomy":"product_tag","embeddable":true,"href":"https:\/\/chilimag.hu\/webshop\/wp-json\/wp\/v2\/product_tag?post=39327"}],"curies":[{"name":"wp","href":"https:\/\/api.w.org\/{rel}","templated":true}]}}