{"id":39325,"date":"2026-01-26T19:00:27","date_gmt":"2026-01-26T19:00:27","guid":{"rendered":"https:\/\/chilimag.hu\/webshop\/?post_type=product&#038;p=39325"},"modified":"2026-01-26T19:00:27","modified_gmt":"2026-01-26T19:00:27","slug":"teli-porcsin-b-s","status":"publish","type":"product","link":"https:\/\/chilimag.hu\/webshop\/termek\/teli-porcsin-b-s\/","title":{"rendered":"T\u00e9li porcsin B-S"},"content":{"rendered":"","protected":false},"excerpt":{"rendered":"<p><img decoding=\"async\" src=\"https:\/\/chilimag.hu\/webshop\/wp-content\/uploads\/2022\/10\/bobby-seeds-test-logo-150x150.png\" \/><\/p>\n<p>Le\u00edr\u00e1s<\/p>\n<p>Botanikai n\u00e9v: Claytonia perfoliata<\/p>\n<p>Gyorsan n\u00f6v\u0151, \u00edgy ide\u00e1lis k\u00e9s\u0151 \u0151szi, t\u00e9li vagy kora tavaszi betakar\u00edt\u00e1sra.<\/p>\n<p>Egyny\u00e1ri, edzett \u00e9s gyorsan n\u00f6v\u0151 f\u0171szern\u00f6v\u00e9ny \u0151szi\/t\u00e9li vagy tavaszi betakar\u00edt\u00e1sra. Az els\u0151 betakar\u00edt\u00e1sra k\u00f6r\u00fclbel\u00fcl 6-8 h\u00e9ttel a vet\u00e9s ut\u00e1n ker\u00fcl sor. T\u00f6bb betakar\u00edt\u00e1s is lehets\u00e9ges.<\/p>\n<p>Claytonia perfoliata<br \/>\nVet\u00e9si id\u0151: augusztus-szeptember vagy janu\u00e1r-m\u00e1rcius<br \/>\nEgy adag k\u00f6r\u00fclbel\u00fcl 600 n\u00f6v\u00e9nyhez elegend\u0151.<br \/>\nVet\u00e9s sorokban, 10-20 cm t\u00e1vols\u00e1gra egym\u00e1st\u00f3l, folyamatosan a soron bel\u00fcl.<\/p>\n<p>Cs\u00edr\u00e1z\u00e1si id\u0151: k\u00f6r\u00fclbel\u00fcl 14-20 nap 8-12 \u00b0C-on.<\/p>\n<p>&nbsp;<\/p>\n","protected":false},"featured_media":39326,"comment_status":"closed","ping_status":"closed","template":"","meta":[],"product_brand":[],"product_cat":[329],"product_tag":[],"class_list":{"0":"post-39325","1":"product","2":"type-product","3":"status-publish","4":"has-post-thumbnail","6":"product_cat-zoldseg-vetomagok-egyeb-es-kulonleges-vetomagok","8":"first","9":"instock","10":"taxable","11":"shipping-taxable","12":"purchasable","13":"product-type-simple"},"_links":{"self":[{"href":"https:\/\/chilimag.hu\/webshop\/wp-json\/wp\/v2\/product\/39325","targetHints":{"allow":["GET"]}}],"collection":[{"href":"https:\/\/chilimag.hu\/webshop\/wp-json\/wp\/v2\/product"}],"about":[{"href":"https:\/\/chilimag.hu\/webshop\/wp-json\/wp\/v2\/types\/product"}],"replies":[{"embeddable":true,"href":"https:\/\/chilimag.hu\/webshop\/wp-json\/wp\/v2\/comments?post=39325"}],"wp:featuredmedia":[{"embeddable":true,"href":"https:\/\/chilimag.hu\/webshop\/wp-json\/wp\/v2\/media\/39326"}],"wp:attachment":[{"href":"https:\/\/chilimag.hu\/webshop\/wp-json\/wp\/v2\/media?parent=39325"}],"wp:term":[{"taxonomy":"product_brand","embeddable":true,"href":"https:\/\/chilimag.hu\/webshop\/wp-json\/wp\/v2\/product_brand?post=39325"},{"taxonomy":"product_cat","embeddable":true,"href":"https:\/\/chilimag.hu\/webshop\/wp-json\/wp\/v2\/product_cat?post=39325"},{"taxonomy":"product_tag","embeddable":true,"href":"https:\/\/chilimag.hu\/webshop\/wp-json\/wp\/v2\/product_tag?post=39325"}],"curies":[{"name":"wp","href":"https:\/\/api.w.org\/{rel}","templated":true}]}}