{"id":39323,"date":"2026-01-26T18:56:31","date_gmt":"2026-01-26T18:56:31","guid":{"rendered":"https:\/\/chilimag.hu\/webshop\/?post_type=product&#038;p=39323"},"modified":"2026-03-18T07:04:26","modified_gmt":"2026-03-18T07:04:26","slug":"kis-verfu-b-s","status":"publish","type":"product","link":"https:\/\/chilimag.hu\/webshop\/termek\/kis-verfu-b-s\/","title":{"rendered":"Kis v\u00e9rf\u0171 B-S"},"content":{"rendered":"","protected":false},"excerpt":{"rendered":"<p><img decoding=\"async\" src=\"https:\/\/chilimag.hu\/webshop\/wp-content\/uploads\/2022\/10\/bobby-seeds-test-logo-150x150.png\" \/><\/p>\n<p>Le\u00edr\u00e1s<\/p>\n<p>Botanikai n\u00e9v: Sanguisorba minor<\/p>\n<p>A sal\u00e1taburnett uborkaszer\u0171, enyhe \u00edz\u0171, \u00e9s elengedhetetlen \u00f6sszetev\u0151je a h\u00edres frankfurti z\u00f6ldm\u00e1rt\u00e1snak. Fogyassza frissen sal\u00e1t\u00e1kban, borokkal \u00e9s ny\u00e1ri italokkal, sz\u00f3szokban, valamint h\u00fas- \u00e9s baromfi\u00e9telek mell\u00e9. Vir\u00e1gz\u00e1s el\u0151tt sz\u00fcretelhet\u0151. \u00c9vel\u0151 n\u00f6v\u00e9ny.<\/p>\n<p>Sanguisorba minor<br \/>\nM\u00e1just\u00f3l okt\u00f3berig folyamatosan sz\u00fcretelhet\u0151.<\/p>\n<p>Adag: kb. 60 n\u00f6v\u00e9nyhez elegend\u0151.<br \/>\nVet\u00e9s k\u00f6zvetlen\u00fcl a szabadba \u00e1prilis v\u00e9g\u00e9t\u0151l j\u00faniusig.<\/p>\n<p>Helyezzen 3-4 magot 15 x 25 cm t\u00e1vols\u00e1gra egym\u00e1st\u00f3l.<\/p>\n<p>A cs\u00edr\u00e1z\u00e1s kb. 14-20 napot vesz ig\u00e9nybe 10-20 \u00b0C-on.<\/p>\n<p>&nbsp;<\/p>\n","protected":false},"featured_media":39324,"comment_status":"closed","ping_status":"closed","template":"","meta":[],"product_brand":[],"product_cat":[330,329],"product_tag":[],"class_list":{"0":"post-39323","1":"product","2":"type-product","3":"status-publish","4":"has-post-thumbnail","6":"product_cat-fuszer-es-gyogynoveny-vetomagok","7":"product_cat-zoldseg-vetomagok-egyeb-es-kulonleges-vetomagok","9":"first","10":"instock","11":"taxable","12":"shipping-taxable","13":"purchasable","14":"product-type-simple"},"_links":{"self":[{"href":"https:\/\/chilimag.hu\/webshop\/wp-json\/wp\/v2\/product\/39323","targetHints":{"allow":["GET"]}}],"collection":[{"href":"https:\/\/chilimag.hu\/webshop\/wp-json\/wp\/v2\/product"}],"about":[{"href":"https:\/\/chilimag.hu\/webshop\/wp-json\/wp\/v2\/types\/product"}],"replies":[{"embeddable":true,"href":"https:\/\/chilimag.hu\/webshop\/wp-json\/wp\/v2\/comments?post=39323"}],"wp:featuredmedia":[{"embeddable":true,"href":"https:\/\/chilimag.hu\/webshop\/wp-json\/wp\/v2\/media\/39324"}],"wp:attachment":[{"href":"https:\/\/chilimag.hu\/webshop\/wp-json\/wp\/v2\/media?parent=39323"}],"wp:term":[{"taxonomy":"product_brand","embeddable":true,"href":"https:\/\/chilimag.hu\/webshop\/wp-json\/wp\/v2\/product_brand?post=39323"},{"taxonomy":"product_cat","embeddable":true,"href":"https:\/\/chilimag.hu\/webshop\/wp-json\/wp\/v2\/product_cat?post=39323"},{"taxonomy":"product_tag","embeddable":true,"href":"https:\/\/chilimag.hu\/webshop\/wp-json\/wp\/v2\/product_tag?post=39323"}],"curies":[{"name":"wp","href":"https:\/\/api.w.org\/{rel}","templated":true}]}}