{"id":39321,"date":"2026-01-26T18:48:15","date_gmt":"2026-01-26T18:48:15","guid":{"rendered":"https:\/\/chilimag.hu\/webshop\/?post_type=product&#038;p=39321"},"modified":"2026-04-26T21:16:29","modified_gmt":"2026-04-26T21:16:29","slug":"uborka-white-wonder-b-s","status":"publish","type":"product","link":"https:\/\/chilimag.hu\/webshop\/termek\/uborka-white-wonder-b-s\/","title":{"rendered":"Uborka White Wonder B-S"},"content":{"rendered":"","protected":false},"excerpt":{"rendered":"<p><img decoding=\"async\" src=\"https:\/\/chilimag.hu\/webshop\/wp-content\/uploads\/2022\/10\/bobby-seeds-test-logo-150x150.png\" \/><\/p>\n<p>Le\u00edr\u00e1s<\/p>\n<p>Egy robusztus, kiv\u00e9teles feh\u00e9r sz\u00edn\u0171 \u00f6r\u00f6ks\u00e9gfajta<\/p>\n<p>Egy robusztus, ny\u00edlt beporz\u00e1s\u00fa \u00f6r\u00f6ks\u00e9gfajta, amelynek t\u00f6rt\u00e9nete 1893-ig ny\u00falik vissza. A kezdetben vil\u00e1gosz\u00f6ld gy\u00fcm\u00f6lcs\u00f6k meglehet\u0151sen kor\u00e1n \u00e9rnek, \u00e9s az id\u0151 m\u00fal\u00e1s\u00e1val feh\u00e9rebbek lesznek. A gy\u00fcm\u00f6lcs\u00f6k rendk\u00edv\u00fcl j\u00f3 \u00edz\u0171ek. Ez a fajta gyakorlatilag b\u00e1rmilyen fejl\u0151d\u00e9si szakaszban haszn\u00e1lhat\u00f3, a kis savany\u00fas\u00e1gubork\u00e1t\u00f3l a k\u00f6r\u00fclbel\u00fcl 25 cm hossz\u00fa sal\u00e1taubork\u00e1ig. A fiatal gy\u00fcm\u00f6lcs\u00f6k azonban \u00e9rz\u00e9kenyebbek, ez\u00e9rt a legjobb, ha nem hagyjuk \u0151ket t\u00fal nagyra n\u0151ni.<\/p>\n<p>Cucumis sativus<br \/>\nFolyamatosan sz\u00fcretelj\u00fck j\u00faniust\u00f3l okt\u00f3berig.<\/p>\n<p>Egy adag k\u00f6r\u00fclbel\u00fcl 30 n\u00f6v\u00e9nyhez elegend\u0151.<br \/>\nVets\u00fck \u00fcvegh\u00e1zba m\u00e1rciust\u00f3l m\u00e1jusig 22-25\u00b0C-on.<\/p>\n<p>K\u00f6zvetlen szabadf\u00f6ldi vet\u00e9s m\u00e1just\u00f3l lehets\u00e9ges.<\/p>\n<p>\u00dcltet\u00e9si\/vet\u00e9si t\u00e1vols\u00e1g: k\u00f6r\u00fclbel\u00fcl 150 x 30 cm<\/p>\n<p>&nbsp;<\/p>\n","protected":false},"featured_media":39322,"comment_status":"closed","ping_status":"closed","template":"","meta":[],"product_brand":[],"product_cat":[346],"product_tag":[],"class_list":{"0":"post-39321","1":"product","2":"type-product","3":"status-publish","4":"has-post-thumbnail","6":"product_cat-cukkini-patiszon-uborka","8":"first","9":"instock","10":"taxable","11":"shipping-taxable","12":"purchasable","13":"product-type-simple"},"_links":{"self":[{"href":"https:\/\/chilimag.hu\/webshop\/wp-json\/wp\/v2\/product\/39321","targetHints":{"allow":["GET"]}}],"collection":[{"href":"https:\/\/chilimag.hu\/webshop\/wp-json\/wp\/v2\/product"}],"about":[{"href":"https:\/\/chilimag.hu\/webshop\/wp-json\/wp\/v2\/types\/product"}],"replies":[{"embeddable":true,"href":"https:\/\/chilimag.hu\/webshop\/wp-json\/wp\/v2\/comments?post=39321"}],"wp:featuredmedia":[{"embeddable":true,"href":"https:\/\/chilimag.hu\/webshop\/wp-json\/wp\/v2\/media\/39322"}],"wp:attachment":[{"href":"https:\/\/chilimag.hu\/webshop\/wp-json\/wp\/v2\/media?parent=39321"}],"wp:term":[{"taxonomy":"product_brand","embeddable":true,"href":"https:\/\/chilimag.hu\/webshop\/wp-json\/wp\/v2\/product_brand?post=39321"},{"taxonomy":"product_cat","embeddable":true,"href":"https:\/\/chilimag.hu\/webshop\/wp-json\/wp\/v2\/product_cat?post=39321"},{"taxonomy":"product_tag","embeddable":true,"href":"https:\/\/chilimag.hu\/webshop\/wp-json\/wp\/v2\/product_tag?post=39321"}],"curies":[{"name":"wp","href":"https:\/\/api.w.org\/{rel}","templated":true}]}}