{"id":39315,"date":"2026-01-26T18:36:24","date_gmt":"2026-01-26T18:36:24","guid":{"rendered":"https:\/\/chilimag.hu\/webshop\/?post_type=product&#038;p=39315"},"modified":"2026-04-15T07:07:45","modified_gmt":"2026-04-15T07:07:45","slug":"padlizsan-violet-knight-f1-b-s","status":"publish","type":"product","link":"https:\/\/chilimag.hu\/webshop\/termek\/padlizsan-violet-knight-f1-b-s\/","title":{"rendered":"Padlizs\u00e1n Violet Knight F1 B-S"},"content":{"rendered":"","protected":false},"excerpt":{"rendered":"<p><img decoding=\"async\" src=\"https:\/\/chilimag.hu\/webshop\/wp-content\/uploads\/2022\/10\/bobby-seeds-test-logo-150x150.png\" \/><\/p>\n<p>Le\u00edr\u00e1s<\/p>\n<p>Botanikai n\u00e9v: Solanum melongena<\/p>\n<p>Hossz\u00fa, lila, \u00edzletes padlizs\u00e1n<\/p>\n<p>A Violet Knight F1 egy \u00faj, hossz\u00fak\u00e1s padlizs\u00e1nfajta amerikai nemes\u00edt\u00e9sb\u0151l. A k\u00f6r\u00fclbel\u00fcl 17 cm hossz\u00fa gy\u00fcm\u00f6lcs\u00f6k gazdag lil\u00e1s-ibolya sz\u00ednben ragyognak. A gy\u00fcm\u00f6lcs\u00f6k nagyon \u00edzletesek. A n\u00f6v\u00e9nyek er\u0151teljesek \u00e9s eg\u00e9szs\u00e9gesek, ak\u00e1r 1,5 m magasra is megn\u0151hetnek. Termeszt\u00e9se kell\u0151en nagy kont\u00e9nerekben is lehets\u00e9ges, de figyelni kell a t\u00e1panyag- \u00e9s v\u00edzell\u00e1t\u00e1sra. Gy\u00f6ny\u00f6r\u0171 p\u00e1rja a White Knight F1 fajt\u00e1nak.<\/p>\n<p>A termeszt\u00e9s kell\u0151en nagy kont\u00e9nerekben is lehets\u00e9ges, de figyelni kell a t\u00e1panyag- \u00e9s v\u00edzell\u00e1t\u00e1sra. A padlizs\u00e1nok \u00fcvegh\u00e1zban fejl\u0151dnek a legjobban, de v\u00e9dett, napos helyen is termeszthet\u0151k szabadban.<\/p>\n<p>A Solanum melongana &#8216;Purple Knight&#8217; F1 j\u00falius k\u00f6zep\u00e9t\u0151l szeptember v\u00e9g\u00e9ig sz\u00fcretelhet\u0151.<\/p>\n<p>A sz\u00fcks\u00e9ges \u00fcltet\u00e9si t\u00e1vols\u00e1g k\u00f6r\u00fclbel\u00fcl 40 x 60 cm.<\/p>\n<p>Egy adag k\u00f6r\u00fclbel\u00fcl 10-12 n\u00f6v\u00e9nyhez elegend\u0151.<\/p>\n<p>Vess\u00fck 20-22\u00b0C-on febru\u00e1r v\u00e9g\u00e9t\u0151l \u00e1prilis k\u00f6zep\u00e9ig, majd nevelj\u00fck cser\u00e9pben a ki\u00fcltet\u00e9sig m\u00e1jus elej\u00e9t\u0151l.<\/p>\n<p>&nbsp;<\/p>\n","protected":false},"featured_media":39316,"comment_status":"closed","ping_status":"closed","template":"","meta":[],"product_brand":[],"product_cat":[329],"product_tag":[],"class_list":{"0":"post-39315","1":"product","2":"type-product","3":"status-publish","4":"has-post-thumbnail","6":"product_cat-zoldseg-vetomagok-egyeb-es-kulonleges-vetomagok","8":"first","9":"instock","10":"taxable","11":"shipping-taxable","12":"purchasable","13":"product-type-simple"},"_links":{"self":[{"href":"https:\/\/chilimag.hu\/webshop\/wp-json\/wp\/v2\/product\/39315","targetHints":{"allow":["GET"]}}],"collection":[{"href":"https:\/\/chilimag.hu\/webshop\/wp-json\/wp\/v2\/product"}],"about":[{"href":"https:\/\/chilimag.hu\/webshop\/wp-json\/wp\/v2\/types\/product"}],"replies":[{"embeddable":true,"href":"https:\/\/chilimag.hu\/webshop\/wp-json\/wp\/v2\/comments?post=39315"}],"wp:featuredmedia":[{"embeddable":true,"href":"https:\/\/chilimag.hu\/webshop\/wp-json\/wp\/v2\/media\/39316"}],"wp:attachment":[{"href":"https:\/\/chilimag.hu\/webshop\/wp-json\/wp\/v2\/media?parent=39315"}],"wp:term":[{"taxonomy":"product_brand","embeddable":true,"href":"https:\/\/chilimag.hu\/webshop\/wp-json\/wp\/v2\/product_brand?post=39315"},{"taxonomy":"product_cat","embeddable":true,"href":"https:\/\/chilimag.hu\/webshop\/wp-json\/wp\/v2\/product_cat?post=39315"},{"taxonomy":"product_tag","embeddable":true,"href":"https:\/\/chilimag.hu\/webshop\/wp-json\/wp\/v2\/product_tag?post=39315"}],"curies":[{"name":"wp","href":"https:\/\/api.w.org\/{rel}","templated":true}]}}