{"id":39230,"date":"2026-01-23T09:25:03","date_gmt":"2026-01-23T09:25:03","guid":{"rendered":"https:\/\/chilimag.hu\/webshop\/?post_type=product&#038;p=39230"},"modified":"2026-04-05T17:03:55","modified_gmt":"2026-04-05T17:03:55","slug":"csikofark-sch","status":"publish","type":"product","link":"https:\/\/chilimag.hu\/webshop\/termek\/csikofark-sch\/","title":{"rendered":"Csik\u00f3fark SCh"},"content":{"rendered":"","protected":false},"excerpt":{"rendered":"<p><strong>Term\u00e9kle\u00edr\u00e1s<\/strong><\/p>\n<p>Botanikai n\u00e9v:Ephedraceae syn e-viridis<\/p>\n<p><b>Gy\u00f3gyhat\u00e1sa:<\/b> Pang\u00e1scs\u00f6kkent\u0151, fogy\u00e1s, doh\u00e1nyz\u00e1sr\u00f3l val\u00f3 leszok\u00e1s, n\u0151gy\u00f3gy\u00e1szati probl\u00e9m\u00e1k. Te\u00e1z\u00e1sra nem haszn\u00e1lhat\u00f3, mert er\u0151s hat\u00e1s\u00fa anyagokat (efedrin \u00e9s pszeudoefedrin alkaloid\u00e1kat) tartalmaz.<\/p>\n<p><strong class=\"Yjhzub\" data-complete=\"true\" data-processed=\"true\">Az Ephedra viridis<\/strong> (m\u00e1s n\u00e9ven z\u00f6ld csik\u00f3fark vagy Mormon-tea) termeszt\u00e9se viszonylag egyszer\u0171, mivel a n\u00f6v\u00e9ny kiv\u00e1l\u00f3an alkalmazkodott a sz\u00e1raz, sivatagi k\u00f6r\u00fclm\u00e9nyekhez. Magyarorsz\u00e1gon legk\u00f6zelebbi rokona a v\u00e9dett k\u00f6z\u00f6ns\u00e9ges csik\u00f3fark (<em class=\"eujQNb\" data-complete=\"true\" data-processed=\"true\">Ephedra distachya<\/em>), de az <em class=\"eujQNb\" data-complete=\"true\" data-processed=\"true\">E. viridis<\/em> amerikai sz\u00e1rmaz\u00e1s\u00fa faj<\/p>\n<div class=\"otQkpb\" role=\"heading\" aria-level=\"3\" data-animation-nesting=\"\" data-sfc-cp=\"\" data-complete=\"true\" data-processed=\"true\" data-sae=\"\">Termeszt\u00e9si felt\u00e9telek<\/div>\n<ul class=\"KsbFXc U6u95\" data-complete=\"true\" data-processed=\"true\">\n<li data-hveid=\"CAQQAA\" data-complete=\"true\" data-sae=\"\"><span class=\"T286Pc\" data-sfc-cp=\"\" data-complete=\"true\"><strong class=\"Yjhzub\" data-complete=\"true\">F\u00e9nyig\u00e9ny:<\/strong> Kimondottan <strong class=\"Yjhzub\" data-complete=\"true\">f\u00e9nyig\u00e9nyes<\/strong>; naponta legal\u00e1bb 6-8 \u00f3ra k\u00f6zvetlen naps\u00fct\u00e9sre van sz\u00fcks\u00e9ge a megfelel\u0151 fejl\u0151d\u00e9shez.<\/span><\/li>\n<li data-hveid=\"CAQQAQ\" data-complete=\"true\" data-sae=\"\"><span class=\"T286Pc\" data-sfc-cp=\"\" data-complete=\"true\"><strong class=\"Yjhzub\" data-complete=\"true\">Talaj:<\/strong> A legfontosabb a <strong class=\"Yjhzub\" data-complete=\"true\">kiv\u00e1l\u00f3 v\u00edzelvezet\u00e9s<\/strong>. A homokos, k\u00f6ves vagy szikl\u00e1s, t\u00e1panyagban szeg\u00e9ny talajokat kedveli. A pang\u00f3 vizet nem toler\u00e1lja, a gy\u00f6kerek ilyenkor k\u00f6nnyen elrothadnak.<\/span><\/li>\n<li data-hveid=\"CAQQAg\" data-complete=\"true\" data-sae=\"\"><span class=\"T286Pc\" data-sfc-cp=\"\" data-complete=\"true\"><strong class=\"Yjhzub\" data-complete=\"true\">\u00d6nt\u00f6z\u00e9s:<\/strong> Rendk\u00edv\u00fcl <strong class=\"Yjhzub\" data-complete=\"true\">sz\u00e1razs\u00e1gt\u0171r\u0151<\/strong>. Csak a fiatal n\u00f6v\u00e9nyeket kell rendszeresen \u00f6nt\u00f6zni a begy\u00f6keresed\u00e9sig; a kifejlett p\u00e9ld\u00e1nyoknak csak ritk\u00e1n, hossz\u00fa asz\u00e1ly idej\u00e9n van sz\u00fcks\u00e9g\u00fck v\u00edzre.<\/span><\/li>\n<li data-hveid=\"CAQQAw\" data-complete=\"true\" data-sae=\"\"><span class=\"T286Pc\" data-sfc-cp=\"\" data-complete=\"true\"><strong class=\"Yjhzub\" data-complete=\"true\">H\u0151m\u00e9rs\u00e9klet:<\/strong> Fagyt\u0171r\u0151 (kb. -15\u00b0C \u00e9s -20\u00b0C-ig), \u00edgy a magyarorsz\u00e1gi teleket \u00e1ltal\u00e1ban \u00e1tv\u00e9szeli, ha a talaja sz\u00e1raz marad.<\/span><span class=\"uJ19be notranslate\" data-wiz-uids=\"GbSXjb_16\" data-complete=\"true\"><span class=\"vKEkVd\" data-animation-atomic=\"\" data-wiz-attrbind=\"class=GbSXjb_15\/TKHnVd\" data-sae=\"\">\u00a0<\/span><\/span><\/li>\n<\/ul>\n<div class=\"otQkpb\" role=\"heading\" aria-level=\"3\" data-animation-nesting=\"\" data-sfc-cp=\"\" data-processed=\"true\" data-sae=\"\" data-complete=\"true\">Szapor\u00edt\u00e1s \u00e9s vet\u00e9s<\/div>\n<ol class=\"IaGLZe VimKh\" data-complete=\"true\" data-processed=\"true\">\n<li data-hveid=\"CAYQAA\" data-complete=\"true\" data-sae=\"\"><span class=\"T286Pc\" data-sfc-cp=\"\" data-complete=\"true\"><strong class=\"Yjhzub\" data-complete=\"true\">Vet\u00e9s:<\/strong> A magokat \u00e9rdemes tavasszal vagy \u0151sszel, kb. <strong class=\"Yjhzub\" data-complete=\"true\">0,5\u20131 cm m\u00e9lyre<\/strong> vetni homokos \u00fcltet\u0151k\u00f6zegbe.<\/span><\/li>\n<li data-hveid=\"CAYQAQ\" data-complete=\"true\" data-sae=\"\"><span class=\"T286Pc\" data-sfc-cp=\"\" data-complete=\"true\"><strong class=\"Yjhzub\" data-complete=\"true\">Cs\u00edr\u00e1z\u00e1s:<\/strong> A cs\u00edr\u00e1z\u00e1s \u00e1ltal\u00e1ban 2 h\u00e9ten bel\u00fcl megindul, de szab\u00e1lytalan lehet. A magoncok kezdetben f\u0171sz\u00e1lhoz hasonl\u00edtanak.<\/span><\/li>\n<li data-hveid=\"CAYQAg\" data-complete=\"true\" data-sae=\"\"><span class=\"T286Pc\" data-sfc-cp=\"\" data-complete=\"true\"><strong class=\"Yjhzub\" data-complete=\"true\">R\u00e9tegz\u00e9s:<\/strong> A cs\u00edr\u00e1z\u00e1si ar\u00e1ny jav\u00edthat\u00f3 egy h\u00f3napos hideg r\u00e9tegz\u00e9ssel (stratifik\u00e1ci\u00f3val).<\/span><\/li>\n<li data-hveid=\"CAYQAw\" data-complete=\"true\" data-sae=\"\"><span class=\"T286Pc\" data-sfc-cp=\"\" data-complete=\"true\"><strong class=\"Yjhzub\" data-complete=\"true\">T\u0151oszt\u00e1s:<\/strong> Tavasszal vagy \u0151sszel t\u0151oszt\u00e1ssal is szapor\u00edthat\u00f3.<\/span><span class=\"uJ19be notranslate\" data-wiz-uids=\"GbSXjb_1v\" data-complete=\"true\"><span class=\"vKEkVd\" data-animation-atomic=\"\" data-wiz-attrbind=\"class=GbSXjb_1u\/TKHnVd\" data-sae=\"\">\u00a0<\/span><\/span><\/li>\n<\/ol>\n<ul class=\"KsbFXc U6u95\" data-complete=\"true\" data-processed=\"true\">\n<li data-hveid=\"CAkQAA\" data-complete=\"true\" data-sae=\"\"><span class=\"T286Pc\" data-sfc-cp=\"\" data-complete=\"true\"><strong class=\"Yjhzub\" data-complete=\"true\">N\u00f6veked\u00e9s:<\/strong> Lass\u00fa n\u00f6veked\u00e9s\u0171 cserje, l\u00e9gy t\u00fcrelmes a fejl\u0151d\u00e9s\u00e9vel.<\/span><\/li>\n<li data-hveid=\"CAkQAQ\" data-complete=\"true\" data-sae=\"\"><span class=\"T286Pc\" data-sfc-cp=\"\" data-complete=\"true\"><strong class=\"Yjhzub\" data-complete=\"true\">Ivaross\u00e1g:<\/strong> K\u00e9tlaki n\u00f6v\u00e9ny, teh\u00e1t ha saj\u00e1t magot szeretn\u00e9l termelni, h\u00edm- \u00e9s n\u0151ivar\u00fa p\u00e9ld\u00e1nyra egyar\u00e1nt sz\u00fcks\u00e9ged lesz.<\/span><\/li>\n<li data-hveid=\"CAkQAg\" data-complete=\"true\" data-sae=\"\"><span class=\"T286Pc\" data-sfc-cp=\"\" data-complete=\"true\"><strong class=\"Yjhzub\" data-complete=\"true\">Gondoz\u00e1s:<\/strong> Metsz\u00e9st \u00e1ltal\u00e1ban nem ig\u00e9nyel, k\u00e1rtev\u0151kkel szemben ellen\u00e1ll\u00f3.<\/span><span class=\"uJ19be notranslate\" data-wiz-uids=\"GbSXjb_3e\" data-complete=\"true\"><span class=\"vKEkVd\" data-animation-atomic=\"\" data-wiz-attrbind=\"class=GbSXjb_3d\/TKHnVd\" data-sae=\"\">\u00a0<\/span><\/span><\/li>\n<\/ul>\n<div class=\"Fsg96\" data-sfc-cp=\"\" data-processed=\"true\" data-complete=\"true\">A csomag 5 szem magot tartalmaz<\/div>\n<p>&nbsp;<\/p>\n","protected":false},"featured_media":39232,"comment_status":"closed","ping_status":"closed","template":"","meta":[],"product_brand":[],"product_cat":[330,328],"product_tag":[],"class_list":{"0":"post-39230","1":"product","2":"type-product","3":"status-publish","4":"has-post-thumbnail","6":"product_cat-fuszer-es-gyogynoveny-vetomagok","7":"product_cat-virag-es-disznoveny-vetomagok","9":"first","10":"instock","11":"taxable","12":"shipping-taxable","13":"purchasable","14":"product-type-simple"},"_links":{"self":[{"href":"https:\/\/chilimag.hu\/webshop\/wp-json\/wp\/v2\/product\/39230","targetHints":{"allow":["GET"]}}],"collection":[{"href":"https:\/\/chilimag.hu\/webshop\/wp-json\/wp\/v2\/product"}],"about":[{"href":"https:\/\/chilimag.hu\/webshop\/wp-json\/wp\/v2\/types\/product"}],"replies":[{"embeddable":true,"href":"https:\/\/chilimag.hu\/webshop\/wp-json\/wp\/v2\/comments?post=39230"}],"wp:featuredmedia":[{"embeddable":true,"href":"https:\/\/chilimag.hu\/webshop\/wp-json\/wp\/v2\/media\/39232"}],"wp:attachment":[{"href":"https:\/\/chilimag.hu\/webshop\/wp-json\/wp\/v2\/media?parent=39230"}],"wp:term":[{"taxonomy":"product_brand","embeddable":true,"href":"https:\/\/chilimag.hu\/webshop\/wp-json\/wp\/v2\/product_brand?post=39230"},{"taxonomy":"product_cat","embeddable":true,"href":"https:\/\/chilimag.hu\/webshop\/wp-json\/wp\/v2\/product_cat?post=39230"},{"taxonomy":"product_tag","embeddable":true,"href":"https:\/\/chilimag.hu\/webshop\/wp-json\/wp\/v2\/product_tag?post=39230"}],"curies":[{"name":"wp","href":"https:\/\/api.w.org\/{rel}","templated":true}]}}