{"id":39078,"date":"2026-01-14T19:17:13","date_gmt":"2026-01-14T19:17:13","guid":{"rendered":"https:\/\/chilimag.hu\/webshop\/?post_type=product&#038;p=39078"},"modified":"2026-02-17T18:14:30","modified_gmt":"2026-02-17T18:14:30","slug":"japan-vizitorma-sch","status":"publish","type":"product","link":"https:\/\/chilimag.hu\/webshop\/termek\/japan-vizitorma-sch\/","title":{"rendered":"Jap\u00e1n vizitorma SCh"},"content":{"rendered":"","protected":false},"excerpt":{"rendered":"<p>Le\u00edr\u00e1s<\/p>\n<p>Botanikai n\u00e9v: Wasabi Japonica<\/p>\n<p>Jap\u00e1n vizitorma:Vet\u00e9s el\u0151tt a magokat 3-5 napig v\u00edzbe \u00e1ztatj\u00e1k \u00e9s h\u0171t\u0151szekr\u00e9nybe teszik \u00fagy, hogy ellepje azokat a v\u00edz. Ilyenkor t\u00f6rt\u00e9nhet meg a cs\u00edr\u00e1z\u00e1st serkent\u0151 szerek, p\u00e9ld\u00e1ul gibberellin hozz\u00e1ad\u00e1sa, 50-200 ppm-es koncentr\u00e1ci\u00f3ban. Az \u00edgy kezelt magvak \u00fcvegh\u00e1zi k\u00f6r\u00fclm\u00e9nyek k\u00f6zt nagyobb lev\u00e9lt\u00f6meget hoznak, de a sz\u00e1r nagys\u00e1g\u00e1ra a kezel\u00e9s nincs hat\u00e1ssal. A v\u00edzb\u0151l n\u00e9h\u00e1ny szem magot kiszedve ellen\u0151rizni kell, hogy a cs\u00edr\u00e1z\u00e1s megindult-e. Ezt k\u00f6vet\u0151en \u00fcltet\u0151 t\u00e1lc\u00e1t f\u00f6lddel meg kell t\u00f6lteni, majd er\u0151sen \u00e1tnedves\u00edteni v\u00edzzel. Egy n\u00e9gyzetcentim\u00e9terre 2-4 mag \u00fcltethet\u0151, amit ezt k\u00f6vet\u0151en v\u00edzzel permeteznek meg. A kisz\u00e1rad\u00e1st\u00f3l \u00e9s a f\u00e9nyt\u0151l a magokat nedves \u00fajs\u00e1gpap\u00edr (nem sz\u00f6vetanyag) takar\u00e1ssal lehet megv\u00e9deni. A vet\u00e9st k\u00f6vet\u0151en a sziklevelek a 23-24., az els\u0151 lomblevelek a 35-37. nap k\u00f6rny\u00e9k\u00e9n jelennek meg<\/p>\n<p>A csomag 5 szem magot tartalmaz<\/p>\n<p>&nbsp;<\/p>\n","protected":false},"featured_media":39080,"comment_status":"closed","ping_status":"closed","template":"","meta":[],"product_brand":[],"product_cat":[330,329],"product_tag":[],"class_list":{"0":"post-39078","1":"product","2":"type-product","3":"status-publish","4":"has-post-thumbnail","6":"product_cat-fuszer-es-gyogynoveny-vetomagok","7":"product_cat-zoldseg-vetomagok-egyeb-es-kulonleges-vetomagok","9":"first","10":"outofstock","11":"taxable","12":"shipping-taxable","13":"purchasable","14":"product-type-simple"},"_links":{"self":[{"href":"https:\/\/chilimag.hu\/webshop\/wp-json\/wp\/v2\/product\/39078","targetHints":{"allow":["GET"]}}],"collection":[{"href":"https:\/\/chilimag.hu\/webshop\/wp-json\/wp\/v2\/product"}],"about":[{"href":"https:\/\/chilimag.hu\/webshop\/wp-json\/wp\/v2\/types\/product"}],"replies":[{"embeddable":true,"href":"https:\/\/chilimag.hu\/webshop\/wp-json\/wp\/v2\/comments?post=39078"}],"wp:featuredmedia":[{"embeddable":true,"href":"https:\/\/chilimag.hu\/webshop\/wp-json\/wp\/v2\/media\/39080"}],"wp:attachment":[{"href":"https:\/\/chilimag.hu\/webshop\/wp-json\/wp\/v2\/media?parent=39078"}],"wp:term":[{"taxonomy":"product_brand","embeddable":true,"href":"https:\/\/chilimag.hu\/webshop\/wp-json\/wp\/v2\/product_brand?post=39078"},{"taxonomy":"product_cat","embeddable":true,"href":"https:\/\/chilimag.hu\/webshop\/wp-json\/wp\/v2\/product_cat?post=39078"},{"taxonomy":"product_tag","embeddable":true,"href":"https:\/\/chilimag.hu\/webshop\/wp-json\/wp\/v2\/product_tag?post=39078"}],"curies":[{"name":"wp","href":"https:\/\/api.w.org\/{rel}","templated":true}]}}