{"id":39062,"date":"2026-01-14T15:36:10","date_gmt":"2026-01-14T15:36:10","guid":{"rendered":"https:\/\/chilimag.hu\/webshop\/?post_type=product&#038;p=39062"},"modified":"2026-03-09T20:26:13","modified_gmt":"2026-03-09T20:26:13","slug":"eukaliptusz-pauciflora-sch","status":"publish","type":"product","link":"https:\/\/chilimag.hu\/webshop\/termek\/eukaliptusz-pauciflora-sch\/","title":{"rendered":"Eukaliptusz pauciflora SCh"},"content":{"rendered":"","protected":false},"excerpt":{"rendered":"<p>Le\u00edr\u00e1s<\/p>\n<p>Botanikai n\u00e9v: Eukalyptus pauciflora -T\u00e9l\u00e1l\u00f3 havasi eukaliptusz<\/p>\n<p>Az Eucalyptus deglupta, m\u00e1s n\u00e9ven sziv\u00e1rv\u00e1nyfa a soksz\u00edn\u0171 k\u00e9rge miatt, egy eukaliptuszfafaj. Ez az eukaliptuszfajok egyike, amely Ausztr\u00e1li\u00e1n k\u00edv\u00fcl tal\u00e1lhat\u00f3, \u00e9s az egyetlen, amely term\u00e9szetes m\u00f3don fordul el\u0151 az Egyenl\u00edt\u0151t\u0151l \u00e9szakra. Az Eucalyptus deglupta a leggyorsabban n\u00f6vekv\u0151 fafajok k\u00f6z\u00e9 tartozik.<\/p>\n<p>A csomag kb 10 szem magot tartalmaz<\/p>\n<p>&nbsp;<\/p>\n","protected":false},"featured_media":39063,"comment_status":"closed","ping_status":"closed","template":"","meta":[],"product_brand":[],"product_cat":[328,330],"product_tag":[],"class_list":{"0":"post-39062","1":"product","2":"type-product","3":"status-publish","4":"has-post-thumbnail","6":"product_cat-virag-es-disznoveny-vetomagok","7":"product_cat-fuszer-es-gyogynoveny-vetomagok","9":"first","10":"outofstock","11":"taxable","12":"shipping-taxable","13":"purchasable","14":"product-type-simple"},"_links":{"self":[{"href":"https:\/\/chilimag.hu\/webshop\/wp-json\/wp\/v2\/product\/39062","targetHints":{"allow":["GET"]}}],"collection":[{"href":"https:\/\/chilimag.hu\/webshop\/wp-json\/wp\/v2\/product"}],"about":[{"href":"https:\/\/chilimag.hu\/webshop\/wp-json\/wp\/v2\/types\/product"}],"replies":[{"embeddable":true,"href":"https:\/\/chilimag.hu\/webshop\/wp-json\/wp\/v2\/comments?post=39062"}],"wp:featuredmedia":[{"embeddable":true,"href":"https:\/\/chilimag.hu\/webshop\/wp-json\/wp\/v2\/media\/39063"}],"wp:attachment":[{"href":"https:\/\/chilimag.hu\/webshop\/wp-json\/wp\/v2\/media?parent=39062"}],"wp:term":[{"taxonomy":"product_brand","embeddable":true,"href":"https:\/\/chilimag.hu\/webshop\/wp-json\/wp\/v2\/product_brand?post=39062"},{"taxonomy":"product_cat","embeddable":true,"href":"https:\/\/chilimag.hu\/webshop\/wp-json\/wp\/v2\/product_cat?post=39062"},{"taxonomy":"product_tag","embeddable":true,"href":"https:\/\/chilimag.hu\/webshop\/wp-json\/wp\/v2\/product_tag?post=39062"}],"curies":[{"name":"wp","href":"https:\/\/api.w.org\/{rel}","templated":true}]}}