{"id":39052,"date":"2026-01-14T14:37:45","date_gmt":"2026-01-14T14:37:45","guid":{"rendered":"https:\/\/chilimag.hu\/webshop\/?post_type=product&#038;p=39052"},"modified":"2026-01-14T14:55:04","modified_gmt":"2026-01-14T14:55:04","slug":"rozsdaszinu-rozsa","status":"publish","type":"product","link":"https:\/\/chilimag.hu\/webshop\/termek\/rozsdaszinu-rozsa\/","title":{"rendered":"Rozsdasz\u00edn\u0171 r\u00f3zsa SCh"},"content":{"rendered":"","protected":false},"excerpt":{"rendered":"<p>Le\u00edr\u00e1s<\/p>\n<p>Botanikai n\u00e9v: Rosa rubiginos<\/p>\n<p>A Rosa rubiginosa egy er\u0151teljes vadr\u00f3zsa, amely t\u00f6k\u00e9letes k\u00fclt\u00e9ri termeszt\u00e9sre, ny\u00e1ron gy\u00f6ny\u00f6r\u0171 r\u00f3zsasz\u00edn vir\u00e1gokat hoz.<br \/>\nN\u00d6VEKED\u00c9SI JELLEMZ\u0150K: Ak\u00e1r 2-3 m\u00e9ter magasra is n\u0151, r\u00e9szleges naps\u00fct\u00e9sben is j\u00f3l \u00e9rzi mag\u00e1t, \u00e9s a cs\u00edr\u00e1z\u00e1shoz k\u00f6r\u00fclbel\u00fcl 2 h\u00e9t sz\u00fcks\u00e9ges.<br \/>\nkiv\u00e1l\u00f3 min\u0151s\u00e9g\u0171 \u00e9des r\u00f3zs\u00e1sr\u00f3zsa (Rosa rubiginosa) magot tartalmaz, amelyek magas cs\u00edr\u00e1z\u00e1si ar\u00e1nnyal rendelkeznek a sikeres termeszt\u00e9s \u00e9rdek\u00e9ben.<br \/>\n\u00dcLTET\u00c9SI ID\u0150: Ide\u00e1lis t\u00e9li vet\u00e9s az optim\u00e1lis n\u00f6veked\u00e9si felt\u00e9telek biztos\u00edt\u00e1sa \u00e9rdek\u00e9ben.<\/p>\n<p>A csomag 10 szem magot tartalmaz<\/p>\n<p>&nbsp;<\/p>\n","protected":false},"featured_media":39053,"comment_status":"closed","ping_status":"closed","template":"","meta":[],"product_brand":[],"product_cat":[328],"product_tag":[],"class_list":{"0":"post-39052","1":"product","2":"type-product","3":"status-publish","4":"has-post-thumbnail","6":"product_cat-virag-es-disznoveny-vetomagok","8":"first","9":"instock","10":"taxable","11":"shipping-taxable","12":"purchasable","13":"product-type-simple"},"_links":{"self":[{"href":"https:\/\/chilimag.hu\/webshop\/wp-json\/wp\/v2\/product\/39052","targetHints":{"allow":["GET"]}}],"collection":[{"href":"https:\/\/chilimag.hu\/webshop\/wp-json\/wp\/v2\/product"}],"about":[{"href":"https:\/\/chilimag.hu\/webshop\/wp-json\/wp\/v2\/types\/product"}],"replies":[{"embeddable":true,"href":"https:\/\/chilimag.hu\/webshop\/wp-json\/wp\/v2\/comments?post=39052"}],"wp:featuredmedia":[{"embeddable":true,"href":"https:\/\/chilimag.hu\/webshop\/wp-json\/wp\/v2\/media\/39053"}],"wp:attachment":[{"href":"https:\/\/chilimag.hu\/webshop\/wp-json\/wp\/v2\/media?parent=39052"}],"wp:term":[{"taxonomy":"product_brand","embeddable":true,"href":"https:\/\/chilimag.hu\/webshop\/wp-json\/wp\/v2\/product_brand?post=39052"},{"taxonomy":"product_cat","embeddable":true,"href":"https:\/\/chilimag.hu\/webshop\/wp-json\/wp\/v2\/product_cat?post=39052"},{"taxonomy":"product_tag","embeddable":true,"href":"https:\/\/chilimag.hu\/webshop\/wp-json\/wp\/v2\/product_tag?post=39052"}],"curies":[{"name":"wp","href":"https:\/\/api.w.org\/{rel}","templated":true}]}}