{"id":39049,"date":"2026-01-14T14:23:27","date_gmt":"2026-01-14T14:23:27","guid":{"rendered":"https:\/\/chilimag.hu\/webshop\/?post_type=product&#038;p=39049"},"modified":"2026-03-26T07:43:15","modified_gmt":"2026-03-26T07:43:15","slug":"ginkgo-biloba-pafranyfenyo","status":"publish","type":"product","link":"https:\/\/chilimag.hu\/webshop\/termek\/ginkgo-biloba-pafranyfenyo\/","title":{"rendered":"Ginkgo biloba  P\u00e1fr\u00e1nyfeny\u0151 SCh"},"content":{"rendered":"<p>710<\/p>\n","protected":false},"excerpt":{"rendered":"<h5>Le\u00edr\u00e1s<\/h5>\n<p>Botanikai n\u00e9v: Ginkgo biloba<\/p>\n<p>A betegs\u00e9geknek k\u00e1rtev\u0151knek ellen\u00e1ll\u00f3 fajta, a szelet a fagyokat j\u00f3l t\u0171ri.<\/p>\n<p>Tavaszt\u00f3l \u0151szig szedhet\u0151 levelei gy\u00f3gy\u00e1szati c\u00e9lokra hasznos\u00edtj\u00e1k.<\/p>\n<p>A friss levelekb\u0151l k\u00e9sz\u00fclt kivonat \u00e9rt\u00e1g\u00edt\u00f3 hat\u00e1s\u00fa.<\/p>\n<p>A ginkgo (Ginkgo biloba) egy \u201e\u00e9l\u0151 fossz\u00edlia\u201d, egy \u0151si, egyed\u00fcl\u00e1ll\u00f3 fafaj, legyez\u0151 alak\u00fa levelekkel, amelyek \u0151sszel \u00e9l\u00e9nk aranys\u00e1rg\u00e1ra sz\u00ednez\u0151dnek, \u00e9s kellemetlen szag\u00fa term\u00e9ssel. Rendk\u00edv\u00fcl ellen\u00e1ll\u00f3 a l\u00e9gszennyez\u00e9ssel \u00e9s a betegs\u00e9gekkel szemben, \u00e9s vil\u00e1gszerte \u00fcltetik d\u00edsz- \u00e9s utcai fak\u00e9nt.<\/p>\n<p>\u00c9letforma: Lombhullat\u00f3 fa, amely ak\u00e1r 30 m\u00e9ter magasra is n\u0151het, \u00e9s t\u00f6bb mint 1000 \u00e9vig \u00e9l.<\/p>\n<p>Levelek: Jellemz\u0151ek a hossz\u00fa nyel\u0171, k\u00e9tlebeny\u0171 levelek, amelyek legyez\u0151 alak\u00faak, \u00e9s \u0151sszel s\u00e1rgulnak.<\/p>\n<p>Szil\u00e1rd ellen\u00e1ll\u00f3 k\u00e9pess\u00e9g: \u201eT\u00fal\u00e9l\u0151m\u0171v\u00e9sznek\u201d tartj\u00e1k, ellen\u00e1ll a k\u00f6rnyezeti m\u00e9reganyagoknak, k\u00e1rtev\u0151knek \u00e9s sz\u00e9ls\u0151s\u00e9ges k\u00f6r\u00fclm\u00e9nyeknek, \u00e9s t\u00fal\u00e9lte a hirosimai atombomb\u00e1z\u00e1st.<\/p>\n<p>Gy\u00fcm\u00f6lcs: A term\u00e9s (n\u0151i f\u00e1k) kellemetlen szag\u00fa, de ehet\u0151, \u00e9s Kelet-\u00c1zsi\u00e1ban fogyasztj\u00e1k (s\u00fctik).<\/p>\n<p>A csomag 5 szem magot tartalmaz.<\/p>\n<p>&nbsp;<\/p>\n","protected":false},"featured_media":39050,"comment_status":"closed","ping_status":"closed","template":"","meta":[],"product_brand":[],"product_cat":[330,328],"product_tag":[],"class_list":{"0":"post-39049","1":"product","2":"type-product","3":"status-publish","4":"has-post-thumbnail","6":"product_cat-fuszer-es-gyogynoveny-vetomagok","7":"product_cat-virag-es-disznoveny-vetomagok","9":"first","10":"instock","11":"taxable","12":"shipping-taxable","13":"purchasable","14":"product-type-simple"},"_links":{"self":[{"href":"https:\/\/chilimag.hu\/webshop\/wp-json\/wp\/v2\/product\/39049","targetHints":{"allow":["GET"]}}],"collection":[{"href":"https:\/\/chilimag.hu\/webshop\/wp-json\/wp\/v2\/product"}],"about":[{"href":"https:\/\/chilimag.hu\/webshop\/wp-json\/wp\/v2\/types\/product"}],"replies":[{"embeddable":true,"href":"https:\/\/chilimag.hu\/webshop\/wp-json\/wp\/v2\/comments?post=39049"}],"wp:featuredmedia":[{"embeddable":true,"href":"https:\/\/chilimag.hu\/webshop\/wp-json\/wp\/v2\/media\/39050"}],"wp:attachment":[{"href":"https:\/\/chilimag.hu\/webshop\/wp-json\/wp\/v2\/media?parent=39049"}],"wp:term":[{"taxonomy":"product_brand","embeddable":true,"href":"https:\/\/chilimag.hu\/webshop\/wp-json\/wp\/v2\/product_brand?post=39049"},{"taxonomy":"product_cat","embeddable":true,"href":"https:\/\/chilimag.hu\/webshop\/wp-json\/wp\/v2\/product_cat?post=39049"},{"taxonomy":"product_tag","embeddable":true,"href":"https:\/\/chilimag.hu\/webshop\/wp-json\/wp\/v2\/product_tag?post=39049"}],"curies":[{"name":"wp","href":"https:\/\/api.w.org\/{rel}","templated":true}]}}